{"id":9784,"date":"2024-12-16T15:48:48","date_gmt":"2024-12-16T14:48:48","guid":{"rendered":"https:\/\/www.village-nature-zen.com\/accommodatie\/insolites-cocoon\/"},"modified":"2025-11-14T10:31:52","modified_gmt":"2025-11-14T09:31:52","slug":"ongewone-cocoon","status":"publish","type":"page","link":"https:\/\/www.village-nature-zen.com\/nl\/accommodatie\/ongewone-cocoon\/","title":{"rendered":"Ongewone Cocoon"},"content":{"rendered":"<div class=\"fusion-fullwidth fullwidth-box fusion-builder-row-1 nonhundred-percent-fullwidth non-hundred-percent-height-scrolling\" style=\"background-color: rgba(255,255,255,0);background-position: center center;background-repeat: no-repeat;padding-top:0px;padding-right:0px;padding-bottom:0px;padding-left:0px;margin-bottom: 0px;margin-top: 0px;border-width: 0px 0px 0px 0px;border-color:#eae9e9;border-style:solid;\" ><div class=\"fusion-builder-row fusion-row\"><div class=\"fusion-layout-column fusion_builder_column fusion-builder-column-0 fusion_builder_column_1_1 1_1 fusion-one-full fusion-column-first fusion-column-last\" style=\"margin-top:0px;margin-bottom:20px;\"><div class=\"fusion-column-wrapper fusion-flex-column-wrapper-legacy\" style=\"background-position:left top;background-repeat:no-repeat;-webkit-background-size:cover;-moz-background-size:cover;-o-background-size:cover;background-size:cover;padding: 0px 0px 0px 0px;\"><style type=\"text\/css\"><\/style><div class=\"fusion-title title fusion-title-1 fusion-sep-none fusion-title-center fusion-title-text fusion-title-size-two\" style=\"margin-top:0px;margin-right:0px;margin-bottom:31px;margin-left:0px;\"><h2 class=\"title-heading-center\" style=\"margin:0;\">Onze Cocoon-yurts wachten op u voor een glamping-verblijf vol zoetigheid<span class=\"stitle\">2 soorten yurts zonder badkamer (1-2 slaapkamers voor 2 tot 4 personen)<\/span><\/h2><\/div><div class=\"fusion-text fusion-text-1\"><p style=\"text-align: center;\">Logeren in een Cocoon yurt betekent kiezen voor de <strong>warmte<\/strong> van hout, de <strong>energie<\/strong> van licht en de <strong>charme<\/strong> van de ronding van ruimtes.<br \/>\n<strong>Comfort<\/strong> en <strong>verandering van omgeving<\/strong> gegarandeerd!<br \/>\nOf u nu met z&#8217;n twee\u00ebn of met het hele gezin bent, u vindt bij ons de yurt voor uw vakantie, met uitzicht op de rivier of het buitenleven!<br \/>\nEen onderdompeling in de natuur voor een <strong>opgeschort moment<\/strong>.<\/p>\n<\/div><div class=\"fusion-clearfix\"><\/div><\/div><\/div><div class=\"fusion-layout-column fusion_builder_column fusion-builder-column-1 fusion_builder_column_1_4 1_4 fusion-one-fourth fusion-column-first\" style=\"width:25%;width:calc(25% - ( ( 30px + 30px ) * 0.25 ) );margin-right: 30px;margin-top:0px;margin-bottom:20px;\"><div class=\"fusion-column-wrapper fusion-flex-column-wrapper-legacy\" style=\"background-position:left top;background-repeat:no-repeat;-webkit-background-size:cover;-moz-background-size:cover;-o-background-size:cover;background-size:cover;padding: 60px 0px 0px 0px;\"><div class=\"fusion-text fusion-text-2\"><p>The Village Nature Zen \u2013 3-sterrencamping biedt 2 soorten yurts aan, uitgerust zonder sanitaire voorzieningen, voor een ongewoon verblijf midden in de natuur.<\/p>\n<p>Onze yurts kijken uit op de rivier of het Tanargue-massief en zijn allemaal uitgerust met een groot terras, een keukenhoek en alles wat u nodig heeft voor een comfortabel verblijf in de buitenlucht (zonder beddengoed).<\/p>\n<\/div><div class=\"fusion-clearfix\"><\/div><\/div><\/div><div class=\"fusion-layout-column fusion_builder_column fusion-builder-column-2 fusion_builder_column_1_4 1_4 fusion-one-fourth bloc-menu-page-parent galerie\" style=\"width:25%;width:calc(25% - ( ( 30px + 30px ) * 0.25 ) );margin-right: 30px;margin-top:0px;margin-bottom:20px;\"><div class=\"fusion-column-wrapper fusion-flex-column-wrapper-legacy\" style=\"background-position:left top;background-repeat:no-repeat;-webkit-background-size:cover;-moz-background-size:cover;-o-background-size:cover;background-size:cover;padding: 0px 0px 0px 0px;\"><style type=\"text\/css\"><\/style><div class=\"fusion-title title fusion-title-2 fusion-sep-none fusion-title-center fusion-title-text fusion-title-size-three\" style=\"margin-top:0px;margin-right:0px;margin-bottom:31px;margin-left:0px;\"><h3 class=\"title-heading-center\" style=\"margin:0;\">De Cocoon Duo Yurts<\/h3><\/div><div class=\"fusion-text fusion-text-3\"><p style=\"text-align: center;\"><strong>1 kamer &#8211; 2 personen &#8211; 17 m\u00b2<\/strong><\/p>\n<\/div><div class=\"fusion-sep-clear\"><\/div><div class=\"fusion-separator fusion-full-width-sep\" style=\"margin-left: auto;margin-right: auto;margin-top:10px;width:100%;\"><\/div><div class=\"fusion-sep-clear\"><\/div><div class=\"imageframe-align-center\"><span class=\" fusion-imageframe imageframe-none imageframe-1 hover-type-none\"><a class=\"fusion-no-lightbox\" href=\"\/nl\/accommodatie\/ongewone-cocoon\/cocoon-duo-yurts\/\" target=\"_self\" aria-label=\"yourte-cocoon-duo-02\"><img decoding=\"async\" width=\"450\" height=\"330\" alt=\"Yourte Cocoon\" src=\"https:\/\/www.village-nature-zen.com\/wp-content\/uploads\/yourte-cocoon-duo-02-450x330.jpg\" class=\"img-responsive wp-image-8304\"\/><\/a><\/span><\/div><div class=\"fusion-aligncenter\"><style>.fusion-button.button-1{border-radius:0px 0px 0px 0px;}<\/style><a class=\"fusion-button button-flat fusion-button-default-size button-default button-1 fusion-button-default-span fusion-button-default-type plusdinfos\" target=\"_self\" href=\"\/nl\/accommodatie\/ongewone-cocoon\/cocoon-duo-yurts\/\"><span class=\"fusion-button-text\">Ik kies mijn yurt<\/span><\/a><\/div><div class=\"fusion-clearfix\"><\/div><\/div><\/div><div class=\"fusion-layout-column fusion_builder_column fusion-builder-column-3 fusion_builder_column_1_4 1_4 fusion-one-fourth fusion-column-last bloc-menu-page-parent galerie\" style=\"width:25%;width:calc(25% - ( ( 30px + 30px ) * 0.25 ) );margin-top:0px;margin-bottom:20px;\"><div class=\"fusion-column-wrapper fusion-flex-column-wrapper-legacy\" style=\"background-position:left top;background-repeat:no-repeat;-webkit-background-size:cover;-moz-background-size:cover;-o-background-size:cover;background-size:cover;padding: 0px 0px 0px 0px;\"><style type=\"text\/css\"><\/style><div class=\"fusion-title title fusion-title-3 fusion-sep-none fusion-title-center fusion-title-text fusion-title-size-three\" style=\"margin-top:0px;margin-right:0px;margin-bottom:31px;margin-left:0px;\"><h3 class=\"title-heading-center\" style=\"margin:0;\">De Harmonie Yurt<\/h3><\/div><div class=\"fusion-text fusion-text-4\"><p style=\"text-align: center;\"><strong>2 kamers &#8211; 4 personen &#8211; 27 m\u00b2<\/strong><\/p>\n<\/div><div class=\"fusion-sep-clear\"><\/div><div class=\"fusion-separator fusion-full-width-sep\" style=\"margin-left: auto;margin-right: auto;margin-top:10px;width:100%;\"><\/div><div class=\"fusion-sep-clear\"><\/div><div class=\"imageframe-align-center\"><span class=\" fusion-imageframe imageframe-none imageframe-2 hover-type-none\"><a class=\"fusion-no-lightbox\" href=\"https:\/\/www.village-nature-zen.com\/nl\/accommodatie\/ongewone-cocoon\/harmonie-yurt\/\" target=\"_self\" aria-label=\"Family Zen Yurt\"><img decoding=\"async\" width=\"450\" height=\"330\" alt=\"Family Zen Yurt\" src=\"https:\/\/www.village-nature-zen.com\/wp-content\/uploads\/family-zen-exterieur-0-2-450x330.jpg\" class=\"img-responsive wp-image-10403\"\/><\/a><\/span><\/div><div class=\"fusion-aligncenter\"><style>.fusion-button.button-2{border-radius:0px 0px 0px 0px;}<\/style><a class=\"fusion-button button-flat fusion-button-default-size button-default button-2 fusion-button-default-span fusion-button-default-type plusdinfos\" target=\"_self\" href=\"https:\/\/www.village-nature-zen.com\/nl\/accommodatie\/ongewone-cocoon\/harmonie-yurt\/\"><span class=\"fusion-button-text\">Ik kies mijn yurt<\/span><\/a><\/div><div class=\"fusion-clearfix\"><\/div><\/div><\/div><div class=\"fusion-layout-column fusion_builder_column fusion-builder-column-4 fusion_builder_column_1_1 1_1 fusion-one-full fusion-column-first fusion-column-last\" style=\"margin-top:0px;margin-bottom:0px;\"><div class=\"fusion-column-wrapper fusion-flex-column-wrapper-legacy\" style=\"background-position:left top;background-repeat:no-repeat;-webkit-background-size:cover;-moz-background-size:cover;-o-background-size:cover;background-size:cover;padding: 0px 0px 0px 0px;\"><div class=\"fusion-sep-clear\"><\/div><div class=\"fusion-separator fusion-full-width-sep\" style=\"margin-left: auto;margin-right: auto;margin-top:30px;width:100%;\"><\/div><div class=\"fusion-sep-clear\"><\/div><style type=\"text\/css\"><\/style><div class=\"fusion-title title fusion-title-4 fusion-sep-none fusion-title-center fusion-title-text fusion-title-size-three\" style=\"margin-top:0px;margin-right:0px;margin-bottom:20px;margin-left:0px;\"><h3 class=\"title-heading-center\" style=\"margin:0;\">Ontdek onze andere accomodaties in de Ard\u00e8che in \u00e9\u00e9n klik<\/h3><\/div>\t\t\t<style>\n            ul#menu-locations-nl { list-style: none; padding-left: 0; text-align: center; }\n\t\t\tul#menu-locations-nl li { display: inline-block; margin: 20px 5px 0px 5px; min-width: 95%; background: #2092a0; padding: 0px; }\n\t\t\t@media screen and (min-width: 610px) { ul#menu-locations-nl li { min-width: calc(50% - 15px); } }\n\t\t\t@media screen and (min-width: 800px) { ul#menu-locations-nl li { min-width: calc(40% - 15px); } }\n\t\t\t@media screen and (min-width: 990px) { ul#menu-locations-nl li { min-width: calc(30% - 15px); } }\n\t\t\t@media screen and (min-width: 1380px) { ul#menu-locations-nl li { min-width: calc(20% - 15px); } }\n\t\t\tul#menu-locations-nl li.current-menu-item { display:none; background:#3fb6c5; box-shadow: inset 0 3px 5px rgba(0,0,0,.125); }\n\t\t\tul#menu-locations-nl li a { text-align: left; width: 100%; display: inline-block; color: #fff; padding: 10px 15px 10px 95px; position: relative; line-height: 1; }\n\t\t\tul#menu-locations-nl li a:hover { background:#3fb6c5; }\n\t\t\tul#menu-locations-nl li a:after { display: inline-block; content: \" \"; position: absolute; top: -5px; bottom: -5px; left: 78px; width: 1px; background:#fff }\n\t\t\tul#menu-locations-nl li a:before { display: inline-block; content: \" \"; position: absolute; top: -5px; bottom: -5px; left: 0; width: 76px; border: 1px solid #3fb6c5; padding: 0px; }\n\t\t\tul#menu-locations-nl li.emplacement a:before { background:url(\/wp-content\/uploads\/mini-emplacement.jpg?v2) }\n\t\t\tul#menu-locations-nl li.emplacementriviere a:before { background:url(\/wp-content\/uploads\/mini-emplacement-cote-riviere.jpg?v2) }\n\t\t\tul#menu-locations-nl li.emplacementnature a:before { background:url(\/wp-content\/uploads\/mini-emplacement-grandeur-nature.jpg?v2) }\n\t\t\tul#menu-locations-nl li.loggia a:before { background:url(\/wp-content\/uploads\/mini-loggia.jpg?v2) }\n\t\t\tul#menu-locations-nl li.standard a:before { background:url(\/wp-content\/uploads\/mini-standard.jpg?v2) }\n\t\t\tul#menu-locations-nl li.confort a:before { background:url(\/wp-content\/uploads\/mini-confort.jpg?v2) }\n\t\t\tul#menu-locations-nl li.trekduo a:before { background:url(\/wp-content\/uploads\/mini-tente-trek-duo.jpg?v2) }\n\t\t\tul#menu-locations-nl li.ecolodge a:before { background:url(\/wp-content\/uploads\/mini-ecolodge.jpg?v2) }\n\t\t\tul#menu-locations-nl li.canada a:before { background:url(\/wp-content\/uploads\/mini-canada-02.jpg?v2) }\n\t\t\tul#menu-locations-nl li.yourtecocoon a:before { background:url(\/wp-content\/uploads\/mini-yourtecocoon-02.jpg) }\n\t\t\tul#menu-locations-nl li.yourtefamilyzen a:before { background:url(\/wp-content\/uploads\/mini-family-zen.jpg) }\n            <\/style>\n\t\t\t<div class=\"menu-locations-nl-container\"><ul id=\"menu-locations-nl\" class=\"menu\"><li id=\"menu-item-5922\" class=\"emplacementriviere menu-item menu-item-type-post_type menu-item-object-page menu-item-5922\"><a href=\"https:\/\/www.village-nature-zen.com\/nl\/accommodatie\/staanplaatsen-camping-ardeche\/aan-de-rivierkant\/\">Aan de rivierkant<br><small>tot 6 personen<\/small><\/a><\/li>\n<li id=\"menu-item-5921\" class=\"emplacementnature menu-item menu-item-type-post_type menu-item-object-page menu-item-5921\"><a href=\"https:\/\/www.village-nature-zen.com\/nl\/accommodatie\/staanplaatsen-camping-ardeche\/natuurstaanplaatsen\/\">Natuurstaanplaatsen<br><small>tot 6 personen<\/small><\/a><\/li>\n<li id=\"menu-item-5923\" class=\"loggia menu-item menu-item-type-post_type menu-item-object-page menu-item-5923\"><a href=\"https:\/\/www.village-nature-zen.com\/nl\/accommodatie\/mobilhomes\/loggia-mobilhomes\/\">Loggia mobilhomes<br><small>tot 4 personen<\/small><\/a><\/li>\n<li id=\"menu-item-5924\" class=\"standard menu-item menu-item-type-post_type menu-item-object-page menu-item-5924\"><a href=\"https:\/\/www.village-nature-zen.com\/nl\/accommodatie\/mobilhomes\/standard-mobilhomes\/\">Standard mobilhomes<br><small>tot 5 personen<\/small><\/a><\/li>\n<li id=\"menu-item-5925\" class=\"confort menu-item menu-item-type-post_type menu-item-object-page menu-item-5925\"><a href=\"https:\/\/www.village-nature-zen.com\/nl\/accommodatie\/mobilhomes\/confort-mobilhomes\/\">Confort mobilhomes<br><small>tot 6 personen<\/small><\/a><\/li>\n<li id=\"menu-item-5926\" class=\"trekduo menu-item menu-item-type-post_type menu-item-object-page menu-item-5926\"><a href=\"https:\/\/www.village-nature-zen.com\/nl\/accommodatie\/ongewone-lodges\/trek-duo-tenten\/\">Trek Duo-tenten<br><small>tot 2 personen<\/small><\/a><\/li>\n<li id=\"menu-item-5927\" class=\"ecolodge menu-item menu-item-type-post_type menu-item-object-page menu-item-5927\"><a href=\"https:\/\/www.village-nature-zen.com\/nl\/accommodatie\/ongewone-lodges\/ecolodge-tenten\/\">Ecolodge-tenten<br><small>tot 4 personen<\/small><\/a><\/li>\n<li id=\"menu-item-5928\" class=\"canada menu-item menu-item-type-post_type menu-item-object-page menu-item-5928\"><a href=\"https:\/\/www.village-nature-zen.com\/nl\/accommodatie\/ongewone-lodges\/canada-tenten\/\">Canada-tenten<br><small>tot 5 personen<\/small><\/a><\/li>\n<li id=\"menu-item-9843\" class=\"yourtecocoon menu-item menu-item-type-post_type menu-item-object-page menu-item-9843\"><a href=\"https:\/\/www.village-nature-zen.com\/nl\/accommodatie\/ongewone-cocoon\/cocoon-duo-yurts\/\">Cocoon Duo Yurts<br><small>tot 2 personen<\/small><\/a><\/li>\n<li id=\"menu-item-9844\" class=\"yourtefamilyzen menu-item menu-item-type-post_type menu-item-object-page menu-item-9844\"><a href=\"https:\/\/www.village-nature-zen.com\/nl\/accommodatie\/ongewone-cocoon\/harmonie-yurt\/\">Harmonie Yurt<br><small>tot 4 personen<\/small><\/a><\/li>\n<\/ul><\/div><div class=\"fusion-clearfix\"><\/div><\/div><\/div><\/div><\/div>\n","protected":false},"excerpt":{"rendered":"","protected":false},"author":1,"featured_media":0,"parent":6951,"menu_order":0,"comment_status":"closed","ping_status":"closed","template":"","meta":{"footnotes":""},"class_list":["post-9784","page","type-page","status-publish","hentry"],"acf":[],"_links":{"self":[{"href":"https:\/\/www.village-nature-zen.com\/nl\/wp-json\/wp\/v2\/pages\/9784","targetHints":{"allow":["GET"]}}],"collection":[{"href":"https:\/\/www.village-nature-zen.com\/nl\/wp-json\/wp\/v2\/pages"}],"about":[{"href":"https:\/\/www.village-nature-zen.com\/nl\/wp-json\/wp\/v2\/types\/page"}],"author":[{"embeddable":true,"href":"https:\/\/www.village-nature-zen.com\/nl\/wp-json\/wp\/v2\/users\/1"}],"replies":[{"embeddable":true,"href":"https:\/\/www.village-nature-zen.com\/nl\/wp-json\/wp\/v2\/comments?post=9784"}],"version-history":[{"count":10,"href":"https:\/\/www.village-nature-zen.com\/nl\/wp-json\/wp\/v2\/pages\/9784\/revisions"}],"predecessor-version":[{"id":11513,"href":"https:\/\/www.village-nature-zen.com\/nl\/wp-json\/wp\/v2\/pages\/9784\/revisions\/11513"}],"up":[{"embeddable":true,"href":"https:\/\/www.village-nature-zen.com\/nl\/wp-json\/wp\/v2\/pages\/6951"}],"wp:attachment":[{"href":"https:\/\/www.village-nature-zen.com\/nl\/wp-json\/wp\/v2\/media?parent=9784"}],"curies":[{"name":"wp","href":"https:\/\/api.w.org\/{rel}","templated":true}]}}