{"id":5985,"date":"2022-02-02T10:41:28","date_gmt":"2022-02-02T09:41:28","guid":{"rendered":"https:\/\/www.village-nature-zen.com\/riviere-piscine\/"},"modified":"2025-09-19T13:46:26","modified_gmt":"2025-09-19T11:46:26","slug":"rivier-zwembad","status":"publish","type":"page","link":"https:\/\/www.village-nature-zen.com\/nl\/het-dorp\/rivier-zwembad\/","title":{"rendered":"Rivier \/ Zwembad"},"content":{"rendered":"<div class=\"fusion-fullwidth fullwidth-box fusion-builder-row-1 nonhundred-percent-fullwidth non-hundred-percent-height-scrolling\" style=\"background-color: rgba(255,255,255,0);background-position: center center;background-repeat: no-repeat;padding-top:0px;padding-right:0px;padding-bottom:0px;padding-left:0px;margin-bottom: 0px;margin-top: 0px;border-width: 0px 0px 0px 0px;border-color:#eae9e9;border-style:solid;\" ><div class=\"fusion-builder-row fusion-row\"><div class=\"fusion-layout-column fusion_builder_column fusion-builder-column-0 fusion_builder_column_1_1 1_1 fusion-one-full fusion-column-first fusion-column-last\" style=\"margin-top:0px;margin-bottom:20px;\"><div class=\"fusion-column-wrapper fusion-flex-column-wrapper-legacy\" style=\"background-position:left top;background-repeat:no-repeat;-webkit-background-size:cover;-moz-background-size:cover;-o-background-size:cover;background-size:cover;padding: 0px 0px 0px 0px;\"><style type=\"text\/css\"><\/style><div class=\"fusion-title title fusion-title-1 fusion-sep-none fusion-title-center fusion-title-text fusion-title-size-two bignumber\" style=\"margin-top:0px;margin-right:0px;margin-bottom:31px;margin-left:0px;\"><h2 class=\"title-heading-center\" style=\"margin:0;\">De <span class=\"n\">2<\/span> rivieren<\/h2><\/div><div class=\"fusion-clearfix\"><\/div><\/div><\/div><div class=\"fusion-layout-column fusion_builder_column fusion-builder-column-1 fusion_builder_column_1_4 1_4 fusion-one-fourth fusion-column-first col-txt-padding \" style=\"width:25%;width:calc(25% - ( ( 0px + 30px + 0px ) * 0.25 ) );margin-right: 0px;margin-top:0px;margin-bottom:20px;\"><div class=\"fusion-column-wrapper fusion-flex-column-wrapper-legacy\" style=\"background-position:left top;background-repeat:no-repeat;-webkit-background-size:cover;-moz-background-size:cover;-o-background-size:cover;background-size:cover;padding: 0px 0px 0px 0px;\"><div class=\"fusion-text fusion-text-1\"><p>De Village Nature Zen &#8211; Camping La Turelure wordt omsloten door <strong>twee rivieren<\/strong>: <strong>de Ligne en de Lande <\/strong>die rechtstreeks toegankelijk zijn via de camping.<\/p>\n<p>De Lande mondt uit in de Ligne die zich een weg baant tot in Chauzon waar ze samenvloeit met de Ard\u00e8che.<\/p>\n<p>Beiden hebben ze <strong>weinig stroom <\/strong>en de Lande wordt gevoed door een <strong>bron <\/strong>halverwege de rivier, tussen het dorp Uzer en de camping.<\/p>\n<p>De Ligne doorkruist Largenti\u00e8re en stroomt tot aan de camping langs een op\u00e9\u00e9nvolging van <strong>platte stenen. <\/strong><\/p>\n<\/div><div class=\"fusion-clearfix\"><\/div><\/div><\/div><div class=\"fusion-layout-column fusion_builder_column fusion-builder-column-2 fusion_builder_column_1_4 1_4 fusion-one-fourth galerie\" style=\"width:25%;width:calc(25% - ( ( 0px + 30px + 0px ) * 0.25 ) );margin-right: 30px;margin-top:0px;margin-bottom:20px;\"><div class=\"fusion-column-wrapper fusion-flex-column-wrapper-legacy\" style=\"background-position:left top;background-repeat:no-repeat;-webkit-background-size:cover;-moz-background-size:cover;-o-background-size:cover;background-size:cover;padding: 0px 0px 0px 0px;\"><div class=\"imageframe-align-center\"><span class=\" fusion-imageframe imageframe-none imageframe-1 hover-type-none\"><a href=\"https:\/\/www.village-nature-zen.com\/wp-content\/uploads\/ammonite.jpg\" class=\"fusion-lightbox\" data-rel=\"iLightbox[riviere]\" data-title=\"Ammoniet\" title=\"Ammoniet\"><img decoding=\"async\" width=\"450\" height=\"450\" alt=\"Ammoniet\" src=\"https:\/\/www.village-nature-zen.com\/wp-content\/uploads\/ammonite-450x450.jpg\" class=\"img-responsive wp-image-1606\" srcset=\"https:\/\/www.village-nature-zen.com\/wp-content\/uploads\/ammonite-66x66.jpg 66w, https:\/\/www.village-nature-zen.com\/wp-content\/uploads\/ammonite-150x150.jpg 150w, https:\/\/www.village-nature-zen.com\/wp-content\/uploads\/ammonite-300x300.jpg 300w, https:\/\/www.village-nature-zen.com\/wp-content\/uploads\/ammonite-450x450.jpg 450w\" sizes=\"(max-width: 450px) 100vw, 450px\" \/><\/a><\/span><\/div><div class=\"fusion-clearfix\"><\/div><\/div><\/div><div class=\"fusion-layout-column fusion_builder_column fusion-builder-column-3 fusion_builder_column_1_4 1_4 fusion-one-fourth galerie\" style=\"width:25%;width:calc(25% - ( ( 0px + 30px + 0px ) * 0.25 ) );margin-right: 0px;margin-top:0px;margin-bottom:20px;\"><div class=\"fusion-column-wrapper fusion-flex-column-wrapper-legacy\" style=\"background-position:left top;background-repeat:no-repeat;-webkit-background-size:cover;-moz-background-size:cover;-o-background-size:cover;background-size:cover;padding: 0px 0px 0px 0px;\"><div class=\"imageframe-align-center\"><span class=\" fusion-imageframe imageframe-none imageframe-2 hover-type-none\"><a href=\"https:\/\/www.village-nature-zen.com\/wp-content\/uploads\/castor.jpg\" class=\"fusion-lightbox\" data-rel=\"iLightbox[riviere]\" data-title=\"De bevers\" title=\"De bevers\"><img decoding=\"async\" width=\"450\" height=\"450\" alt=\"De bevers\" src=\"https:\/\/www.village-nature-zen.com\/wp-content\/uploads\/castor-450x450.jpg\" class=\"img-responsive wp-image-1609\" srcset=\"https:\/\/www.village-nature-zen.com\/wp-content\/uploads\/castor-66x66.jpg 66w, https:\/\/www.village-nature-zen.com\/wp-content\/uploads\/castor-150x150.jpg 150w, https:\/\/www.village-nature-zen.com\/wp-content\/uploads\/castor-300x300.jpg 300w, https:\/\/www.village-nature-zen.com\/wp-content\/uploads\/castor-450x450.jpg 450w\" sizes=\"(max-width: 450px) 100vw, 450px\" \/><\/a><\/span><\/div><div class=\"fusion-clearfix\"><\/div><\/div><\/div><div class=\"fusion-layout-column fusion_builder_column fusion-builder-column-4 fusion_builder_column_1_4 1_4 fusion-one-fourth fusion-column-last col-txt-padding \" style=\"width:25%;width:calc(25% - ( ( 0px + 30px + 0px ) * 0.25 ) );margin-top:0px;margin-bottom:20px;\"><div class=\"fusion-column-wrapper fusion-flex-column-wrapper-legacy\" style=\"background-position:left top;background-repeat:no-repeat;-webkit-background-size:cover;-moz-background-size:cover;-o-background-size:cover;background-size:cover;padding: 0px 0px 0px 0px;\"><div class=\"fusion-text fusion-text-2\"><p>Deze twee (<strong>ondiepe<\/strong>) rivieren worden gescheiden van de camping door een <strong>zone waar niet gekampeerd wordt<\/strong>, &#8220;la promenade&#8221; genaamd.<\/p>\n<p>De rivieren vormen daarom geen direct <strong>gevaar <\/strong>voor <strong>kinderen.<\/strong><\/p>\n<p>Er zijn veel <strong>toegangsmogelijkheden <\/strong>tot de rivier zodat je er kunt pootjebaden, er een dam of vlot kunt bouwen, of je je er even kunt <strong>verfrissen<\/strong>.<\/p>\n<p>Bij het vallen van de avond kun je er <strong>de bevers <\/strong>observeren gezien zij een nest gebouwd hebben net voorbij de samenvloeiing van beide rivieren.<\/p>\n<\/div><div class=\"fusion-clearfix\"><\/div><\/div><\/div><div class=\"fusion-layout-column fusion_builder_column fusion-builder-column-5 fusion_builder_column_1_2 1_2 fusion-one-half fusion-column-first nested-col-plandeau matchheight\" style=\"width:50%;width:calc(50% - ( ( 30px ) * 0.5 ) );margin-right: 30px;margin-top:0px;margin-bottom:20px;\"><div class=\"fusion-column-wrapper fusion-flex-column-wrapper-legacy\" style=\"background-position:left top;background-repeat:no-repeat;-webkit-background-size:cover;-moz-background-size:cover;-o-background-size:cover;background-size:cover;padding: 0px 0px 0px 0px;\"><div class=\"imageframe-align-center\"><span class=\" fusion-imageframe imageframe-none imageframe-3 hover-type-none img-plan-deau\"><a href=\"https:\/\/www.village-nature-zen.com\/wp-content\/uploads\/la-ligne-la-cascade.jpg\" class=\"fusion-lightbox\" data-rel=\"iLightbox[riviere]\" data-title=\"Waterval op de Ligne\" title=\"Waterval op de Ligne\"><img decoding=\"async\" width=\"800\" height=\"452\" alt=\"Waterval op de Ligne\" src=\"https:\/\/www.village-nature-zen.com\/wp-content\/uploads\/la-ligne-la-cascade-800x452.jpg\" class=\"img-responsive wp-image-1612\" srcset=\"https:\/\/www.village-nature-zen.com\/wp-content\/uploads\/la-ligne-la-cascade-200x113.jpg 200w, https:\/\/www.village-nature-zen.com\/wp-content\/uploads\/la-ligne-la-cascade-400x226.jpg 400w, https:\/\/www.village-nature-zen.com\/wp-content\/uploads\/la-ligne-la-cascade-600x339.jpg 600w, https:\/\/www.village-nature-zen.com\/wp-content\/uploads\/la-ligne-la-cascade-800x452.jpg 800w, https:\/\/www.village-nature-zen.com\/wp-content\/uploads\/la-ligne-la-cascade.jpg 992w\" sizes=\"(max-width: 900px) 100vw, 800px\" \/><\/a><\/span><\/div><div class=\"fusion-sep-clear\"><\/div><div class=\"fusion-separator fusion-full-width-sep\" style=\"margin-left: auto;margin-right: auto;margin-top:15px;width:100%;\"><\/div><div class=\"fusion-sep-clear\"><\/div><style type=\"text\/css\"><\/style><div class=\"fusion-title title fusion-title-2 fusion-sep-none fusion-title-center fusion-title-text fusion-title-size-three\" style=\"margin-top:0px;margin-right:0px;margin-bottom:34px;margin-left:0px;\"><h3 class=\"title-heading-center\" style=\"margin:0;\">De waterval<\/h3><\/div><div class=\"fusion-sep-clear\"><\/div><div class=\"fusion-separator fusion-full-width-sep no-mobile\" style=\"margin-left: auto;margin-right: auto;margin-top:28px;width:100%;\"><\/div><div class=\"fusion-sep-clear\"><\/div><div class=\"fusion-text fusion-text-3\"><p>Als u <strong>de Ligne<\/strong> stroomopwaarts volgt of een padje neemt vanuit de camping, komt u terecht bij een <strong>prachtige waterval <\/strong>die gevoed wordt door de Ligne en u een volledig <strong>natuurlijk watervlak <\/strong>biedt!<\/p>\n<\/div><div class=\"fusion-sep-clear\"><\/div><div class=\"fusion-separator fusion-full-width-sep no-mobile\" style=\"margin-left: auto;margin-right: auto;margin-top:27px;width:100%;\"><\/div><div class=\"fusion-sep-clear\"><\/div><div class=\"fusion-clearfix\"><\/div><\/div><\/div><div class=\"fusion-layout-column fusion_builder_column fusion-builder-column-6 fusion_builder_column_1_2 1_2 fusion-one-half fusion-column-last nested-col-plandeau matchheight\" style=\"width:50%;width:calc(50% - ( ( 30px ) * 0.5 ) );margin-top:0px;margin-bottom:20px;\"><div class=\"fusion-column-wrapper fusion-flex-column-wrapper-legacy\" style=\"background-position:left top;background-repeat:no-repeat;-webkit-background-size:cover;-moz-background-size:cover;-o-background-size:cover;background-size:cover;padding: 0px 0px 0px 0px;\"><div class=\"imageframe-align-center\"><span class=\" fusion-imageframe imageframe-none imageframe-4 hover-type-none\"><a href=\"https:\/\/www.village-nature-zen.com\/wp-content\/uploads\/cirque-de-gens.jpg\" class=\"fusion-lightbox\" data-rel=\"iLightbox[riviere]\" data-title=\"Cirque de Gens\" title=\"Cirque de Gens\"><img decoding=\"async\" width=\"800\" height=\"452\" alt=\"Cirque de Gens\" src=\"https:\/\/www.village-nature-zen.com\/wp-content\/uploads\/baignade-1-800x452.jpg\" class=\"img-responsive wp-image-9251\" srcset=\"https:\/\/www.village-nature-zen.com\/wp-content\/uploads\/baignade-1-200x113.jpg 200w, https:\/\/www.village-nature-zen.com\/wp-content\/uploads\/baignade-1-400x226.jpg 400w, https:\/\/www.village-nature-zen.com\/wp-content\/uploads\/baignade-1-600x339.jpg 600w, https:\/\/www.village-nature-zen.com\/wp-content\/uploads\/baignade-1-800x452.jpg 800w, https:\/\/www.village-nature-zen.com\/wp-content\/uploads\/baignade-1.jpg 992w\" sizes=\"(max-width: 900px) 100vw, 800px\" \/><\/a><\/span><\/div><div class=\"fusion-sep-clear\"><\/div><div class=\"fusion-separator fusion-full-width-sep\" style=\"margin-left: auto;margin-right: auto;margin-top:15px;width:100%;\"><\/div><div class=\"fusion-sep-clear\"><\/div><style type=\"text\/css\"><\/style><div class=\"fusion-title title fusion-title-3 fusion-sep-none fusion-title-center fusion-title-text fusion-title-size-three\" style=\"margin-top:0px;margin-right:0px;margin-bottom:20px;margin-left:0px;\"><h3 class=\"title-heading-center\" style=\"margin:0;\">Zwemmen in de rivier<\/h3><\/div><div class=\"fusion-text fusion-text-4\" style=\"margin-top:30px;\"><p>Kiezen voor een vakantie in de Ard\u00e8che, is zeker ook kiezen voor rust en plezier, of voor een zwempartij in de rivier!<\/p>\n<p>De Ard\u00e8che heeft veel mogelijkheden in de omliggende rivieren (de Ard\u00e8che, La Beaume, Le Chassezac). Zij bieden vaak adembenemende panorama&#8217;s over <strong>prachtige sites: Balazuc<\/strong>, de kloven van la Beaume, van de Ibie, les d\u00e9fil\u00e9s de Ruoms, le pont du Diable, le <strong>cirque de Gens<\/strong>, &#8230;<\/p>\n<\/div><div class=\"fusion-clearfix\"><\/div><\/div><\/div><div class=\"fusion-layout-column fusion_builder_column fusion-builder-column-7 fusion_builder_column_1_1 1_1 fusion-one-full fusion-column-first fusion-column-last\" style=\"margin-top:0px;margin-bottom:20px;\"><div class=\"fusion-column-wrapper fusion-flex-column-wrapper-legacy\" style=\"background-position:left top;background-repeat:no-repeat;-webkit-background-size:cover;-moz-background-size:cover;-o-background-size:cover;background-size:cover;padding: 0px 0px 0px 0px;\"><style type=\"text\/css\"><\/style><div class=\"fusion-title title fusion-title-4 fusion-sep-none fusion-title-center fusion-title-text fusion-title-size-two\" style=\"margin-top:0px;margin-right:0px;margin-bottom:31px;margin-left:0px;\"><h2 class=\"title-heading-center\" style=\"margin:0;\">Het zwembad<\/h2><\/div><div class=\"fusion-clearfix\"><\/div><\/div><\/div><div class=\"fusion-layout-column fusion_builder_column fusion-builder-column-8 fusion_builder_column_1_1 1_1 fusion-one-full fusion-column-first fusion-column-last col-piscine\" style=\"margin-top:0px;margin-bottom:20px;\"><div class=\"fusion-column-wrapper fusion-flex-column-wrapper-legacy\" style=\"background-position:left top;background-repeat:no-repeat;-webkit-background-size:cover;-moz-background-size:cover;-o-background-size:cover;background-size:cover;padding: 0px 0px 0px 0px;\"><div class=\"imageframe-align-center\"><span class=\" fusion-imageframe imageframe-none imageframe-5 hover-type-none\"><a href=\"https:\/\/www.village-nature-zen.com\/wp-content\/uploads\/piscine-et-patogeoire-02.jpg\" class=\"fusion-lightbox\" data-rel=\"iLightbox[5401c63181289ec9dbf]\" data-title=\"Zwembad\" title=\"Zwembad\"><img decoding=\"async\" width=\"600\" height=\"400\" alt=\"Zwembad\" src=\"https:\/\/www.village-nature-zen.com\/wp-content\/uploads\/piscine-et-patogeoire-02-600x400.jpg\" class=\"img-responsive wp-image-8484\" srcset=\"https:\/\/www.village-nature-zen.com\/wp-content\/uploads\/piscine-et-patogeoire-02-200x133.jpg 200w, https:\/\/www.village-nature-zen.com\/wp-content\/uploads\/piscine-et-patogeoire-02-400x267.jpg 400w, https:\/\/www.village-nature-zen.com\/wp-content\/uploads\/piscine-et-patogeoire-02-600x400.jpg 600w, https:\/\/www.village-nature-zen.com\/wp-content\/uploads\/piscine-et-patogeoire-02-800x533.jpg 800w, https:\/\/www.village-nature-zen.com\/wp-content\/uploads\/piscine-et-patogeoire-02-1200x800.jpg 1200w, https:\/\/www.village-nature-zen.com\/wp-content\/uploads\/piscine-et-patogeoire-02.jpg 1400w\" sizes=\"(max-width: 900px) 100vw, 600px\" \/><\/a><\/span><\/div><div class=\"fusion-text fusion-text-5\"><p>De Village Nature Zen beschikt over een zwembad en <strong>kinderbad<\/strong>, ideaal om af te koelen.<\/p>\n<p>Het zwembad wordt op natuurlijke wijze <strong>verwarmd <\/strong>door de <strong>zonnestralen<\/strong> en wordt omringd door kastanjebomen.<\/p>\n<ul>\n<li>Het zwembad is open van 10.00 tot 19.00 uur<\/li>\n<li><strong>Toegang<\/strong> exclusief voor <strong>kampeerders<\/strong> (geen bezoekers toegelaten)<\/li>\n<li><strong>Zwembad van 13 x 7 m<\/strong>, progressieve diepte tot 1,50 meter + <strong>kinderbad<\/strong><\/li>\n<li>Strand uitgerust met <strong>ligstoelen<\/strong>, onder de schaduw van de kastanjebomen<\/li>\n<li>Om hygi\u00ebnische redenen zijn enkel <strong>aanspannende zwembroeken <\/strong>toegestaan (geen short of langere zwembroek)<\/li>\n<li>Voor de <strong>veiligheid<\/strong> van iedereen moeten <strong>kinderen onder toezicht<\/strong> van een volwassene zijn<\/li>\n<\/ul>\n<\/div><div class=\"fusion-clearfix\"><\/div><\/div><\/div><\/div><\/div>\n","protected":false},"excerpt":{"rendered":"","protected":false},"author":1,"featured_media":9130,"parent":5986,"menu_order":1,"comment_status":"closed","ping_status":"closed","template":"","meta":{"footnotes":""},"class_list":["post-5985","page","type-page","status-publish","has-post-thumbnail","hentry"],"acf":[],"_links":{"self":[{"href":"https:\/\/www.village-nature-zen.com\/nl\/wp-json\/wp\/v2\/pages\/5985","targetHints":{"allow":["GET"]}}],"collection":[{"href":"https:\/\/www.village-nature-zen.com\/nl\/wp-json\/wp\/v2\/pages"}],"about":[{"href":"https:\/\/www.village-nature-zen.com\/nl\/wp-json\/wp\/v2\/types\/page"}],"author":[{"embeddable":true,"href":"https:\/\/www.village-nature-zen.com\/nl\/wp-json\/wp\/v2\/users\/1"}],"replies":[{"embeddable":true,"href":"https:\/\/www.village-nature-zen.com\/nl\/wp-json\/wp\/v2\/comments?post=5985"}],"version-history":[{"count":10,"href":"https:\/\/www.village-nature-zen.com\/nl\/wp-json\/wp\/v2\/pages\/5985\/revisions"}],"predecessor-version":[{"id":9354,"href":"https:\/\/www.village-nature-zen.com\/nl\/wp-json\/wp\/v2\/pages\/5985\/revisions\/9354"}],"up":[{"embeddable":true,"href":"https:\/\/www.village-nature-zen.com\/nl\/wp-json\/wp\/v2\/pages\/5986"}],"wp:featuredmedia":[{"embeddable":true,"href":"https:\/\/www.village-nature-zen.com\/nl\/wp-json\/wp\/v2\/media\/9130"}],"wp:attachment":[{"href":"https:\/\/www.village-nature-zen.com\/nl\/wp-json\/wp\/v2\/media?parent=5985"}],"curies":[{"name":"wp","href":"https:\/\/api.w.org\/{rel}","templated":true}]}}