{"id":1951,"date":"2020-01-02T10:02:48","date_gmt":"2020-01-02T09:02:48","guid":{"rendered":"https:\/\/www.village-nature-zen.com\/mobil-homes\/"},"modified":"2025-09-19T15:06:12","modified_gmt":"2025-09-19T13:06:12","slug":"mobilhomes","status":"publish","type":"page","link":"https:\/\/www.village-nature-zen.com\/nl\/accommodatie\/mobilhomes\/","title":{"rendered":"Mobilhomes"},"content":{"rendered":"<p><div class=\"fusion-fullwidth fullwidth-box fusion-builder-row-1 nonhundred-percent-fullwidth non-hundred-percent-height-scrolling\" style=\"background-color: rgba(255,255,255,0);background-position: center center;background-repeat: no-repeat;padding-top:0px;padding-right:0px;padding-bottom:0px;padding-left:0px;margin-bottom: 0px;margin-top: 0px;border-width: 0px 0px 0px 0px;border-color:#eae9e9;border-style:solid;\" ><div class=\"fusion-builder-row fusion-row\"><div class=\"fusion-layout-column fusion_builder_column fusion-builder-column-0 fusion_builder_column_1_1 1_1 fusion-one-full fusion-column-first fusion-column-last\" style=\"margin-top:0px;margin-bottom:20px;\"><div class=\"fusion-column-wrapper fusion-flex-column-wrapper-legacy\" style=\"background-position:left top;background-repeat:no-repeat;-webkit-background-size:cover;-moz-background-size:cover;-o-background-size:cover;background-size:cover;padding: 0px 0px 0px 0px;\"><style type=\"text\/css\"><\/style><div class=\"fusion-title title fusion-title-1 fusion-sep-none fusion-title-center fusion-title-text fusion-title-size-two\" style=\"margin-top:0px;margin-right:0px;margin-bottom:31px;margin-left:0px;\"><h2 class=\"title-heading-center\" style=\"margin:0;\">Verhuur van mobilhomes in de Ard\u00e8che<span class=\"stitle\">Wij beschikken over 12 mobilhomes die verhuurd worden volgens 3 verschillende formules (2 of 3 kamers voor 4 \u00e0 6 personen)<\/span><\/h2><\/div><div class=\"fusion-text fusion-text-1\"><p style=\"text-align: center;\">Wilt u volgende keer naar de Ard\u00e8che op vakantie en geeft u voor uw verblijf de voorkeur aan meer <strong>comfort, privacy<\/strong>, <strong>uitrusting <\/strong>of <strong>rust <\/strong>zonder u zorgen te moeten maken om de weersomstandigheden?<\/p>\n<p style=\"text-align: center;\"><span style=\"font-weight: 400;\">Village<\/span> <span style=\"font-weight: 400;\">Nature Zen &#8211; 3-sterrencamping <\/span>biedt u <strong>verschillende types <\/strong>recent gebouwde mobilhomes aan in het zuiden van de Ard\u00e8che, met een variabele oppervlakte (<strong>2 of 3 kamers) <\/strong>op een ruim perceel. Zij zijn geschikt voor <strong>4 \u00e0 6 personen<\/strong>, afhankelijk van het model, en zijn geschikt voor gezinnen of vriendengroepen.<br \/>\nOf u nu een mobilhome wenst te huren voor een week (uitsluitende formule in de zomer) of voor een <strong>weekend of kort verblijf <\/strong>(minimum 2 nachten), wij zullen uw wensen bestuderen om zo goed mogelijk aan uw verwachtingen te voldoen.<\/p>\n<\/div><div class=\"fusion-clearfix\"><\/div><\/div><\/div><div class=\"fusion-layout-column fusion_builder_column fusion-builder-column-1 fusion_builder_column_1_4 1_4 fusion-one-fourth fusion-column-first\" style=\"width:25%;width:calc(25% - ( ( 30px + 30px + 30px ) * 0.25 ) );margin-right: 30px;margin-top:0px;margin-bottom:20px;\"><div class=\"fusion-column-wrapper fusion-flex-column-wrapper-legacy\" style=\"background-position:left top;background-repeat:no-repeat;-webkit-background-size:cover;-moz-background-size:cover;-o-background-size:cover;background-size:cover;padding: 60px 0px 0px 0px;\"><div class=\"fusion-text fusion-text-2\"><p>De mobilhomes zijn <strong>volledig uitgerust <\/strong>met opbergruimte, elektrische verwarming, servies en keukengerei, microgolfoven, koffiezetapparaat, koelkast met diepvriesvak.<\/p>\n<p>De slaapkamers zijn allemaal voorzien van kussens en lakens. <strong>Beddengoed <\/strong>en huislinnen zijn <strong>niet voorzien<\/strong>. U kan wegwerplakens huren voor het geval u ze vergeet.<\/p>\n<p>Alle <strong>terrassen<\/strong> van de mobilhomes zijn <strong>overdekt: <\/strong>semi-overdekt of volledig overdekt terras, afhankelijk van het type mobilhome.<\/p>\n<p>Ook kan u gebruik maken van het <strong>tuinmeubilair <\/strong>om buiten te eten en te rusten in de ligstoel of in de hangmat (mogelijk op sommige staanplaatsen).<\/p>\n<\/div><div class=\"fusion-clearfix\"><\/div><\/div><\/div><div class=\"fusion-layout-column fusion_builder_column fusion-builder-column-2 fusion_builder_column_1_4 1_4 fusion-one-fourth bloc-menu-page-parent galerie\" style=\"width:25%;width:calc(25% - ( ( 30px + 30px + 30px ) * 0.25 ) );margin-right: 30px;margin-top:0px;margin-bottom:20px;\"><div class=\"fusion-column-wrapper fusion-flex-column-wrapper-legacy\" style=\"background-position:left top;background-repeat:no-repeat;-webkit-background-size:cover;-moz-background-size:cover;-o-background-size:cover;background-size:cover;padding: 0px 0px 0px 0px;\"><style type=\"text\/css\"><\/style><div class=\"fusion-title title fusion-title-2 fusion-sep-none fusion-title-center fusion-title-text fusion-title-size-three\" style=\"margin-top:0px;margin-right:0px;margin-bottom:31px;margin-left:0px;\"><h3 class=\"title-heading-center\" style=\"margin:0;\">De Loggia mobilhomes<\/h3><\/div><div class=\"fusion-text fusion-text-3 eh\"><p style=\"text-align: center;\"><strong>2 kamers &#8211; 4 personen &#8211; 22 m\u00b2<\/strong><\/p>\n<\/div><div class=\"fusion-sep-clear\"><\/div><div class=\"fusion-separator fusion-full-width-sep\" style=\"margin-left: auto;margin-right: auto;margin-top:10px;width:100%;\"><\/div><div class=\"fusion-sep-clear\"><\/div><div class=\"imageframe-align-center\"><span class=\" fusion-imageframe imageframe-none imageframe-1 hover-type-none\"><a class=\"fusion-no-lightbox\" href=\"\/nl\/mobilhomes\/loggia-mobilhomes\/\" target=\"_self\" aria-label=\"Loggia mobilhomes\"><img decoding=\"async\" width=\"450\" height=\"330\" alt=\"Loggia mobilhomes\" src=\"https:\/\/www.village-nature-zen.com\/wp-content\/uploads\/mh-loggia-liste-450x330.jpg\" class=\"img-responsive wp-image-3386\"\/><\/a><\/span><\/div><div class=\"fusion-aligncenter\"><style>.fusion-button.button-1{border-radius:0px 0px 0px 0px;}<\/style><a class=\"fusion-button button-flat fusion-button-default-size button-default button-1 fusion-button-default-span fusion-button-default-type plusdinfos\" target=\"_self\" href=\"\/nl\/mobilhomes\/loggia-mobilhomes\/\"><span class=\"fusion-button-text\">Ik kies mijn mobilhome<\/span><\/a><\/div><div class=\"fusion-clearfix\"><\/div><\/div><\/div><div class=\"fusion-layout-column fusion_builder_column fusion-builder-column-3 fusion_builder_column_1_4 1_4 fusion-one-fourth bloc-menu-page-parent galerie\" style=\"width:25%;width:calc(25% - ( ( 30px + 30px + 30px ) * 0.25 ) );margin-right: 30px;margin-top:0px;margin-bottom:20px;\"><div class=\"fusion-column-wrapper fusion-flex-column-wrapper-legacy\" style=\"background-position:left top;background-repeat:no-repeat;-webkit-background-size:cover;-moz-background-size:cover;-o-background-size:cover;background-size:cover;padding: 0px 0px 0px 0px;\"><style type=\"text\/css\"><\/style><div class=\"fusion-title title fusion-title-3 fusion-sep-none fusion-title-center fusion-title-text fusion-title-size-three\" style=\"margin-top:0px;margin-right:0px;margin-bottom:31px;margin-left:0px;\"><h3 class=\"title-heading-center\" style=\"margin:0;\">De Standard mobilhomes<\/h3><\/div><div class=\"fusion-text fusion-text-4 eh\"><p style=\"text-align: center;\"><strong>2 kamers &#8211; 4\/5 personen &#8211; 27 m\u00b2<\/strong><\/p>\n<\/div><div class=\"fusion-sep-clear\"><\/div><div class=\"fusion-separator fusion-full-width-sep\" style=\"margin-left: auto;margin-right: auto;margin-top:10px;width:100%;\"><\/div><div class=\"fusion-sep-clear\"><\/div><div class=\"imageframe-align-center\"><span class=\" fusion-imageframe imageframe-none imageframe-2 hover-type-none\"><a class=\"fusion-no-lightbox\" href=\"\/nl\/mobilhomes\/standard-mobilhomes\/\" target=\"_self\" aria-label=\"Standard mobilhomes\"><img decoding=\"async\" width=\"450\" height=\"330\" alt=\"Standard mobilhomes\" src=\"https:\/\/www.village-nature-zen.com\/wp-content\/uploads\/mh-standard-liste-450x330.jpg\" class=\"img-responsive wp-image-3370\"\/><\/a><\/span><\/div><div class=\"fusion-aligncenter\"><style>.fusion-button.button-2{border-radius:0px 0px 0px 0px;}<\/style><a class=\"fusion-button button-flat fusion-button-default-size button-default button-2 fusion-button-default-span fusion-button-default-type plusdinfos\" target=\"_self\" href=\"\/nl\/mobilhomes\/standard-mobilhomes\/\"><span class=\"fusion-button-text\">Ik kies mijn mobilhome<\/span><\/a><\/div><div class=\"fusion-clearfix\"><\/div><\/div><\/div><div class=\"fusion-layout-column fusion_builder_column fusion-builder-column-4 fusion_builder_column_1_4 1_4 fusion-one-fourth fusion-column-last bloc-menu-page-parent galerie\" style=\"width:25%;width:calc(25% - ( ( 30px + 30px + 30px ) * 0.25 ) );margin-top:0px;margin-bottom:20px;\"><div class=\"fusion-column-wrapper fusion-flex-column-wrapper-legacy\" style=\"background-position:left top;background-repeat:no-repeat;-webkit-background-size:cover;-moz-background-size:cover;-o-background-size:cover;background-size:cover;padding: 0px 0px 0px 0px;\"><style type=\"text\/css\"><\/style><div class=\"fusion-title title fusion-title-4 fusion-sep-none fusion-title-center fusion-title-text fusion-title-size-three\" style=\"margin-top:0px;margin-right:0px;margin-bottom:31px;margin-left:0px;\"><h3 class=\"title-heading-center\" style=\"margin:0;\">De Confort mobilhomes<\/h3><\/div><div class=\"fusion-text fusion-text-5 eh\"><p style=\"text-align: center;\"><strong>3 kamers &#8211; 6 personen &#8211; 30 m\u00b2<\/strong><\/p>\n<\/div><div class=\"fusion-sep-clear\"><\/div><div class=\"fusion-separator fusion-full-width-sep\" style=\"margin-left: auto;margin-right: auto;margin-top:10px;width:100%;\"><\/div><div class=\"fusion-sep-clear\"><\/div><div class=\"imageframe-align-center\"><span class=\" fusion-imageframe imageframe-none imageframe-3 hover-type-none\"><a class=\"fusion-no-lightbox\" href=\"\/nl\/mobilhomes\/confort-mobilhomes\/\" target=\"_self\" aria-label=\"Confort mobilhomes\"><img decoding=\"async\" width=\"450\" height=\"330\" alt=\"Confort mobilhomes\" src=\"https:\/\/www.village-nature-zen.com\/wp-content\/uploads\/mh-confort-liste-450x330.jpg\" class=\"img-responsive wp-image-3382\"\/><\/a><\/span><\/div><div class=\"fusion-aligncenter\"><style>.fusion-button.button-3{border-radius:0px 0px 0px 0px;}<\/style><a class=\"fusion-button button-flat fusion-button-default-size button-default button-3 fusion-button-default-span fusion-button-default-type plusdinfos\" target=\"_self\" href=\"\/nl\/mobilhomes\/confort-mobilhomes\/\"><span class=\"fusion-button-text\">Ik kies mijn mobilhome<\/span><\/a><\/div><div class=\"fusion-clearfix\"><\/div><\/div><\/div><\/div><\/div><div class=\"fusion-fullwidth fullwidth-box fusion-builder-row-2 fusion-flex-container nonhundred-percent-fullwidth non-hundred-percent-height-scrolling\" style=\"background-color: rgba(255,255,255,0);background-position: center center;background-repeat: no-repeat;border-width: 0px 0px 0px 0px;border-color:#eae9e9;border-style:solid;\" ><div class=\"fusion-builder-row fusion-row fusion-flex-align-items-flex-start\" style=\"max-width:1456px;margin-left: calc(-4% \/ 2 );margin-right: calc(-4% \/ 2 );\"><div class=\"fusion-layout-column fusion_builder_column fusion-builder-column-5 fusion_builder_column_1_1 1_1 fusion-flex-column\"><div class=\"fusion-column-wrapper fusion-flex-justify-content-flex-start fusion-content-layout-column\" style=\"background-position:left top;background-repeat:no-repeat;-webkit-background-size:cover;-moz-background-size:cover;-o-background-size:cover;background-size:cover;padding: 0px 0px 0px 0px;\"><div class=\"fusion-separator fusion-full-width-sep\" style=\"align-self: center;margin-left: auto;margin-right: auto;margin-top:30 px;width:100%;\"><\/div><style type=\"text\/css\">@media only screen and (max-width:1024px) {.fusion-title.fusion-title-5{margin-top:0px!important; margin-right:0px!important;margin-bottom:31px!important;margin-left:0px!important;}}@media only screen and (max-width:640px) {.fusion-title.fusion-title-5{margin-top:0px!important; margin-right:0px!important;margin-bottom:20px!important; margin-left:0px!important;}}<\/style><div class=\"fusion-title title fusion-title-5 fusion-sep-none fusion-title-center fusion-title-text fusion-title-size-three\" style=\"margin-top:0px;margin-right:0px;margin-bottom:31px;margin-left:0px;\"><h3 class=\"title-heading-center\" style=\"margin:0;\">Ontdek onze andere accomodaties in de Ard\u00e8che in \u00e9\u00e9n klik<\/h3><\/div>\t\t\t<style>\n            ul#menu-locations-nl { list-style: none; padding-left: 0; text-align: center; }\n\t\t\tul#menu-locations-nl li { display: inline-block; margin: 20px 5px 0px 5px; min-width: 95%; background: #2092a0; padding: 0px; }\n\t\t\t@media screen and (min-width: 610px) { ul#menu-locations-nl li { min-width: calc(50% - 15px); } }\n\t\t\t@media screen and (min-width: 800px) { ul#menu-locations-nl li { min-width: calc(40% - 15px); } }\n\t\t\t@media screen and (min-width: 990px) { ul#menu-locations-nl li { min-width: calc(30% - 15px); } }\n\t\t\t@media screen and (min-width: 1380px) { ul#menu-locations-nl li { min-width: calc(20% - 15px); } }\n\t\t\tul#menu-locations-nl li.current-menu-item { display:none; background:#3fb6c5; box-shadow: inset 0 3px 5px rgba(0,0,0,.125); }\n\t\t\tul#menu-locations-nl li a { text-align: left; width: 100%; display: inline-block; color: #fff; padding: 10px 15px 10px 95px; position: relative; line-height: 1; }\n\t\t\tul#menu-locations-nl li a:hover { background:#3fb6c5; }\n\t\t\tul#menu-locations-nl li a:after { display: inline-block; content: \" \"; position: absolute; top: -5px; bottom: -5px; left: 78px; width: 1px; background:#fff }\n\t\t\tul#menu-locations-nl li a:before { display: inline-block; content: \" \"; position: absolute; top: -5px; bottom: -5px; left: 0; width: 76px; border: 1px solid #3fb6c5; padding: 0px; }\n\t\t\tul#menu-locations-nl li.emplacement a:before { background:url(\/wp-content\/uploads\/mini-emplacement.jpg?v2) }\n\t\t\tul#menu-locations-nl li.emplacementriviere a:before { background:url(\/wp-content\/uploads\/mini-emplacement-cote-riviere.jpg?v2) }\n\t\t\tul#menu-locations-nl li.emplacementnature a:before { background:url(\/wp-content\/uploads\/mini-emplacement-grandeur-nature.jpg?v2) }\n\t\t\tul#menu-locations-nl li.loggia a:before { background:url(\/wp-content\/uploads\/mini-loggia.jpg?v2) }\n\t\t\tul#menu-locations-nl li.standard a:before { background:url(\/wp-content\/uploads\/mini-standard.jpg?v2) }\n\t\t\tul#menu-locations-nl li.confort a:before { background:url(\/wp-content\/uploads\/mini-confort.jpg?v2) }\n\t\t\tul#menu-locations-nl li.trekduo a:before { background:url(\/wp-content\/uploads\/mini-tente-trek-duo.jpg?v2) }\n\t\t\tul#menu-locations-nl li.ecolodge a:before { background:url(\/wp-content\/uploads\/mini-ecolodge.jpg?v2) }\n\t\t\tul#menu-locations-nl li.canada a:before { background:url(\/wp-content\/uploads\/mini-canada-02.jpg?v2) }\n\t\t\tul#menu-locations-nl li.yourtecocoon a:before { background:url(\/wp-content\/uploads\/mini-yourtecocoon-02.jpg) }\n\t\t\tul#menu-locations-nl li.yourtefamilyzen a:before { background:url(\/wp-content\/uploads\/mini-family-zen.jpg) }\n            <\/style>\n\t\t\t<div class=\"menu-locations-nl-container\"><ul id=\"menu-locations-nl\" class=\"menu\"><li id=\"menu-item-5922\" class=\"emplacementriviere menu-item menu-item-type-post_type menu-item-object-page menu-item-5922\"><a href=\"https:\/\/www.village-nature-zen.com\/nl\/accommodatie\/staanplaatsen-camping-ardeche\/aan-de-rivierkant\/\">Aan de rivierkant<br><small>tot 6 personen<\/small><\/a><\/li>\n<li id=\"menu-item-5921\" class=\"emplacementnature menu-item menu-item-type-post_type menu-item-object-page menu-item-5921\"><a href=\"https:\/\/www.village-nature-zen.com\/nl\/accommodatie\/staanplaatsen-camping-ardeche\/natuurstaanplaatsen\/\">Natuurstaanplaatsen<br><small>tot 6 personen<\/small><\/a><\/li>\n<li id=\"menu-item-5923\" class=\"loggia menu-item menu-item-type-post_type menu-item-object-page menu-item-5923\"><a href=\"https:\/\/www.village-nature-zen.com\/nl\/accommodatie\/mobilhomes\/loggia-mobilhomes\/\">Loggia mobilhomes<br><small>tot 4 personen<\/small><\/a><\/li>\n<li id=\"menu-item-5924\" class=\"standard menu-item menu-item-type-post_type menu-item-object-page menu-item-5924\"><a href=\"https:\/\/www.village-nature-zen.com\/nl\/accommodatie\/mobilhomes\/standard-mobilhomes\/\">Standard mobilhomes<br><small>tot 5 personen<\/small><\/a><\/li>\n<li id=\"menu-item-5925\" class=\"confort menu-item menu-item-type-post_type menu-item-object-page menu-item-5925\"><a href=\"https:\/\/www.village-nature-zen.com\/nl\/accommodatie\/mobilhomes\/confort-mobilhomes\/\">Confort mobilhomes<br><small>tot 6 personen<\/small><\/a><\/li>\n<li id=\"menu-item-5926\" class=\"trekduo menu-item menu-item-type-post_type menu-item-object-page menu-item-5926\"><a href=\"https:\/\/www.village-nature-zen.com\/nl\/accommodatie\/ongewone-lodges\/trek-duo-tenten\/\">Trek Duo-tenten<br><small>tot 2 personen<\/small><\/a><\/li>\n<li id=\"menu-item-5927\" class=\"ecolodge menu-item menu-item-type-post_type menu-item-object-page menu-item-5927\"><a href=\"https:\/\/www.village-nature-zen.com\/nl\/accommodatie\/ongewone-lodges\/ecolodge-tenten\/\">Ecolodge-tenten<br><small>tot 4 personen<\/small><\/a><\/li>\n<li id=\"menu-item-5928\" class=\"canada menu-item menu-item-type-post_type menu-item-object-page menu-item-5928\"><a href=\"https:\/\/www.village-nature-zen.com\/nl\/accommodatie\/ongewone-lodges\/canada-tenten\/\">Canada-tenten<br><small>tot 5 personen<\/small><\/a><\/li>\n<li id=\"menu-item-9843\" class=\"yourtecocoon menu-item menu-item-type-post_type menu-item-object-page menu-item-9843\"><a href=\"https:\/\/www.village-nature-zen.com\/nl\/accommodatie\/ongewone-cocoon\/cocoon-duo-yurts\/\">Cocoon Duo Yurts<br><small>tot 2 personen<\/small><\/a><\/li>\n<li id=\"menu-item-9844\" class=\"yourtefamilyzen menu-item menu-item-type-post_type menu-item-object-page menu-item-9844\"><a href=\"https:\/\/www.village-nature-zen.com\/nl\/accommodatie\/ongewone-cocoon\/harmonie-yurt\/\">Harmonie Yurt<br><small>tot 4 personen<\/small><\/a><\/li>\n<\/ul><\/div><\/div><style type=\"text\/css\">.fusion-body .fusion-builder-column-5{width:100% !important;margin-top : 0px;margin-bottom : 20px;}.fusion-builder-column-5 > .fusion-column-wrapper {padding-top : 0px !important;padding-right : 0px !important;margin-right : 1.92%;padding-bottom : 0px !important;padding-left : 0px !important;margin-left : 1.92%;}@media only screen and (max-width:1024px) {.fusion-body .fusion-builder-column-5{width:100% !important;order : 0;}.fusion-builder-column-5 > .fusion-column-wrapper {margin-right : 1.92%;margin-left : 1.92%;}}@media only screen and (max-width:640px) {.fusion-body .fusion-builder-column-5{width:100% !important;order : 0;}.fusion-builder-column-5 > .fusion-column-wrapper {margin-right : 1.92%;margin-left : 1.92%;}}<\/style><\/div><\/div><style type=\"text\/css\">.fusion-body .fusion-flex-container.fusion-builder-row-2{ padding-top : 0px;margin-top : 0px;padding-right : 0px;padding-bottom : 0px;margin-bottom : 0px;padding-left : 0px;}<\/style><\/div><\/p>\n","protected":false},"excerpt":{"rendered":"","protected":false},"author":1,"featured_media":0,"parent":6951,"menu_order":0,"comment_status":"closed","ping_status":"closed","template":"","meta":{"footnotes":""},"class_list":["post-1951","page","type-page","status-publish","hentry"],"acf":[],"_links":{"self":[{"href":"https:\/\/www.village-nature-zen.com\/nl\/wp-json\/wp\/v2\/pages\/1951","targetHints":{"allow":["GET"]}}],"collection":[{"href":"https:\/\/www.village-nature-zen.com\/nl\/wp-json\/wp\/v2\/pages"}],"about":[{"href":"https:\/\/www.village-nature-zen.com\/nl\/wp-json\/wp\/v2\/types\/page"}],"author":[{"embeddable":true,"href":"https:\/\/www.village-nature-zen.com\/nl\/wp-json\/wp\/v2\/users\/1"}],"replies":[{"embeddable":true,"href":"https:\/\/www.village-nature-zen.com\/nl\/wp-json\/wp\/v2\/comments?post=1951"}],"version-history":[{"count":11,"href":"https:\/\/www.village-nature-zen.com\/nl\/wp-json\/wp\/v2\/pages\/1951\/revisions"}],"predecessor-version":[{"id":11074,"href":"https:\/\/www.village-nature-zen.com\/nl\/wp-json\/wp\/v2\/pages\/1951\/revisions\/11074"}],"up":[{"embeddable":true,"href":"https:\/\/www.village-nature-zen.com\/nl\/wp-json\/wp\/v2\/pages\/6951"}],"wp:attachment":[{"href":"https:\/\/www.village-nature-zen.com\/nl\/wp-json\/wp\/v2\/media?parent=1951"}],"curies":[{"name":"wp","href":"https:\/\/api.w.org\/{rel}","templated":true}]}}