{"id":1948,"date":"2020-01-02T10:03:08","date_gmt":"2020-01-02T09:03:08","guid":{"rendered":"https:\/\/www.village-nature-zen.com\/hebergements-insolites\/"},"modified":"2025-09-19T15:18:12","modified_gmt":"2025-09-19T13:18:12","slug":"ongewone-lodges","status":"publish","type":"page","link":"https:\/\/www.village-nature-zen.com\/nl\/accommodatie\/ongewone-lodges\/","title":{"rendered":"Ongewone Lodges"},"content":{"rendered":"<p><div class=\"fusion-fullwidth fullwidth-box fusion-builder-row-1 nonhundred-percent-fullwidth non-hundred-percent-height-scrolling\" style=\"background-color: rgba(255,255,255,0);background-position: center center;background-repeat: no-repeat;padding-top:0px;padding-right:0px;padding-bottom:0px;padding-left:0px;margin-bottom: 0px;margin-top: 0px;border-width: 0px 0px 0px 0px;border-color:#eae9e9;border-style:solid;\" ><div class=\"fusion-builder-row fusion-row\"><div class=\"fusion-layout-column fusion_builder_column fusion-builder-column-0 fusion_builder_column_1_1 1_1 fusion-one-full fusion-column-first fusion-column-last\" style=\"margin-top:0px;margin-bottom:20px;\"><div class=\"fusion-column-wrapper fusion-flex-column-wrapper-legacy\" style=\"background-position:left top;background-repeat:no-repeat;-webkit-background-size:cover;-moz-background-size:cover;-o-background-size:cover;background-size:cover;padding: 0px 0px 0px 0px;\"><style type=\"text\/css\"><\/style><div class=\"fusion-title title fusion-title-1 fusion-sep-none fusion-title-center fusion-title-text fusion-title-size-two\" style=\"margin-top:0px;margin-right:0px;margin-bottom:31px;margin-left:0px;\"><h2 class=\"title-heading-center\" style=\"margin:0;\">Test onze Ecolodges voor een glampinggevoel met gemak<span class=\"stitle\"> 3 Soorten Lodge tenten zonder sanitair: 1-2 kamers voor 2 tot 5 personen<\/span><\/h2><\/div><div class=\"fusion-text fusion-text-1\"><p style=\"text-align: center;\">U heeft besloten om uw koffers te pakken en richting de Ard\u00e8che te trekken, maar u <strong>heeft nog nooit gekampeerd<\/strong>, of heeft u behoefte aan een vleugje comfort?\u00a0 Deze <strong>ongewone bungalows<\/strong>, voorzien van een constructie uit doek en hout, zijn het ideale concept voor een geslaagde vakantie om tot rust te komen!<\/p>\n<p style=\"text-align: center;\">Deze accommodatie is de gulden middenweg: u geniet er van de <strong>charme van het kamperen <\/strong>in een tent en beschikt eveneens over alle comfort dat een <strong>mobilhome<\/strong> u zou bieden. Ook qua <strong>budget <\/strong>is dit een geslaagd alternatief voor een gezellige vakantie in de Ard\u00e8che!<\/p>\n<\/div><div class=\"fusion-clearfix\"><\/div><\/div><\/div><div class=\"fusion-layout-column fusion_builder_column fusion-builder-column-1 fusion_builder_column_1_4 1_4 fusion-one-fourth fusion-column-first\" style=\"width:25%;width:calc(25% - ( ( 30px + 30px + 30px ) * 0.25 ) );margin-right: 30px;margin-top:0px;margin-bottom:20px;\"><div class=\"fusion-column-wrapper fusion-flex-column-wrapper-legacy\" style=\"background-position:left top;background-repeat:no-repeat;-webkit-background-size:cover;-moz-background-size:cover;-o-background-size:cover;background-size:cover;padding: 60px 0px 0px 0px;\"><div class=\"fusion-text fusion-text-2\"><p>Village Nature Zen &#8211; 3-sterrencamping biedt <strong>3 soorten<\/strong> <strong>uitgeruste tenten <\/strong>aan, zonder sanitaire voorziening, die het ideale concept zijn indien u kiest voor een <strong>ongewoon verblijf <\/strong>midden in de natuur.<\/p>\n<p>De bungalows zijn gelegen op prachtige percelen met <strong>uitzicht op de rivier <\/strong>of dicht bij de sanitaire voorzieningen. Onze unieke tenten zijn <strong>volledig uitgerust <\/strong>(geen beddengoed) en bieden u al het nodige om te slapen, te koken, er zaken op te bergen en te genieten van de tuin.<\/p>\n<p>Voor reizigers die <strong>rondtrekken <\/strong>en op zoek zijn naar een gezellige <strong>tussenstop of een plekje voor een paar nachten, <\/strong>is onze <strong>Trek Duo-tent<\/strong> de ideale formule: geniet van het comfort dat een <strong>echt bed <\/strong>en een minimalistische uitrusting u te bieden hebben en laat u verleiden door de <strong>leuke facetten van het kamperen!<\/strong><\/p>\n<p><strong>\u00a0<\/strong>En als u de smaak te pakken heeft en nog wil genieten van onze <strong>karaktervolle dorpen, <\/strong>onze <strong>wandelroutes <\/strong>of de <strong>bergpasssen van de Ard\u00e8che<\/strong>, kunt u ook altijd uw verblijf verlengen!<\/p>\n<\/div><div class=\"fusion-clearfix\"><\/div><\/div><\/div><div class=\"fusion-layout-column fusion_builder_column fusion-builder-column-2 fusion_builder_column_1_4 1_4 fusion-one-fourth bloc-menu-page-parent galerie\" style=\"width:25%;width:calc(25% - ( ( 30px + 30px + 30px ) * 0.25 ) );margin-right: 30px;margin-top:0px;margin-bottom:20px;\"><div class=\"fusion-column-wrapper fusion-flex-column-wrapper-legacy\" style=\"background-position:left top;background-repeat:no-repeat;-webkit-background-size:cover;-moz-background-size:cover;-o-background-size:cover;background-size:cover;padding: 0px 0px 0px 0px;\"><style type=\"text\/css\"><\/style><div class=\"fusion-title title fusion-title-2 fusion-sep-none fusion-title-center fusion-title-text fusion-title-size-three\" style=\"margin-top:0px;margin-right:0px;margin-bottom:31px;margin-left:0px;\"><h3 class=\"title-heading-center\" style=\"margin:0;\">De Trek Duo-tenten<\/h3><\/div><div class=\"fusion-text fusion-text-3\"><p style=\"text-align: center;\"><strong>1 kamer &#8211; 2 personen &#8211; 6 m\u00b2<\/strong><\/p>\n<\/div><div class=\"fusion-sep-clear\"><\/div><div class=\"fusion-separator fusion-full-width-sep\" style=\"margin-left: auto;margin-right: auto;margin-top:10px;width:100%;\"><\/div><div class=\"fusion-sep-clear\"><\/div><div class=\"imageframe-align-center\"><span class=\" fusion-imageframe imageframe-none imageframe-1 hover-type-none\"><a class=\"fusion-no-lightbox\" href=\"\/nl\/ongewone-overnachting\/trek-duo-tenten\/\" target=\"_self\" aria-label=\"Duo Trek-tent\"><img decoding=\"async\" width=\"450\" height=\"330\" alt=\"Duo Trek-tent\" src=\"https:\/\/www.village-nature-zen.com\/wp-content\/uploads\/tente-trek-duo-02-450x330.jpg\" class=\"img-responsive wp-image-2838\"\/><\/a><\/span><\/div><div class=\"fusion-aligncenter\"><style>.fusion-button.button-1{border-radius:0px 0px 0px 0px;}<\/style><a class=\"fusion-button button-flat fusion-button-default-size button-default button-1 fusion-button-default-span fusion-button-default-type plusdinfos\" target=\"_self\" href=\"\/nl\/ongewone-overnachting\/trek-duo-tenten\/\"><span class=\"fusion-button-text\">Ik kies mijn ongewone tent<\/span><\/a><\/div><div class=\"fusion-clearfix\"><\/div><\/div><\/div><div class=\"fusion-layout-column fusion_builder_column fusion-builder-column-3 fusion_builder_column_1_4 1_4 fusion-one-fourth bloc-menu-page-parent galerie\" style=\"width:25%;width:calc(25% - ( ( 30px + 30px + 30px ) * 0.25 ) );margin-right: 30px;margin-top:0px;margin-bottom:20px;\"><div class=\"fusion-column-wrapper fusion-flex-column-wrapper-legacy\" style=\"background-position:left top;background-repeat:no-repeat;-webkit-background-size:cover;-moz-background-size:cover;-o-background-size:cover;background-size:cover;padding: 0px 0px 0px 0px;\"><style type=\"text\/css\"><\/style><div class=\"fusion-title title fusion-title-3 fusion-sep-none fusion-title-center fusion-title-text fusion-title-size-three\" style=\"margin-top:0px;margin-right:0px;margin-bottom:31px;margin-left:0px;\"><h3 class=\"title-heading-center\" style=\"margin:0;\">De Ecolodge-tenten<\/h3><\/div><div class=\"fusion-text fusion-text-4\"><p style=\"text-align: center;\"><strong>2 kamers &#8211; 4 personen &#8211; 17 m\u00b2<\/strong><\/p>\n<\/div><div class=\"fusion-sep-clear\"><\/div><div class=\"fusion-separator fusion-full-width-sep\" style=\"margin-left: auto;margin-right: auto;margin-top:10px;width:100%;\"><\/div><div class=\"fusion-sep-clear\"><\/div><div class=\"imageframe-align-center\"><span class=\" fusion-imageframe imageframe-none imageframe-2 hover-type-none\"><a class=\"fusion-no-lightbox\" href=\"\/nl\/ongewone-overnachting\/ecolodge-tenten\/\" target=\"_self\" aria-label=\"Ecolodge-tenten\"><img decoding=\"async\" width=\"450\" height=\"330\" alt=\"Ecolodge-tenten\" src=\"https:\/\/www.village-nature-zen.com\/wp-content\/uploads\/tente-ecolodge-liste-450x330.jpg\" class=\"img-responsive wp-image-3378\"\/><\/a><\/span><\/div><div class=\"fusion-aligncenter\"><style>.fusion-button.button-2{border-radius:0px 0px 0px 0px;}<\/style><a class=\"fusion-button button-flat fusion-button-default-size button-default button-2 fusion-button-default-span fusion-button-default-type plusdinfos\" target=\"_self\" href=\"\/nl\/ongewone-overnachting\/ecolodge-tenten\/\"><span class=\"fusion-button-text\">Ik kies mijn ongewone tent<\/span><\/a><\/div><div class=\"fusion-clearfix\"><\/div><\/div><\/div><div class=\"fusion-layout-column fusion_builder_column fusion-builder-column-4 fusion_builder_column_1_4 1_4 fusion-one-fourth fusion-column-last bloc-menu-page-parent galerie\" style=\"width:25%;width:calc(25% - ( ( 30px + 30px + 30px ) * 0.25 ) );margin-top:0px;margin-bottom:20px;\"><div class=\"fusion-column-wrapper fusion-flex-column-wrapper-legacy\" style=\"background-position:left top;background-repeat:no-repeat;-webkit-background-size:cover;-moz-background-size:cover;-o-background-size:cover;background-size:cover;padding: 0px 0px 0px 0px;\"><style type=\"text\/css\"><\/style><div class=\"fusion-title title fusion-title-4 fusion-sep-none fusion-title-center fusion-title-text fusion-title-size-three\" style=\"margin-top:0px;margin-right:0px;margin-bottom:31px;margin-left:0px;\"><h3 class=\"title-heading-center\" style=\"margin:0;\">De Canada-tenten<\/h3><\/div><div class=\"fusion-text fusion-text-5\"><p style=\"text-align: center;\"><strong>2 kamers &#8211; 4\/5 personen &#8211; 20 m\u00b2<\/strong><\/p>\n<\/div><div class=\"fusion-sep-clear\"><\/div><div class=\"fusion-separator fusion-full-width-sep\" style=\"margin-left: auto;margin-right: auto;margin-top:10px;width:100%;\"><\/div><div class=\"fusion-sep-clear\"><\/div><div class=\"imageframe-align-center\"><span class=\" fusion-imageframe imageframe-none imageframe-3 hover-type-none\"><a class=\"fusion-no-lightbox\" href=\"\/nl\/ongewone-overnachting\/canada-tenten\/\" target=\"_self\" aria-label=\"Canada-tenten\"><img decoding=\"async\" width=\"450\" height=\"330\" alt=\"Canada-tenten\" src=\"https:\/\/www.village-nature-zen.com\/wp-content\/uploads\/tente-canada-liste-450x330.jpg\" class=\"img-responsive wp-image-3374\"\/><\/a><\/span><\/div><div class=\"fusion-aligncenter\"><style>.fusion-button.button-3{border-radius:0px 0px 0px 0px;}<\/style><a class=\"fusion-button button-flat fusion-button-default-size button-default button-3 fusion-button-default-span fusion-button-default-type plusdinfos\" target=\"_self\" href=\"\/nl\/ongewone-overnachting\/canada-tenten\/\"><span class=\"fusion-button-text\">Ik kies mijn ongewone tent<\/span><\/a><\/div><div class=\"fusion-clearfix\"><\/div><\/div><\/div><\/div><\/div><div class=\"fusion-fullwidth fullwidth-box fusion-builder-row-2 fusion-flex-container nonhundred-percent-fullwidth non-hundred-percent-height-scrolling\" style=\"background-color: rgba(255,255,255,0);background-position: center center;background-repeat: no-repeat;border-width: 0px 0px 0px 0px;border-color:#eae9e9;border-style:solid;\" ><div class=\"fusion-builder-row fusion-row fusion-flex-align-items-flex-start\" style=\"max-width:1456px;margin-left: calc(-4% \/ 2 );margin-right: calc(-4% \/ 2 );\"><div class=\"fusion-layout-column fusion_builder_column fusion-builder-column-5 fusion_builder_column_1_1 1_1 fusion-flex-column\"><div class=\"fusion-column-wrapper fusion-flex-justify-content-flex-start fusion-content-layout-column\" style=\"background-position:left top;background-repeat:no-repeat;-webkit-background-size:cover;-moz-background-size:cover;-o-background-size:cover;background-size:cover;padding: 0px 0px 0px 0px;\"><div class=\"fusion-separator fusion-full-width-sep\" style=\"align-self: center;margin-left: auto;margin-right: auto;margin-top:30 px;width:100%;\"><\/div><style type=\"text\/css\">@media only screen and (max-width:1024px) {.fusion-title.fusion-title-5{margin-top:0px!important; margin-right:0px!important;margin-bottom:31px!important;margin-left:0px!important;}}@media only screen and (max-width:640px) {.fusion-title.fusion-title-5{margin-top:0px!important; margin-right:0px!important;margin-bottom:20px!important; margin-left:0px!important;}}<\/style><div class=\"fusion-title title fusion-title-5 fusion-sep-none fusion-title-center fusion-title-text fusion-title-size-three\" style=\"margin-top:0px;margin-right:0px;margin-bottom:31px;margin-left:0px;\"><h3 class=\"title-heading-center\" style=\"margin:0;\">Ontdek onze andere accomodaties in\u00a0 de Ard\u00e8che in \u00e9\u00e9n klik<\/h3><\/div>\t\t\t<style>\n            ul#menu-locations-nl { list-style: none; padding-left: 0; text-align: center; }\n\t\t\tul#menu-locations-nl li { display: inline-block; margin: 20px 5px 0px 5px; min-width: 95%; background: #2092a0; padding: 0px; }\n\t\t\t@media screen and (min-width: 610px) { ul#menu-locations-nl li { min-width: calc(50% - 15px); } }\n\t\t\t@media screen and (min-width: 800px) { ul#menu-locations-nl li { min-width: calc(40% - 15px); } }\n\t\t\t@media screen and (min-width: 990px) { ul#menu-locations-nl li { min-width: calc(30% - 15px); } }\n\t\t\t@media screen and (min-width: 1380px) { ul#menu-locations-nl li { min-width: calc(20% - 15px); } }\n\t\t\tul#menu-locations-nl li.current-menu-item { display:none; background:#3fb6c5; box-shadow: inset 0 3px 5px rgba(0,0,0,.125); }\n\t\t\tul#menu-locations-nl li a { text-align: left; width: 100%; display: inline-block; color: #fff; padding: 10px 15px 10px 95px; position: relative; line-height: 1; }\n\t\t\tul#menu-locations-nl li a:hover { background:#3fb6c5; }\n\t\t\tul#menu-locations-nl li a:after { display: inline-block; content: \" \"; position: absolute; top: -5px; bottom: -5px; left: 78px; width: 1px; background:#fff }\n\t\t\tul#menu-locations-nl li a:before { display: inline-block; content: \" \"; position: absolute; top: -5px; bottom: -5px; left: 0; width: 76px; border: 1px solid #3fb6c5; padding: 0px; }\n\t\t\tul#menu-locations-nl li.emplacement a:before { background:url(\/wp-content\/uploads\/mini-emplacement.jpg?v2) }\n\t\t\tul#menu-locations-nl li.emplacementriviere a:before { background:url(\/wp-content\/uploads\/mini-emplacement-cote-riviere.jpg?v2) }\n\t\t\tul#menu-locations-nl li.emplacementnature a:before { background:url(\/wp-content\/uploads\/mini-emplacement-grandeur-nature.jpg?v2) }\n\t\t\tul#menu-locations-nl li.loggia a:before { background:url(\/wp-content\/uploads\/mini-loggia.jpg?v2) }\n\t\t\tul#menu-locations-nl li.standard a:before { background:url(\/wp-content\/uploads\/mini-standard.jpg?v2) }\n\t\t\tul#menu-locations-nl li.confort a:before { background:url(\/wp-content\/uploads\/mini-confort.jpg?v2) }\n\t\t\tul#menu-locations-nl li.trekduo a:before { background:url(\/wp-content\/uploads\/mini-tente-trek-duo.jpg?v2) }\n\t\t\tul#menu-locations-nl li.ecolodge a:before { background:url(\/wp-content\/uploads\/mini-ecolodge.jpg?v2) }\n\t\t\tul#menu-locations-nl li.canada a:before { background:url(\/wp-content\/uploads\/mini-canada-02.jpg?v2) }\n\t\t\tul#menu-locations-nl li.yourtecocoon a:before { background:url(\/wp-content\/uploads\/mini-yourtecocoon-02.jpg) }\n\t\t\tul#menu-locations-nl li.yourtefamilyzen a:before { background:url(\/wp-content\/uploads\/mini-family-zen.jpg) }\n            <\/style>\n\t\t\t<div class=\"menu-locations-nl-container\"><ul id=\"menu-locations-nl\" class=\"menu\"><li id=\"menu-item-5922\" class=\"emplacementriviere menu-item menu-item-type-post_type menu-item-object-page menu-item-5922\"><a href=\"https:\/\/www.village-nature-zen.com\/nl\/accommodatie\/staanplaatsen-camping-ardeche\/aan-de-rivierkant\/\">Aan de rivierkant<br><small>tot 6 personen<\/small><\/a><\/li>\n<li id=\"menu-item-5921\" class=\"emplacementnature menu-item menu-item-type-post_type menu-item-object-page menu-item-5921\"><a href=\"https:\/\/www.village-nature-zen.com\/nl\/accommodatie\/staanplaatsen-camping-ardeche\/natuurstaanplaatsen\/\">Natuurstaanplaatsen<br><small>tot 6 personen<\/small><\/a><\/li>\n<li id=\"menu-item-5923\" class=\"loggia menu-item menu-item-type-post_type menu-item-object-page menu-item-5923\"><a href=\"https:\/\/www.village-nature-zen.com\/nl\/accommodatie\/mobilhomes\/loggia-mobilhomes\/\">Loggia mobilhomes<br><small>tot 4 personen<\/small><\/a><\/li>\n<li id=\"menu-item-5924\" class=\"standard menu-item menu-item-type-post_type menu-item-object-page menu-item-5924\"><a href=\"https:\/\/www.village-nature-zen.com\/nl\/accommodatie\/mobilhomes\/standard-mobilhomes\/\">Standard mobilhomes<br><small>tot 5 personen<\/small><\/a><\/li>\n<li id=\"menu-item-5925\" class=\"confort menu-item menu-item-type-post_type menu-item-object-page menu-item-5925\"><a href=\"https:\/\/www.village-nature-zen.com\/nl\/accommodatie\/mobilhomes\/confort-mobilhomes\/\">Confort mobilhomes<br><small>tot 6 personen<\/small><\/a><\/li>\n<li id=\"menu-item-5926\" class=\"trekduo menu-item menu-item-type-post_type menu-item-object-page menu-item-5926\"><a href=\"https:\/\/www.village-nature-zen.com\/nl\/accommodatie\/ongewone-lodges\/trek-duo-tenten\/\">Trek Duo-tenten<br><small>tot 2 personen<\/small><\/a><\/li>\n<li id=\"menu-item-5927\" class=\"ecolodge menu-item menu-item-type-post_type menu-item-object-page menu-item-5927\"><a href=\"https:\/\/www.village-nature-zen.com\/nl\/accommodatie\/ongewone-lodges\/ecolodge-tenten\/\">Ecolodge-tenten<br><small>tot 4 personen<\/small><\/a><\/li>\n<li id=\"menu-item-5928\" class=\"canada menu-item menu-item-type-post_type menu-item-object-page menu-item-5928\"><a href=\"https:\/\/www.village-nature-zen.com\/nl\/accommodatie\/ongewone-lodges\/canada-tenten\/\">Canada-tenten<br><small>tot 5 personen<\/small><\/a><\/li>\n<li id=\"menu-item-9843\" class=\"yourtecocoon menu-item menu-item-type-post_type menu-item-object-page menu-item-9843\"><a href=\"https:\/\/www.village-nature-zen.com\/nl\/accommodatie\/ongewone-cocoon\/cocoon-duo-yurts\/\">Cocoon Duo Yurts<br><small>tot 2 personen<\/small><\/a><\/li>\n<li id=\"menu-item-9844\" class=\"yourtefamilyzen menu-item menu-item-type-post_type menu-item-object-page menu-item-9844\"><a href=\"https:\/\/www.village-nature-zen.com\/nl\/accommodatie\/ongewone-cocoon\/harmonie-yurt\/\">Harmonie Yurt<br><small>tot 4 personen<\/small><\/a><\/li>\n<\/ul><\/div><\/div><style type=\"text\/css\">.fusion-body .fusion-builder-column-5{width:100% !important;margin-top : 0px;margin-bottom : 20px;}.fusion-builder-column-5 > .fusion-column-wrapper {padding-top : 0px !important;padding-right : 0px !important;margin-right : 1.92%;padding-bottom : 0px !important;padding-left : 0px !important;margin-left : 1.92%;}@media only screen and (max-width:1024px) {.fusion-body .fusion-builder-column-5{width:100% !important;order : 0;}.fusion-builder-column-5 > .fusion-column-wrapper {margin-right : 1.92%;margin-left : 1.92%;}}@media only screen and (max-width:640px) {.fusion-body .fusion-builder-column-5{width:100% !important;order : 0;}.fusion-builder-column-5 > .fusion-column-wrapper {margin-right : 1.92%;margin-left : 1.92%;}}<\/style><\/div><\/div><style type=\"text\/css\">.fusion-body .fusion-flex-container.fusion-builder-row-2{ padding-top : 0px;margin-top : 0px;padding-right : 0px;padding-bottom : 0px;margin-bottom : 0px;padding-left : 0px;}<\/style><\/div><\/p>\n","protected":false},"excerpt":{"rendered":"","protected":false},"author":1,"featured_media":0,"parent":6951,"menu_order":0,"comment_status":"closed","ping_status":"closed","template":"","meta":{"footnotes":""},"class_list":["post-1948","page","type-page","status-publish","hentry"],"acf":[],"_links":{"self":[{"href":"https:\/\/www.village-nature-zen.com\/nl\/wp-json\/wp\/v2\/pages\/1948","targetHints":{"allow":["GET"]}}],"collection":[{"href":"https:\/\/www.village-nature-zen.com\/nl\/wp-json\/wp\/v2\/pages"}],"about":[{"href":"https:\/\/www.village-nature-zen.com\/nl\/wp-json\/wp\/v2\/types\/page"}],"author":[{"embeddable":true,"href":"https:\/\/www.village-nature-zen.com\/nl\/wp-json\/wp\/v2\/users\/1"}],"replies":[{"embeddable":true,"href":"https:\/\/www.village-nature-zen.com\/nl\/wp-json\/wp\/v2\/comments?post=1948"}],"version-history":[{"count":10,"href":"https:\/\/www.village-nature-zen.com\/nl\/wp-json\/wp\/v2\/pages\/1948\/revisions"}],"predecessor-version":[{"id":11091,"href":"https:\/\/www.village-nature-zen.com\/nl\/wp-json\/wp\/v2\/pages\/1948\/revisions\/11091"}],"up":[{"embeddable":true,"href":"https:\/\/www.village-nature-zen.com\/nl\/wp-json\/wp\/v2\/pages\/6951"}],"wp:attachment":[{"href":"https:\/\/www.village-nature-zen.com\/nl\/wp-json\/wp\/v2\/media?parent=1948"}],"curies":[{"name":"wp","href":"https:\/\/api.w.org\/{rel}","templated":true}]}}