{"id":7305,"date":"2024-01-24T11:06:00","date_gmt":"2024-01-24T10:06:00","guid":{"rendered":"https:\/\/www.village-nature-zen.com\/espace-bien-etre\/"},"modified":"2025-11-04T23:12:49","modified_gmt":"2025-11-04T22:12:49","slug":"wellnessbereich","status":"publish","type":"page","link":"https:\/\/www.village-nature-zen.com\/de\/wellnessbereich\/","title":{"rendered":"Wellnessbereich"},"content":{"rendered":"<div class=\"fusion-fullwidth fullwidth-box fusion-builder-row-1 fusion-flex-container nonhundred-percent-fullwidth non-hundred-percent-height-scrolling\" style=\"background-color: rgba(255,255,255,0);background-position: center center;background-repeat: no-repeat;border-width: 0px 0px 0px 0px;border-color:#eae9e9;border-style:solid;\" ><div class=\"fusion-builder-row fusion-row fusion-flex-align-items-flex-start fusion-flex-justify-content-center\" style=\"max-width:1456px;margin-left: calc(-4% \/ 2 );margin-right: calc(-4% \/ 2 );\"><div class=\"fusion-layout-column fusion_builder_column fusion-builder-column-0 fusion_builder_column_1_1 1_1 fusion-flex-column\"><div class=\"fusion-column-wrapper fusion-flex-justify-content-flex-start fusion-content-layout-column\" style=\"background-position:left top;background-repeat:no-repeat;-webkit-background-size:cover;-moz-background-size:cover;-o-background-size:cover;background-size:cover;padding: 0px 0px 0px 0px;\"><style type=\"text\/css\">@media only screen and (max-width:1024px) {.fusion-title.fusion-title-1{margin-top:0px!important; margin-right:0px!important;margin-bottom:31px!important;margin-left:0px!important;}}@media only screen and (max-width:640px) {.fusion-title.fusion-title-1{margin-top:0px!important; margin-right:0px!important;margin-bottom:20px!important; margin-left:0px!important;}}<\/style><div class=\"fusion-title title fusion-title-1 fusion-sep-none fusion-title-center fusion-title-text fusion-title-size-two\" style=\"margin-top:0px;margin-right:0px;margin-bottom:31px;margin-left:0px;\"><h2 class=\"title-heading-center\" style=\"margin:0;\"><strong>WOHLBEFINDEN STEHT IM ZENTRUM DES LEBENS IM VILLAGE NATURE ZEN.<\/strong><\/h2><\/div><\/div><style type=\"text\/css\">.fusion-body .fusion-builder-column-0{width:100% !important;margin-top : 0px;margin-bottom : 20px;}.fusion-builder-column-0 > .fusion-column-wrapper {padding-top : 0px !important;padding-right : 0px !important;margin-right : 1.92%;padding-bottom : 0px !important;padding-left : 0px !important;margin-left : 1.92%;}@media only screen and (max-width:1024px) {.fusion-body .fusion-builder-column-0{width:100% !important;order : 0;}.fusion-builder-column-0 > .fusion-column-wrapper {margin-right : 1.92%;margin-left : 1.92%;}}@media only screen and (max-width:640px) {.fusion-body .fusion-builder-column-0{width:100% !important;order : 0;}.fusion-builder-column-0 > .fusion-column-wrapper {margin-right : 1.92%;margin-left : 1.92%;}}<\/style><\/div><div class=\"fusion-layout-column fusion_builder_column fusion-builder-column-1 fusion_builder_column_3_5 3_5 fusion-flex-column\"><div class=\"fusion-column-wrapper fusion-flex-justify-content-flex-start fusion-content-layout-column\" style=\"background-position:left top;background-repeat:no-repeat;-webkit-background-size:cover;-moz-background-size:cover;-o-background-size:cover;background-size:cover;padding: 0px 0px 0px 0px;\"><div class=\"fusion-text fusion-text-1\"><p style=\"text-align: center;\">Willkommen im <strong>Wellnessbereich<\/strong> des Village Nature Zen \u2013 einem Ort, der geschaffen wurde, um K\u00f6rper, Herz und Geist im Kontakt mit der Natur zu erwecken.<\/p>\n<p style=\"text-align: center;\">Eingebettet zwischen Klippen, Fl\u00fcssen und B\u00e4umen bietet dieser Bereich eine Atmosph\u00e4re der Ruhe, in der die Zeit langsamer zu vergehen scheint.<\/p>\n<p><strong>Orte, die f\u00fcr das Erlebnis geschaffen wurden.<\/strong><\/p>\n<ul>\n<li>Die <strong>gro\u00dfe Jurte<\/strong> auf ihrer Holzterrasse, offen zur Natur, im Winter beheizt, im Sommer klimatisiert.<\/li>\n<li>Die <strong>Cocoon-Jurten<\/strong> und das <strong>Lotus-Zelt<\/strong> f\u00fcr intimere Praktiken, Massagen oder Meditationen.<\/li>\n<li>Ecken <strong>am Flussufer<\/strong> oder unter B\u00e4umen f\u00fcr Spazierg\u00e4nge, Waldb\u00e4der, Momente des puren Eintauchens.<\/li>\n<\/ul>\n<p style=\"text-align: center;\">Praktiken, um sich selbst zu entdecken. Ob Sie sich f\u00fcr Yoga, Meditation, Sophrologie entscheiden&#8230; jedes Angebot ist darauf ausgerichtet, Ihnen zu helfen, wieder \u201eKontakt\u201d zu sich selbst, zum gegenw\u00e4rtigen Moment und zur Natur aufzunehmen.<\/p>\n<p style=\"text-align: center;\">Ihr Rhythmus, Ihr Weg: <strong>Tagesworkshops<\/strong>, Wochenenden, einw\u00f6chige <strong>Wellness-Retreats<\/strong> &#8230; es gibt kein vorgegebenes Format. Der einzige Zeitplan ist der Ihrer Atmung.<\/p>\n<p style=\"text-align: center;\">Sie sind eingeladen, eine echte Auszeit zu erleben \u2013 <strong>eine R\u00fcckkehr zum Wesentlichen.<\/strong><\/p>\n<\/div><\/div><style type=\"text\/css\">.fusion-body .fusion-builder-column-1{width:60% !important;margin-top : 0px;margin-bottom : 20px;}.fusion-builder-column-1 > .fusion-column-wrapper {padding-top : 0px !important;padding-right : 0px !important;margin-right : 3.2%;padding-bottom : 0px !important;padding-left : 0px !important;margin-left : 3.2%;}@media only screen and (max-width:1024px) {.fusion-body .fusion-builder-column-1{width:100% !important;order : 0;}.fusion-builder-column-1 > .fusion-column-wrapper {margin-right : 1.92%;margin-left : 1.92%;}}@media only screen and (max-width:640px) {.fusion-body .fusion-builder-column-1{width:100% !important;order : 0;}.fusion-builder-column-1 > .fusion-column-wrapper {margin-right : 1.92%;margin-left : 1.92%;}}<\/style><\/div><div class=\"fusion-layout-column fusion_builder_column fusion-builder-column-2 fusion_builder_column_1_1 1_1 fusion-flex-column\"><div class=\"fusion-column-wrapper fusion-flex-justify-content-flex-start fusion-content-layout-column\" style=\"background-position:left top;background-repeat:no-repeat;-webkit-background-size:cover;-moz-background-size:cover;-o-background-size:cover;background-size:cover;padding: 0px 0px 0px 0px;\">        <style>\n        #childs { display:flex !important; flex-wrap: wrap; justify-content: center; text-align:center }\n\t\t#childs article { position:relative; border:1px solid rgba(0,0,0,0.3); margin:4px; float:none; position:relative; width: calc(100% \/ 4.5) !important;  min-width: 260px; padding:10px 0; background-repeat: no-repeat; background-size: cover; background-position: center; height: 180px; }\n\t\t#childs article a { transition: 0.3s all; position: absolute; top: 0; bottom: 0; left: 0; right: 0; display:flex; display: flex; align-items: center; justify-content: center; }\n\t\t#childs article h3 { color: #fff; font-weight: bold; font-size: 16px; padding: 0 0 0 0; margin: 0; text-shadow: 2px 2px 5px black; font-family: 'Open Sans GF', sans-serif !important; }\n        #childs article:hover a, #childs article.hover a { background: rgb(0 0 0 \/ 30%); }\n        \/*exception(s)*\/\n\t\t#childs article#post-5421 { background-position: bottom center; }\n\t\t#childs article#post-5632 { background-position: top center; } \n        <\/style>\n        <div id=\"childs\" class=\"fusion-posts-container fusion-posts-container-no\">\n\t\t\t   \n                <article id=\"post-7302\" class=\"card\" data-id=\"7302\" style=\" background-image:url(https:\/\/www.village-nature-zen.com\/wp-content\/uploads\/programme-evenements-01-300x300.jpg)\">\n                \t<a href=\"https:\/\/www.village-nature-zen.com\/de\/wellnessbereich\/veranstaltungsprogramm\/\" title=\"Veranstaltungsprogramm\">\n                        <div class=\"content\">\n                            <h3>Veranstaltungsprogramm<\/h3>\n                        <\/div>\n                    <\/a>\n                <\/article>\n                   \n                <article id=\"post-11752\" class=\"card\" data-id=\"11752\" style=\" background-image:url(https:\/\/www.village-nature-zen.com\/wp-content\/uploads\/pass-bien-etre-300x300.jpg)\">\n                \t<a href=\"https:\/\/www.village-nature-zen.com\/de\/wellnessbereich\/wellness-pass\/\" title=\"Wellness-Pass\">\n                        <div class=\"content\">\n                            <h3>Wellness-Pass<\/h3>\n                        <\/div>\n                    <\/a>\n                <\/article>\n                   \n                <article id=\"post-7299\" class=\"card\" data-id=\"7299\" style=\" background-image:url(https:\/\/www.village-nature-zen.com\/wp-content\/uploads\/02-lotus-1-300x300.jpg)\">\n                \t<a href=\"https:\/\/www.village-nature-zen.com\/de\/wellnessbereich\/sommerworkshops\/\" title=\"Sommerworkshops\">\n                        <div class=\"content\">\n                            <h3>Sommerworkshops<\/h3>\n                        <\/div>\n                    <\/a>\n                <\/article>\n                   \n                <article id=\"post-7296\" class=\"card\" data-id=\"7296\" style=\" background-image:url(https:\/\/www.village-nature-zen.com\/wp-content\/uploads\/yourte-mega-menu-300x300.jpg)\">\n                \t<a href=\"https:\/\/www.village-nature-zen.com\/de\/wellnessbereich\/b2b-bereich\/\" title=\"B2B-Bereich\">\n                        <div class=\"content\">\n                            <h3>B2B-Bereich<\/h3>\n                        <\/div>\n                    <\/a>\n                <\/article>\n                        <\/div>\n        <\/div><style type=\"text\/css\">.fusion-body .fusion-builder-column-2{width:100% !important;margin-top : 50px;margin-bottom : 20px;}.fusion-builder-column-2 > .fusion-column-wrapper {padding-top : 0px !important;padding-right : 0px !important;margin-right : 1.92%;padding-bottom : 0px !important;padding-left : 0px !important;margin-left : 1.92%;}@media only screen and (max-width:1024px) {.fusion-body .fusion-builder-column-2{width:100% !important;order : 0;}.fusion-builder-column-2 > .fusion-column-wrapper {margin-right : 1.92%;margin-left : 1.92%;}}@media only screen and (max-width:640px) {.fusion-body .fusion-builder-column-2{width:100% !important;order : 0;}.fusion-builder-column-2 > .fusion-column-wrapper {margin-right : 1.92%;margin-left : 1.92%;}}<\/style><\/div><\/div><style type=\"text\/css\">.fusion-body .fusion-flex-container.fusion-builder-row-1{ padding-top : 0px;margin-top : 0px;padding-right : 0px;padding-bottom : 0px;margin-bottom : 0px;padding-left : 0px;}<\/style><\/div>\n","protected":false},"excerpt":{"rendered":"","protected":false},"author":1,"featured_media":0,"parent":0,"menu_order":0,"comment_status":"closed","ping_status":"closed","template":"","meta":{"footnotes":""},"class_list":["post-7305","page","type-page","status-publish","hentry"],"acf":[],"_links":{"self":[{"href":"https:\/\/www.village-nature-zen.com\/de\/wp-json\/wp\/v2\/pages\/7305","targetHints":{"allow":["GET"]}}],"collection":[{"href":"https:\/\/www.village-nature-zen.com\/de\/wp-json\/wp\/v2\/pages"}],"about":[{"href":"https:\/\/www.village-nature-zen.com\/de\/wp-json\/wp\/v2\/types\/page"}],"author":[{"embeddable":true,"href":"https:\/\/www.village-nature-zen.com\/de\/wp-json\/wp\/v2\/users\/1"}],"replies":[{"embeddable":true,"href":"https:\/\/www.village-nature-zen.com\/de\/wp-json\/wp\/v2\/comments?post=7305"}],"version-history":[{"count":6,"href":"https:\/\/www.village-nature-zen.com\/de\/wp-json\/wp\/v2\/pages\/7305\/revisions"}],"predecessor-version":[{"id":11429,"href":"https:\/\/www.village-nature-zen.com\/de\/wp-json\/wp\/v2\/pages\/7305\/revisions\/11429"}],"wp:attachment":[{"href":"https:\/\/www.village-nature-zen.com\/de\/wp-json\/wp\/v2\/media?parent=7305"}],"curies":[{"name":"wp","href":"https:\/\/api.w.org\/{rel}","templated":true}]}}