{"id":7296,"date":"2024-01-24T11:07:08","date_gmt":"2024-01-24T10:07:08","guid":{"rendered":"https:\/\/www.village-nature-zen.com\/espace-pro\/"},"modified":"2025-11-18T09:51:58","modified_gmt":"2025-11-18T08:51:58","slug":"b2b-bereich","status":"publish","type":"page","link":"https:\/\/www.village-nature-zen.com\/de\/wellnessbereich\/b2b-bereich\/","title":{"rendered":"B2B-Bereich"},"content":{"rendered":"<div class=\"fusion-fullwidth fullwidth-box fusion-builder-row-1 fusion-flex-container nonhundred-percent-fullwidth non-hundred-percent-height-scrolling\" style=\"background-color: rgba(255,255,255,0);background-position: center center;background-repeat: no-repeat;border-width: 0px 0px 0px 0px;border-color:#eae9e9;border-style:solid;\" ><div class=\"fusion-builder-row fusion-row fusion-flex-align-items-flex-start fusion-flex-justify-content-center\" style=\"max-width:1456px;margin-left: calc(-4% \/ 2 );margin-right: calc(-4% \/ 2 );\"><div class=\"fusion-layout-column fusion_builder_column fusion-builder-column-0 fusion_builder_column_3_5 3_5 fusion-flex-column bloc-bien-etre\"><div class=\"fusion-column-wrapper fusion-flex-justify-content-flex-start fusion-content-layout-column\" style=\"background-position:left top;background-repeat:no-repeat;-webkit-background-size:cover;-moz-background-size:cover;-o-background-size:cover;background-size:cover;padding: 0px 0px 0px 0px;\"><div class=\"fusion-text fusion-text-1\"><p style=\"text-align: center;\">Suchen Sie einen Ort <strong>inmitten der Natur<\/strong> f\u00fcr Ihr <strong>Wellness-Retreat<\/strong>, Ihre Veranstaltung, Ihren Tagesworkshop oder Ihre w\u00f6chentliche Session?<\/p>\n<p style=\"text-align: center;\">Der Village Nature Zen hat bestimmt die richtige Ausstattung f\u00fcr Sie!<\/p>\n<p style=\"text-align: center;\">Und f\u00fcr einen Aufenthalt mit Unterkunft bieten wir Ihnen Pauschalangebote, die Ihren Bed\u00fcrfnissen bestm\u00f6glich entsprechen.<\/p>\n<p style=\"text-align: center;\"><strong>Kontaktieren Sie uns gerne f\u00fcr weitere Informationen!<\/strong><\/p>\n<\/div><div style=\"text-align:center;\"><style>.fusion-button.button-1{border-radius:4px 4px 4px 4px;}<\/style><a class=\"fusion-button button-flat fusion-button-default-size button-default button-1 fusion-button-default-span fusion-button-default-type\" target=\"_blank\" rel=\"noopener noreferrer\" href=\"https:\/\/docs.google.com\/forms\/d\/e\/1FAIpQLSeO4vlQyWlZszGgjP-5E1hnd2rnx6F1JcxP869m_wLSL8eeeg\/viewform?usp=header\"><span class=\"fusion-button-text\">Angebot anfordern<\/span><\/a><\/div><div class=\"fusion-separator fusion-full-width-sep\" style=\"align-self: center;margin-left: auto;margin-right: auto;margin-top:15px;width:100%;\"><\/div><\/div><style type=\"text\/css\">.fusion-body .fusion-builder-column-0{width:60% !important;margin-top : 0px;margin-bottom : 50px;}.fusion-builder-column-0 > .fusion-column-wrapper {padding-top : 0px !important;padding-right : 0px !important;margin-right : 3.2%;padding-bottom : 0px !important;padding-left : 0px !important;margin-left : 3.2%;}@media only screen and (max-width:1024px) {.fusion-body .fusion-builder-column-0{width:100% !important;order : 0;}.fusion-builder-column-0 > .fusion-column-wrapper {margin-right : 1.92%;margin-left : 1.92%;}}@media only screen and (max-width:640px) {.fusion-body .fusion-builder-column-0{width:100% !important;order : 0;}.fusion-builder-column-0 > .fusion-column-wrapper {margin-right : 1.92%;margin-left : 1.92%;}}<\/style><\/div><div class=\"fusion-layout-column fusion_builder_column fusion-builder-column-1 fusion_builder_column_1_1 1_1 fusion-flex-column bloc-bien-etre\"><div class=\"fusion-column-wrapper fusion-flex-justify-content-flex-start fusion-content-layout-column\" style=\"background-position:left top;background-repeat:no-repeat;-webkit-background-size:cover;-moz-background-size:cover;-o-background-size:cover;background-size:cover;padding: 0px 0px 0px 0px;\"><div class=\"fusion-builder-row fusion-builder-row-inner fusion-row fusion-flex-align-items-flex-start fusion-flex-justify-content-center\" style=\"width:104% !important;max-width:104% !important;margin-left: calc(-4% \/ 2 );margin-right: calc(-4% \/ 2 );\"><div class=\"fusion-layout-column fusion_builder_column_inner fusion-builder-nested-column-0 fusion_builder_column_inner_1_4 1_4 fusion-flex-column\"><div class=\"fusion-column-wrapper fusion-flex-justify-content-flex-start fusion-content-layout-column\" style=\"background-position:left top;background-repeat:no-repeat;-webkit-background-size:cover;-moz-background-size:cover;-o-background-size:cover;background-size:cover;padding: 0px 0px 0px 0px;\"><div style=\"text-align:center;\"><span class=\" fusion-imageframe imageframe-none imageframe-1 hover-type-none\"><a href=\"https:\/\/www.village-nature-zen.com\/wp-content\/uploads\/yourte-mega-menu.jpg\" class=\"fusion-lightbox\" data-rel=\"iLightbox[2e6f3ad2eeb33e26677]\" data-title=\"WELLNESS-JURTE\" title=\"WELLNESS-JURTE\"><img decoding=\"async\" width=\"450\" height=\"330\" alt=\"WELLNESS-JURTE\" src=\"https:\/\/www.village-nature-zen.com\/wp-content\/uploads\/yourte-mega-menu-450x330.jpg\" class=\"img-responsive wp-image-8415\"\/><\/a><\/span><\/div><\/div><style type=\"text\/css\">.fusion-body .fusion-builder-nested-column-0{width:25% !important;margin-top : 0px;margin-bottom : 20px;}.fusion-builder-nested-column-0 > .fusion-column-wrapper {padding-top : 0px !important;padding-right : 0px !important;margin-right : 7.68%;padding-bottom : 0px !important;padding-left : 0px !important;margin-left : 7.68%;}@media only screen and (max-width:1024px) {.fusion-body .fusion-builder-nested-column-0{width:100% !important;order : 0;}.fusion-builder-nested-column-0 > .fusion-column-wrapper {margin-right : 1.92%;margin-left : 1.92%;}}@media only screen and (max-width:640px) {.fusion-body .fusion-builder-nested-column-0{width:100% !important;order : 0;}.fusion-builder-nested-column-0 > .fusion-column-wrapper {margin-right : 1.92%;margin-left : 1.92%;}}<\/style><\/div><div class=\"fusion-layout-column fusion_builder_column_inner fusion-builder-nested-column-1 fusion_builder_column_inner_3_4 3_4 fusion-flex-column\"><div class=\"fusion-column-wrapper fusion-flex-justify-content-flex-start fusion-content-layout-column\" style=\"background-position:left top;background-repeat:no-repeat;-webkit-background-size:cover;-moz-background-size:cover;-o-background-size:cover;background-size:cover;padding: 0px 0px 0px 0px;\"><style type=\"text\/css\">@media only screen and (max-width:1024px) {.fusion-title.fusion-title-1{margin-top:0px!important; margin-right:0px!important;margin-bottom:31px!important;margin-left:0px!important;}}@media only screen and (max-width:640px) {.fusion-title.fusion-title-1{margin-top:0px!important; margin-right:0px!important;margin-bottom:20px!important; margin-left:0px!important;}}<\/style><div class=\"fusion-title title fusion-title-1 fusion-sep-none fusion-title-text fusion-title-size-two\" style=\"margin-top:0px;margin-right:0px;margin-bottom:31px;margin-left:0px;\"><h2 class=\"title-heading-left\" style=\"margin:0;\">Unsere <strong>Wellness-Jurte<\/strong><\/h2><\/div><div class=\"fusion-text fusion-text-2\"><p>Mit einer sch\u00f6nen Gr\u00f6\u00dfe von 68\u00a0m\u00b2 bietet die Jurte <strong>Gruppen<\/strong> in einer harmonischen und idyllischen Umgebung einen sch\u00f6nen Raum.<\/p>\n<p>Sie steht auf einer Holzplattform und verf\u00fcgt \u00fcber eine Fl\u00e4che von 120\u00a0m\u00b2 f\u00fcr Ihre Sitzungen im Freien mit Blick auf den Fluss direkt unterhalb.<\/p>\n<p>Der im Winter beheizte und im Sommer klimatisierte Bereich erm\u00f6glicht es Ihnen, Ihre Praktiken zu jeder Jahreszeit und mit h\u00f6chstem Komfort zu vermitteln.<\/p>\n<p><strong><a href=\"\/wp-content\/uploads\/tarifs-yourte-bien-etre-2025.pdf\" target=\"_blank\" rel=\"noopener\">Preise ansehen<\/a><\/strong><\/p>\n<\/div><\/div><style type=\"text\/css\">.fusion-body .fusion-builder-nested-column-1{width:75% !important;margin-top : 0px;margin-bottom : 20px;}.fusion-builder-nested-column-1 > .fusion-column-wrapper {padding-top : 0px !important;padding-right : 0px !important;margin-right : 2.56%;padding-bottom : 0px !important;padding-left : 0px !important;margin-left : 2.56%;}@media only screen and (max-width:1024px) {.fusion-body .fusion-builder-nested-column-1{width:100% !important;order : 0;}.fusion-builder-nested-column-1 > .fusion-column-wrapper {margin-right : 1.92%;margin-left : 1.92%;}}@media only screen and (max-width:640px) {.fusion-body .fusion-builder-nested-column-1{width:100% !important;order : 0;}.fusion-builder-nested-column-1 > .fusion-column-wrapper {margin-right : 1.92%;margin-left : 1.92%;}}<\/style><\/div><\/div><\/div><style type=\"text\/css\">.fusion-body .fusion-builder-column-1{width:100% !important;margin-top : 0px;margin-bottom : 20px;}.fusion-builder-column-1 > .fusion-column-wrapper {padding-top : 0px !important;padding-right : 0px !important;margin-right : 1.92%;padding-bottom : 0px !important;padding-left : 0px !important;margin-left : 1.92%;}@media only screen and (max-width:1024px) {.fusion-body .fusion-builder-column-1{width:100% !important;order : 0;}.fusion-builder-column-1 > .fusion-column-wrapper {margin-right : 1.92%;margin-left : 1.92%;}}@media only screen and (max-width:640px) {.fusion-body .fusion-builder-column-1{width:100% !important;order : 0;}.fusion-builder-column-1 > .fusion-column-wrapper {margin-right : 1.92%;margin-left : 1.92%;}}<\/style><\/div><div class=\"fusion-layout-column fusion_builder_column fusion-builder-column-2 fusion_builder_column_1_1 1_1 fusion-flex-column bloc-bien-etre\"><div class=\"fusion-column-wrapper fusion-flex-justify-content-flex-start fusion-content-layout-column\" style=\"background-position:left top;background-repeat:no-repeat;-webkit-background-size:cover;-moz-background-size:cover;-o-background-size:cover;background-size:cover;padding: 0px 0px 0px 0px;\"><div class=\"fusion-builder-row fusion-builder-row-inner fusion-row fusion-flex-align-items-flex-start fusion-flex-justify-content-center\" style=\"width:104% !important;max-width:104% !important;margin-left: calc(-4% \/ 2 );margin-right: calc(-4% \/ 2 );\"><div class=\"fusion-layout-column fusion_builder_column_inner fusion-builder-nested-column-2 fusion_builder_column_inner_3_4 3_4 fusion-flex-column\"><div class=\"fusion-column-wrapper fusion-flex-justify-content-flex-start fusion-content-layout-column\" style=\"background-position:left top;background-repeat:no-repeat;-webkit-background-size:cover;-moz-background-size:cover;-o-background-size:cover;background-size:cover;padding: 0px 0px 0px 0px;\"><style type=\"text\/css\">@media only screen and (max-width:1024px) {.fusion-title.fusion-title-2{margin-top:0px!important; margin-right:0px!important;margin-bottom:31px!important;margin-left:0px!important;}}@media only screen and (max-width:640px) {.fusion-title.fusion-title-2{margin-top:0px!important; margin-right:0px!important;margin-bottom:20px!important; margin-left:0px!important;}}<\/style><div class=\"fusion-title title fusion-title-2 fusion-sep-none fusion-title-text fusion-title-size-two\" style=\"margin-top:0px;margin-right:0px;margin-bottom:31px;margin-left:0px;\"><h2 class=\"title-heading-left\" style=\"margin:0;\">Unser <strong>Lotus-Bereich<\/strong> und <strong>Cocoon-Jurten<\/strong><\/h2><\/div><div class=\"fusion-text fusion-text-3\"><p>17 bis 19 m\u00b2 Weichheit und Rundheit f\u00fcr Einzelsitzungen oder Sitzungen in kleinen Gruppen. Das Lotuszelt und unsere Cocoon-Jurten erf\u00fcllen intimere Bed\u00fcrfnisse.<\/p>\n<p>Eine Behandlung, eine Massage, eine Meditationssitzung &#8230; Diese R\u00e4ume abseits der Hektik des Alltags hei\u00dfen Sie f\u00fcr einen Moment der v\u00f6lligen Abschaltung willkommen.<\/p>\n<p>Lotus-Bereich verf\u00fcgbar von Mai bis September.<br \/>\nCocoon-Jurte verf\u00fcgbar von September bis April.<\/p>\n<p><a href=\"\/wp-content\/uploads\/tarifs-espace-lotus-yourte-cocoon-2025.pdf\" target=\"_blank\" rel=\"noopener\"><strong>Preise ansehen<\/strong><\/a><\/p>\n<\/div><\/div><style type=\"text\/css\">.fusion-body .fusion-builder-nested-column-2{width:75% !important;margin-top : 0px;margin-bottom : 20px;}.fusion-builder-nested-column-2 > .fusion-column-wrapper {padding-top : 0px !important;padding-right : 0px !important;margin-right : 2.56%;padding-bottom : 0px !important;padding-left : 0px !important;margin-left : 2.56%;}@media only screen and (max-width:1024px) {.fusion-body .fusion-builder-nested-column-2{width:100% !important;order : 0;}.fusion-builder-nested-column-2 > .fusion-column-wrapper {margin-right : 1.92%;margin-left : 1.92%;}}@media only screen and (max-width:640px) {.fusion-body .fusion-builder-nested-column-2{width:100% !important;order : 0;}.fusion-builder-nested-column-2 > .fusion-column-wrapper {margin-right : 1.92%;margin-left : 1.92%;}}<\/style><\/div><div class=\"fusion-layout-column fusion_builder_column_inner fusion-builder-nested-column-3 fusion_builder_column_inner_1_4 1_4 fusion-flex-column\"><div class=\"fusion-column-wrapper fusion-flex-justify-content-flex-start fusion-content-layout-column\" style=\"background-position:left top;background-repeat:no-repeat;-webkit-background-size:cover;-moz-background-size:cover;-o-background-size:cover;background-size:cover;padding: 0px 0px 0px 0px;\"><div style=\"text-align:center;\"><span class=\" fusion-imageframe imageframe-none imageframe-2 hover-type-none\"><a href=\"https:\/\/www.village-nature-zen.com\/wp-content\/uploads\/02-lotus-1.jpg\" class=\"fusion-lightbox\" data-rel=\"iLightbox[1a98985354fcff46071]\" data-title=\"Lotus\" title=\"LOTUS-BEREICH\"><img decoding=\"async\" width=\"400\" height=\"300\" alt=\"LOTUS-BEREICH\" src=\"https:\/\/www.village-nature-zen.com\/wp-content\/uploads\/lotus-400x300.jpg\" class=\"img-responsive wp-image-7211\" srcset=\"https:\/\/www.village-nature-zen.com\/wp-content\/uploads\/lotus-200x150.jpg 200w, https:\/\/www.village-nature-zen.com\/wp-content\/uploads\/lotus-400x300.jpg 400w, https:\/\/www.village-nature-zen.com\/wp-content\/uploads\/lotus-600x450.jpg 600w, https:\/\/www.village-nature-zen.com\/wp-content\/uploads\/lotus-800x600.jpg 800w, https:\/\/www.village-nature-zen.com\/wp-content\/uploads\/lotus-1200x900.jpg 1200w, https:\/\/www.village-nature-zen.com\/wp-content\/uploads\/lotus.jpg 1400w\" sizes=\"(max-width: 1024px) 100vw, (max-width: 640px) 100vw, 400px\" \/><\/a><\/span><\/div><\/div><style type=\"text\/css\">.fusion-body .fusion-builder-nested-column-3{width:25% !important;margin-top : 0px;margin-bottom : 20px;}.fusion-builder-nested-column-3 > .fusion-column-wrapper {padding-top : 0px !important;padding-right : 0px !important;margin-right : 7.68%;padding-bottom : 0px !important;padding-left : 0px !important;margin-left : 7.68%;}@media only screen and (max-width:1024px) {.fusion-body .fusion-builder-nested-column-3{width:100% !important;order : 0;}.fusion-builder-nested-column-3 > .fusion-column-wrapper {margin-right : 1.92%;margin-left : 1.92%;}}@media only screen and (max-width:640px) {.fusion-body .fusion-builder-nested-column-3{width:100% !important;order : 0;}.fusion-builder-nested-column-3 > .fusion-column-wrapper {margin-right : 1.92%;margin-left : 1.92%;}}<\/style><\/div><\/div><\/div><style type=\"text\/css\">.fusion-body .fusion-builder-column-2{width:100% !important;margin-top : 0px;margin-bottom : 20px;}.fusion-builder-column-2 > .fusion-column-wrapper {padding-top : 0px !important;padding-right : 0px !important;margin-right : 1.92%;padding-bottom : 0px !important;padding-left : 0px !important;margin-left : 1.92%;}@media only screen and (max-width:1024px) {.fusion-body .fusion-builder-column-2{width:100% !important;order : 0;}.fusion-builder-column-2 > .fusion-column-wrapper {margin-right : 1.92%;margin-left : 1.92%;}}@media only screen and (max-width:640px) {.fusion-body .fusion-builder-column-2{width:100% !important;order : 0;}.fusion-builder-column-2 > .fusion-column-wrapper {margin-right : 1.92%;margin-left : 1.92%;}}<\/style><\/div><div class=\"fusion-layout-column fusion_builder_column fusion-builder-column-3 fusion_builder_column_1_1 1_1 fusion-flex-column bloc-bien-etre\"><div class=\"fusion-column-wrapper fusion-flex-justify-content-flex-start fusion-content-layout-column\" style=\"background-position:left top;background-repeat:no-repeat;-webkit-background-size:cover;-moz-background-size:cover;-o-background-size:cover;background-size:cover;padding: 0px 0px 0px 0px;\"><div class=\"fusion-builder-row fusion-builder-row-inner fusion-row fusion-flex-align-items-flex-start fusion-flex-justify-content-center\" style=\"width:104% !important;max-width:104% !important;margin-left: calc(-4% \/ 2 );margin-right: calc(-4% \/ 2 );\"><div class=\"fusion-layout-column fusion_builder_column_inner fusion-builder-nested-column-4 fusion_builder_column_inner_1_4 1_4 fusion-flex-column\"><div class=\"fusion-column-wrapper fusion-flex-justify-content-flex-start fusion-content-layout-column\" style=\"background-position:left top;background-repeat:no-repeat;-webkit-background-size:cover;-moz-background-size:cover;-o-background-size:cover;background-size:cover;padding: 0px 0px 0px 0px;\"><div style=\"text-align:center;\"><span class=\" fusion-imageframe imageframe-none imageframe-3 hover-type-none\"><a href=\"https:\/\/www.village-nature-zen.com\/wp-content\/uploads\/07-nature.jpg\" class=\"fusion-lightbox\" data-rel=\"iLightbox[08b7f83739ff403eba4]\" data-title=\"FLECKEN IN DER NATUR\" title=\"FLECKEN IN DER NATUR\"><img decoding=\"async\" width=\"400\" height=\"300\" alt=\"FLECKEN IN DER NATUR\" src=\"https:\/\/www.village-nature-zen.com\/wp-content\/uploads\/07-nature-400x300.jpg\" class=\"img-responsive wp-image-7207\" srcset=\"https:\/\/www.village-nature-zen.com\/wp-content\/uploads\/07-nature-200x150.jpg 200w, https:\/\/www.village-nature-zen.com\/wp-content\/uploads\/07-nature-400x300.jpg 400w, https:\/\/www.village-nature-zen.com\/wp-content\/uploads\/07-nature-600x450.jpg 600w, https:\/\/www.village-nature-zen.com\/wp-content\/uploads\/07-nature-800x600.jpg 800w, https:\/\/www.village-nature-zen.com\/wp-content\/uploads\/07-nature-1200x900.jpg 1200w, https:\/\/www.village-nature-zen.com\/wp-content\/uploads\/07-nature.jpg 1400w\" sizes=\"(max-width: 1024px) 100vw, (max-width: 640px) 100vw, 400px\" \/><\/a><\/span><\/div><\/div><style type=\"text\/css\">.fusion-body .fusion-builder-nested-column-4{width:25% !important;margin-top : 0px;margin-bottom : 20px;}.fusion-builder-nested-column-4 > .fusion-column-wrapper {padding-top : 0px !important;padding-right : 0px !important;margin-right : 7.68%;padding-bottom : 0px !important;padding-left : 0px !important;margin-left : 7.68%;}@media only screen and (max-width:1024px) {.fusion-body .fusion-builder-nested-column-4{width:100% !important;order : 0;}.fusion-builder-nested-column-4 > .fusion-column-wrapper {margin-right : 1.92%;margin-left : 1.92%;}}@media only screen and (max-width:640px) {.fusion-body .fusion-builder-nested-column-4{width:100% !important;order : 0;}.fusion-builder-nested-column-4 > .fusion-column-wrapper {margin-right : 1.92%;margin-left : 1.92%;}}<\/style><\/div><div class=\"fusion-layout-column fusion_builder_column_inner fusion-builder-nested-column-5 fusion_builder_column_inner_3_4 3_4 fusion-flex-column\"><div class=\"fusion-column-wrapper fusion-flex-justify-content-flex-start fusion-content-layout-column\" style=\"background-position:left top;background-repeat:no-repeat;-webkit-background-size:cover;-moz-background-size:cover;-o-background-size:cover;background-size:cover;padding: 0px 0px 0px 0px;\"><style type=\"text\/css\">@media only screen and (max-width:1024px) {.fusion-title.fusion-title-3{margin-top:0px!important; margin-right:0px!important;margin-bottom:31px!important;margin-left:0px!important;}}@media only screen and (max-width:640px) {.fusion-title.fusion-title-3{margin-top:0px!important; margin-right:0px!important;margin-bottom:20px!important; margin-left:0px!important;}}<\/style><div class=\"fusion-title title fusion-title-3 fusion-sep-none fusion-title-text fusion-title-size-two\" style=\"margin-top:0px;margin-right:0px;margin-bottom:31px;margin-left:0px;\"><h2 class=\"title-heading-left\" style=\"margin:0;\">Unsere <strong>Flecken in der Natur<\/strong><\/h2><\/div><div class=\"fusion-text fusion-text-4\"><p><strong>Unter B\u00e4umen oder entlang einer der beiden Fl\u00fcsse<\/strong> erwarten Sie unsere verschiedenen Outdoororte. Sie sind ideal f\u00fcr Introspektion und Kreativit\u00e4t, f\u00fcr Sitzungen, bei denen Sie ganz in die Natur und die Elemente eintauchen.<\/p>\n<p>Der Village Nature Zen empf\u00e4ngt Sie f\u00fcr Ihr n\u00e4chstes Wellness-Event und bietet Ihnen eine L\u00f6sung \u00e0 la carte mit oder ohne Unterkunft (verf\u00fcgbar von M\u00e4rz bis Oktober), die auf Ihr Projekt zugeschnitten ist.<\/p>\n<p><strong>Bitte <a href=\"https:\/\/www.village-nature-zen.com\/de\/kontakt-zugang\/\">kontaktieren Sie uns <\/a> f\u00fcr weitere Informationen!<\/strong><\/p>\n<\/div><\/div><style type=\"text\/css\">.fusion-body .fusion-builder-nested-column-5{width:75% !important;margin-top : 0px;margin-bottom : 20px;}.fusion-builder-nested-column-5 > .fusion-column-wrapper {padding-top : 0px !important;padding-right : 0px !important;margin-right : 2.56%;padding-bottom : 0px !important;padding-left : 0px !important;margin-left : 2.56%;}@media only screen and (max-width:1024px) {.fusion-body .fusion-builder-nested-column-5{width:100% !important;order : 0;}.fusion-builder-nested-column-5 > .fusion-column-wrapper {margin-right : 1.92%;margin-left : 1.92%;}}@media only screen and (max-width:640px) {.fusion-body .fusion-builder-nested-column-5{width:100% !important;order : 0;}.fusion-builder-nested-column-5 > .fusion-column-wrapper {margin-right : 1.92%;margin-left : 1.92%;}}<\/style><\/div><\/div><\/div><style type=\"text\/css\">.fusion-body .fusion-builder-column-3{width:100% !important;margin-top : 0px;margin-bottom : 20px;}.fusion-builder-column-3 > .fusion-column-wrapper {padding-top : 0px !important;padding-right : 0px !important;margin-right : 1.92%;padding-bottom : 0px !important;padding-left : 0px !important;margin-left : 1.92%;}@media only screen and (max-width:1024px) {.fusion-body .fusion-builder-column-3{width:100% !important;order : 0;}.fusion-builder-column-3 > .fusion-column-wrapper {margin-right : 1.92%;margin-left : 1.92%;}}@media only screen and (max-width:640px) {.fusion-body .fusion-builder-column-3{width:100% !important;order : 0;}.fusion-builder-column-3 > .fusion-column-wrapper {margin-right : 1.92%;margin-left : 1.92%;}}<\/style><\/div><\/div><style type=\"text\/css\">.fusion-body .fusion-flex-container.fusion-builder-row-1{ padding-top : 0px;margin-top : 0px;padding-right : 0px;padding-bottom : 0px;margin-bottom : 0px;padding-left : 0px;}<\/style><\/div>\n","protected":false},"excerpt":{"rendered":"","protected":false},"author":1,"featured_media":8415,"parent":7305,"menu_order":2,"comment_status":"closed","ping_status":"closed","template":"","meta":{"footnotes":""},"class_list":["post-7296","page","type-page","status-publish","has-post-thumbnail","hentry"],"acf":[],"_links":{"self":[{"href":"https:\/\/www.village-nature-zen.com\/de\/wp-json\/wp\/v2\/pages\/7296","targetHints":{"allow":["GET"]}}],"collection":[{"href":"https:\/\/www.village-nature-zen.com\/de\/wp-json\/wp\/v2\/pages"}],"about":[{"href":"https:\/\/www.village-nature-zen.com\/de\/wp-json\/wp\/v2\/types\/page"}],"author":[{"embeddable":true,"href":"https:\/\/www.village-nature-zen.com\/de\/wp-json\/wp\/v2\/users\/1"}],"replies":[{"embeddable":true,"href":"https:\/\/www.village-nature-zen.com\/de\/wp-json\/wp\/v2\/comments?post=7296"}],"version-history":[{"count":9,"href":"https:\/\/www.village-nature-zen.com\/de\/wp-json\/wp\/v2\/pages\/7296\/revisions"}],"predecessor-version":[{"id":11782,"href":"https:\/\/www.village-nature-zen.com\/de\/wp-json\/wp\/v2\/pages\/7296\/revisions\/11782"}],"up":[{"embeddable":true,"href":"https:\/\/www.village-nature-zen.com\/de\/wp-json\/wp\/v2\/pages\/7305"}],"wp:featuredmedia":[{"embeddable":true,"href":"https:\/\/www.village-nature-zen.com\/de\/wp-json\/wp\/v2\/media\/8415"}],"wp:attachment":[{"href":"https:\/\/www.village-nature-zen.com\/de\/wp-json\/wp\/v2\/media?parent=7296"}],"curies":[{"name":"wp","href":"https:\/\/api.w.org\/{rel}","templated":true}]}}