{"id":5751,"date":"2022-01-12T15:21:04","date_gmt":"2022-01-12T14:21:04","guid":{"rendered":"https:\/\/www.village-nature-zen.com\/vacances-ardeche\/"},"modified":"2025-09-19T15:38:05","modified_gmt":"2025-09-19T13:38:05","slug":"urlaub-ardeche","status":"publish","type":"page","link":"https:\/\/www.village-nature-zen.com\/de\/urlaub-ardeche\/","title":{"rendered":"Mein Urlaub in der Ard\u00e8che"},"content":{"rendered":"<div class=\"fusion-fullwidth fullwidth-box fusion-builder-row-1 fusion-flex-container nonhundred-percent-fullwidth non-hundred-percent-height-scrolling\" style=\"background-color: rgba(255,255,255,0);background-position: center center;background-repeat: no-repeat;border-width: 0px 0px 0px 0px;border-color:#eae9e9;border-style:solid;\" ><div class=\"fusion-builder-row fusion-row fusion-flex-align-items-flex-start fusion-flex-justify-content-center\" style=\"max-width:1456px;margin-left: calc(-4% \/ 2 );margin-right: calc(-4% \/ 2 );\"><div class=\"fusion-layout-column fusion_builder_column fusion-builder-column-0 fusion_builder_column_1_1 1_1 fusion-flex-column\"><div class=\"fusion-column-wrapper fusion-flex-justify-content-flex-start fusion-content-layout-column\" style=\"background-position:left top;background-repeat:no-repeat;-webkit-background-size:cover;-moz-background-size:cover;-o-background-size:cover;background-size:cover;padding: 0px 0px 0px 0px;\"><style type=\"text\/css\">@media only screen and (max-width:1024px) {.fusion-title.fusion-title-1{margin-top:0px!important; margin-right:0px!important;margin-bottom:31px!important;margin-left:0px!important;}}@media only screen and (max-width:640px) {.fusion-title.fusion-title-1{margin-top:0px!important; margin-right:0px!important;margin-bottom:20px!important; margin-left:0px!important;}}<\/style><div class=\"fusion-title title fusion-title-1 fusion-sep-none fusion-title-center fusion-title-text fusion-title-size-two\" style=\"margin-top:0px;margin-right:0px;margin-bottom:31px;margin-left:0px;\"><h2 class=\"title-heading-center\" style=\"margin:0;\"><strong>In der Ard\u00e8che machen meine Ferien Sinn!<\/strong><\/h2><\/div><\/div><style type=\"text\/css\">.fusion-body .fusion-builder-column-0{width:100% !important;margin-top : 0px;margin-bottom : 20px;}.fusion-builder-column-0 > .fusion-column-wrapper {padding-top : 0px !important;padding-right : 0px !important;margin-right : 1.92%;padding-bottom : 0px !important;padding-left : 0px !important;margin-left : 1.92%;}@media only screen and (max-width:1024px) {.fusion-body .fusion-builder-column-0{width:100% !important;}.fusion-builder-column-0 > .fusion-column-wrapper {margin-right : 1.92%;margin-left : 1.92%;}}@media only screen and (max-width:640px) {.fusion-body .fusion-builder-column-0{width:100% !important;}.fusion-builder-column-0 > .fusion-column-wrapper {margin-right : 1.92%;margin-left : 1.92%;}}<\/style><\/div><div class=\"fusion-layout-column fusion_builder_column fusion-builder-column-1 fusion_builder_column_1_2 1_2 fusion-flex-column\"><div class=\"fusion-column-wrapper fusion-flex-justify-content-flex-start fusion-content-layout-column\" style=\"background-position:left top;background-repeat:no-repeat;-webkit-background-size:cover;-moz-background-size:cover;-o-background-size:cover;background-size:cover;padding: 0px 0px 0px 0px;\"><div class=\"fusion-text fusion-text-1\" style=\"margin-top:10px;\"><p style=\"text-align: center;\">Auf dem <strong>Village Nature Zen &#8211; 3-Sterne-Campingplatz<\/strong>\u00a0Urlaub zu machen bedeutet, die Entscheidung zu treffen, <strong>eine Pause vom Alltag<\/strong> zu machen, <strong>ohne dass es jemals langweilig<\/strong> wird!<\/p>\n<p style=\"text-align: center;\">Das ist das Versprechen dieses Friedenshafens, der Zugang zu einer Vielzahl von verschiedenen Aktivit\u00e4ten bietet.<\/p>\n<p style=\"text-align: center;\">Es ist f\u00fcr jeden etwas dabei, so dass jeder seinen Urlaub mit Familie oder Freunden uneingeschr\u00e4nkt genie\u00dfen kann:<\/p>\n<\/div><\/div><style type=\"text\/css\">.fusion-body .fusion-builder-column-1{width:50% !important;margin-top : 0px;margin-bottom : 20px;}.fusion-builder-column-1 > .fusion-column-wrapper {padding-top : 0px !important;padding-right : 0px !important;margin-right : 15px;padding-bottom : 0px !important;padding-left : 0px !important;margin-left : 3.84%;}@media only screen and (max-width:1024px) {.fusion-body .fusion-builder-column-1{width:100% !important;}.fusion-builder-column-1 > .fusion-column-wrapper {margin-right : 1.92%;margin-left : 1.92%;}}@media only screen and (max-width:640px) {.fusion-body .fusion-builder-column-1{width:100% !important;}.fusion-builder-column-1 > .fusion-column-wrapper {margin-right : 1.92%;margin-left : 1.92%;}}<\/style><\/div><div class=\"fusion-layout-column fusion_builder_column fusion-builder-column-2 fusion_builder_column_1_4 1_4 fusion-flex-column galerie\"><div class=\"fusion-column-wrapper fusion-flex-justify-content-flex-start fusion-content-layout-column\" style=\"background-position:left top;background-repeat:no-repeat;-webkit-background-size:cover;-moz-background-size:cover;-o-background-size:cover;background-size:cover;padding: 0px 0px 0px 0px;\"><ul class=\"fusion-checklist fusion-checklist-1\" style=\"font-size:14px;line-height:23.8px;\"><li style=\"background-color:rgba(255,255,255,0);\" class=\"fusion-li-item\"><span style=\"height:23.8px;width:23.8px;margin-right:9.8px;\" class=\"icon-wrapper circle-no\"><i class=\"fusion-li-icon fa-check fas\" style=\"color:#8aa850;\" aria-hidden=\"true\"><\/i><\/span><div class=\"fusion-li-item-content\" style=\"margin-left:33.6px;color:var(--awb-color8);\"><strong>Wildwasserschwimmen<\/strong><\/div><\/li><li style=\"background-color:rgba(255,255,255,0);\" class=\"fusion-li-item\"><span style=\"height:23.8px;width:23.8px;margin-right:9.8px;\" class=\"icon-wrapper circle-no\"><i class=\"fusion-li-icon fa-check fas\" style=\"color:#8aa850;\" aria-hidden=\"true\"><\/i><\/span><div class=\"fusion-li-item-content\" style=\"margin-left:33.6px;color:var(--awb-color8);\">\n<p><strong>Aktivit\u00e4ten<\/strong> im Freien<\/p>\n<\/div><\/li><li style=\"background-color:rgba(255,255,255,0);\" class=\"fusion-li-item\"><span style=\"height:23.8px;width:23.8px;margin-right:9.8px;\" class=\"icon-wrapper circle-no\"><i class=\"fusion-li-icon fa-check fas\" style=\"color:#8aa850;\" aria-hidden=\"true\"><\/i><\/span><div class=\"fusion-li-item-content\" style=\"margin-left:33.6px;color:var(--awb-color8);\">\n<p>Entdeckung der <strong>Region<\/strong><\/p>\n<\/div><\/li><li style=\"background-color:rgba(255,255,255,0);\" class=\"fusion-li-item\"><span style=\"height:23.8px;width:23.8px;margin-right:9.8px;\" class=\"icon-wrapper circle-no\"><i class=\"fusion-li-icon fa-check fas\" style=\"color:#8aa850;\" aria-hidden=\"true\"><\/i><\/span><div class=\"fusion-li-item-content\" style=\"margin-left:33.6px;color:var(--awb-color8);\">\n<p><strong>Charaktervolle<\/strong> <strong>D\u00f6rfer<\/strong> besuchen<\/p>\n<\/div><\/li><li style=\"background-color:rgba(255,255,255,0);\" class=\"fusion-li-item\"><span style=\"height:23.8px;width:23.8px;margin-right:9.8px;\" class=\"icon-wrapper circle-no\"><i class=\"fusion-li-icon fa-check fas\" style=\"color:#8aa850;\" aria-hidden=\"true\"><\/i><\/span><div class=\"fusion-li-item-content\" style=\"margin-left:33.6px;color:var(--awb-color8);\">\n<p><strong>Lokale Spezialit\u00e4ten<\/strong> ausprobieren<\/p>\n<\/div><\/li><\/ul><\/div><style type=\"text\/css\">.fusion-body .fusion-builder-column-2{width:25% !important;margin-top : 0px;margin-bottom : 20px;}.fusion-builder-column-2 > .fusion-column-wrapper {padding-top : 0px !important;padding-right : 0px !important;margin-right : 7.68%;padding-bottom : 0px !important;padding-left : 0px !important;margin-left : 15px;}@media only screen and (max-width:1024px) {.fusion-body .fusion-builder-column-2{width:100% !important;}.fusion-builder-column-2 > .fusion-column-wrapper {margin-right : 1.92%;margin-left : 1.92%;}}@media only screen and (max-width:640px) {.fusion-body .fusion-builder-column-2{width:100% !important;}.fusion-builder-column-2 > .fusion-column-wrapper {margin-right : 1.92%;margin-left : 1.92%;}}<\/style><\/div><div class=\"fusion-layout-column fusion_builder_column fusion-builder-column-3 fusion_builder_column_1_1 1_1 fusion-flex-column\"><div class=\"fusion-column-wrapper fusion-flex-justify-content-flex-start fusion-content-layout-column\" style=\"background-position:left top;background-repeat:no-repeat;-webkit-background-size:cover;-moz-background-size:cover;-o-background-size:cover;background-size:cover;padding: 0px 0px 0px 0px;\">        <style>\n        #childs { display:flex !important; flex-wrap: wrap; justify-content: center; text-align:center }\n\t\t#childs article { position:relative; border:1px solid rgba(0,0,0,0.3); margin:4px; float:none; position:relative; width: calc(100% \/ 4.5) !important;  min-width: 260px; padding:10px 0; background-repeat: no-repeat; background-size: cover; background-position: center; height: 180px; }\n\t\t#childs article a { transition: 0.3s all; position: absolute; top: 0; bottom: 0; left: 0; right: 0; display:flex; display: flex; align-items: center; justify-content: center; }\n\t\t#childs article h3 { color: #fff; font-weight: bold; font-size: 16px; padding: 0 0 0 0; margin: 0; text-shadow: 2px 2px 5px black; font-family: 'Open Sans GF', sans-serif !important; }\n        #childs article:hover a, #childs article.hover a { background: rgb(0 0 0 \/ 30%); }\n        \/*exception(s)*\/\n\t\t#childs article#post-5421 { background-position: bottom center; }\n\t\t#childs article#post-5632 { background-position: top center; } \n        <\/style>\n        <div id=\"childs\" class=\"fusion-posts-container fusion-posts-container-no\">\n\t\t\t   \n                <article id=\"post-5771\" class=\"card\" data-id=\"5771\" style=\" background-image:url(https:\/\/www.village-nature-zen.com\/wp-content\/uploads\/tour-du-tanargue-02-300x300.jpg)\">\n                \t<a href=\"https:\/\/www.village-nature-zen.com\/de\/urlaub-ardeche\/wandern\/\" title=\"Spazierg\u00e4nge und Wanderungen in der Ard\u00e8che\">\n                        <div class=\"content\">\n                            <h3>Spazierg\u00e4nge und Wanderungen in der Ard\u00e8che<\/h3>\n                        <\/div>\n                    <\/a>\n                <\/article>\n                   \n                <article id=\"post-5750\" class=\"card\" data-id=\"5750\" style=\" background-image:url(https:\/\/www.village-nature-zen.com\/wp-content\/uploads\/vtt-ardeche-02-300x300.jpg)\">\n                \t<a href=\"https:\/\/www.village-nature-zen.com\/de\/urlaub-ardeche\/radtouren\/\" title=\"Radtouren in der Ard\u00e8che\">\n                        <div class=\"content\">\n                            <h3>Radtouren in der Ard\u00e8che<\/h3>\n                        <\/div>\n                    <\/a>\n                <\/article>\n                   \n                <article id=\"post-5748\" class=\"card\" data-id=\"5748\" style=\" background-image:url(https:\/\/www.village-nature-zen.com\/wp-content\/uploads\/canoe-chassezac-3-300x300.jpg)\">\n                \t<a href=\"https:\/\/www.village-nature-zen.com\/de\/urlaub-ardeche\/kanu\/\" title=\"Kanutour in der Ard\u00e8che\">\n                        <div class=\"content\">\n                            <h3>Kanutour in der Ard\u00e8che<\/h3>\n                        <\/div>\n                    <\/a>\n                <\/article>\n                   \n                <article id=\"post-5747\" class=\"card\" data-id=\"5747\" style=\" background-image:url(https:\/\/www.village-nature-zen.com\/wp-content\/uploads\/Accrobranche-\u00a9Adventure-Camp-300x300.jpg)\">\n                \t<a href=\"https:\/\/www.village-nature-zen.com\/de\/urlaub-ardeche\/sport-natur\/\" title=\"Sport und Natur in der Ard\u00e8che\">\n                        <div class=\"content\">\n                            <h3>Sport und Natur in der Ard\u00e8che<\/h3>\n                        <\/div>\n                    <\/a>\n                <\/article>\n                   \n                <article id=\"post-5746\" class=\"card\" data-id=\"5746\" style=\" background-image:url(https:\/\/www.village-nature-zen.com\/wp-content\/uploads\/Chauvet2-300x300.jpg)\">\n                \t<a href=\"https:\/\/www.village-nature-zen.com\/de\/urlaub-ardeche\/tourismus\/\" title=\"Besichtigungen und Tourismus in der Ard\u00e8che\">\n                        <div class=\"content\">\n                            <h3>Besichtigungen und Tourismus in der Ard\u00e8che<\/h3>\n                        <\/div>\n                    <\/a>\n                <\/article>\n                        <\/div>\n        <\/div><style type=\"text\/css\">.fusion-body .fusion-builder-column-3{width:100% !important;margin-top : 0px;margin-bottom : 20px;}.fusion-builder-column-3 > .fusion-column-wrapper {padding-top : 0px !important;padding-right : 0px !important;margin-right : 1.92%;padding-bottom : 0px !important;padding-left : 0px !important;margin-left : 1.92%;}@media only screen and (max-width:1024px) {.fusion-body .fusion-builder-column-3{width:100% !important;order : 0;}.fusion-builder-column-3 > .fusion-column-wrapper {margin-right : 1.92%;margin-left : 1.92%;}}@media only screen and (max-width:640px) {.fusion-body .fusion-builder-column-3{width:100% !important;order : 0;}.fusion-builder-column-3 > .fusion-column-wrapper {margin-right : 1.92%;margin-left : 1.92%;}}<\/style><\/div><\/div><style type=\"text\/css\">.fusion-body .fusion-flex-container.fusion-builder-row-1{ padding-top : 0px;margin-top : 0px;padding-right : 0px;padding-bottom : 0px;margin-bottom : 0px;padding-left : 0px;}<\/style><\/div>\n","protected":false},"excerpt":{"rendered":"","protected":false},"author":1,"featured_media":0,"parent":0,"menu_order":0,"comment_status":"closed","ping_status":"closed","template":"","meta":{"footnotes":""},"class_list":["post-5751","page","type-page","status-publish","hentry"],"acf":[],"_links":{"self":[{"href":"https:\/\/www.village-nature-zen.com\/de\/wp-json\/wp\/v2\/pages\/5751","targetHints":{"allow":["GET"]}}],"collection":[{"href":"https:\/\/www.village-nature-zen.com\/de\/wp-json\/wp\/v2\/pages"}],"about":[{"href":"https:\/\/www.village-nature-zen.com\/de\/wp-json\/wp\/v2\/types\/page"}],"author":[{"embeddable":true,"href":"https:\/\/www.village-nature-zen.com\/de\/wp-json\/wp\/v2\/users\/1"}],"replies":[{"embeddable":true,"href":"https:\/\/www.village-nature-zen.com\/de\/wp-json\/wp\/v2\/comments?post=5751"}],"version-history":[{"count":6,"href":"https:\/\/www.village-nature-zen.com\/de\/wp-json\/wp\/v2\/pages\/5751\/revisions"}],"predecessor-version":[{"id":11107,"href":"https:\/\/www.village-nature-zen.com\/de\/wp-json\/wp\/v2\/pages\/5751\/revisions\/11107"}],"wp:attachment":[{"href":"https:\/\/www.village-nature-zen.com\/de\/wp-json\/wp\/v2\/media?parent=5751"}],"curies":[{"name":"wp","href":"https:\/\/api.w.org\/{rel}","templated":true}]}}