{"id":5748,"date":"2022-01-28T10:48:35","date_gmt":"2022-01-28T09:48:35","guid":{"rendered":"https:\/\/www.village-nature-zen.com\/canoe\/"},"modified":"2025-09-19T15:59:25","modified_gmt":"2025-09-19T13:59:25","slug":"kanu","status":"publish","type":"page","link":"https:\/\/www.village-nature-zen.com\/de\/urlaub-ardeche\/kanu\/","title":{"rendered":"Kanutour in der Ard\u00e8che"},"content":{"rendered":"<div class=\"fusion-fullwidth fullwidth-box fusion-builder-row-1 fusion-flex-container nonhundred-percent-fullwidth non-hundred-percent-height-scrolling\" style=\"background-color: rgba(255,255,255,0);background-position: center center;background-repeat: no-repeat;border-width: 0px 0px 0px 0px;border-color:#eae9e9;border-style:solid;\" ><div class=\"fusion-builder-row fusion-row fusion-flex-align-items-flex-start fusion-flex-justify-content-center\" style=\"max-width:1456px;margin-left: calc(-4% \/ 2 );margin-right: calc(-4% \/ 2 );\"><div class=\"fusion-layout-column fusion_builder_column fusion-builder-column-0 fusion_builder_column_1_1 1_1 fusion-flex-column\"><div class=\"fusion-column-wrapper fusion-flex-justify-content-flex-start fusion-content-layout-column\" style=\"background-position:left top;background-repeat:no-repeat;-webkit-background-size:cover;-moz-background-size:cover;-o-background-size:cover;background-size:cover;padding: 0px 0px 0px 0px;\"><style type=\"text\/css\">@media only screen and (max-width:1024px) {.fusion-title.fusion-title-1{margin-top:0px!important; margin-right:0px!important;margin-bottom:31px!important;margin-left:0px!important;}}@media only screen and (max-width:640px) {.fusion-title.fusion-title-1{margin-top:0px!important; margin-right:0px!important;margin-bottom:20px!important; margin-left:0px!important;}}<\/style><div class=\"fusion-title title fusion-title-1 fusion-sep-none fusion-title-center fusion-title-text fusion-title-size-two\" style=\"margin-top:0px;margin-right:0px;margin-bottom:31px;margin-left:0px;\"><h2 class=\"title-heading-center\" style=\"margin:0;\">Auf der Ard\u00e8che steht die Zeit still &#8230;<br \/>\n<span class=\"stitle\">&#8230; um zu betrachten, zu tr\u00e4umen und sich wieder mit der Natur zu verbinden!<\/span><\/h2><\/div><\/div><style type=\"text\/css\">.fusion-body .fusion-builder-column-0{width:100% !important;margin-top : 0px;margin-bottom : 20px;}.fusion-builder-column-0 > .fusion-column-wrapper {padding-top : 0px !important;padding-right : 0px !important;margin-right : 1.92%;padding-bottom : 0px !important;padding-left : 0px !important;margin-left : 1.92%;}@media only screen and (max-width:1024px) {.fusion-body .fusion-builder-column-0{width:100% !important;order : 0;}.fusion-builder-column-0 > .fusion-column-wrapper {margin-right : 1.92%;margin-left : 1.92%;}}@media only screen and (max-width:640px) {.fusion-body .fusion-builder-column-0{width:100% !important;order : 0;}.fusion-builder-column-0 > .fusion-column-wrapper {margin-right : 1.92%;margin-left : 1.92%;}}<\/style><\/div><div class=\"fusion-layout-column fusion_builder_column fusion-builder-column-1 fusion_builder_column_2_3 2_3 fusion-flex-column\"><div class=\"fusion-column-wrapper fusion-flex-justify-content-flex-start fusion-content-layout-column\" style=\"background-position:left top;background-repeat:no-repeat;-webkit-background-size:cover;-moz-background-size:cover;-o-background-size:cover;background-size:cover;padding: 0px 0px 0px 0px;\"><div class=\"fusion-text fusion-text-1\"><p style=\"text-align: center;\">Dieses <strong>Naturabenteuer<\/strong> geh\u00f6rt auf jeden Fall zu einem Besuch in den <strong>Gorges de l\u2018Ard\u00e8che<\/strong>: eine <strong>Kanu- oder Kajaktour<\/strong>.<\/p>\n<p style=\"text-align: center;\">Die Tour ist <strong>f\u00fcr alle<\/strong> (Anf\u00e4nger oder Fortgeschrittene) geeignet und kann in verschiedenen Varianten durchgef\u00fchrt werden: als Halbtages- oder Tagestour oder mit \u00dcbernachtung im Zelt. Je nachdem, welche <strong>Distanz<\/strong> Sie zur\u00fccklegen m\u00f6chten, k\u00f6nnen Sie von verschiedenen Anlegestellen aus starten.<br \/>\nDiese Aktivit\u00e4t k\u00f6nnen Sie <strong>auf eigene Faust<\/strong> unternehmen und an den <strong>vielen wilden Sandstr\u00e4nden<\/strong> eine Pause einlegen.<strong>\u00a0 <\/strong><\/p>\n<p style=\"text-align: center;\"><strong>\u00a0<\/strong>Eine kleine Entdeckungstour oder lieber eine echte sportliche Herausforderung? Sie folgen dem Lauf des klaren Wassers, begleitet von <strong>erhabenen Landschaften<\/strong>, <strong>entspannten<\/strong> Paddelschl\u00e4gen und <strong>einigen Stromschnellen,<\/strong> die f\u00fcr \u00dcberraschungen sorgen werden!<\/p>\n<p style=\"text-align: center;\">Dieses Naturerlebnis wird Ihnen in <strong>unvergesslicher Erinnerung<\/strong> bleiben!<\/p>\n<p style=\"text-align: center;\"><span style=\"color: #8aa850;\">Das kleine Extra:<\/span> Um den Ablauf m\u00f6glichst einfach zu gestalten, <strong>organisieren wir Ihre Buchungen<\/strong> bei unseren Partnern.<\/p>\n<p style=\"text-align: center;\"><strong>Voraussetzungen<\/strong>: <strong>Mindestalter 7 Jahre<\/strong> und nur f\u00fcr Schwimmer.<\/p>\n<\/div><\/div><style type=\"text\/css\">.fusion-body .fusion-builder-column-1{width:66.666666666667% !important;margin-top : 0px;margin-bottom : 20px;}.fusion-builder-column-1 > .fusion-column-wrapper {padding-top : 0px !important;padding-right : 0px !important;margin-right : 2.88%;padding-bottom : 0px !important;padding-left : 0px !important;margin-left : 2.88%;}@media only screen and (max-width:1024px) {.fusion-body .fusion-builder-column-1{width:100% !important;order : 0;}.fusion-builder-column-1 > .fusion-column-wrapper {margin-right : 1.92%;margin-left : 1.92%;}}@media only screen and (max-width:640px) {.fusion-body .fusion-builder-column-1{width:100% !important;order : 0;}.fusion-builder-column-1 > .fusion-column-wrapper {margin-right : 1.92%;margin-left : 1.92%;}}<\/style><\/div><div class=\"fusion-layout-column fusion_builder_column fusion-builder-column-2 fusion_builder_column_1_1 1_1 fusion-flex-column\"><div class=\"fusion-column-wrapper fusion-flex-justify-content-flex-start fusion-content-layout-column\" style=\"background-position:left top;background-repeat:no-repeat;-webkit-background-size:cover;-moz-background-size:cover;-o-background-size:cover;background-size:cover;padding: 0px 0px 0px 0px;\"><\/div><style type=\"text\/css\">.fusion-body .fusion-builder-column-2{width:100% !important;margin-top : 0px;margin-bottom : 20px;}.fusion-builder-column-2 > .fusion-column-wrapper {padding-top : 0px !important;padding-right : 0px !important;margin-right : 1.92%;padding-bottom : 0px !important;padding-left : 0px !important;margin-left : 1.92%;}@media only screen and (max-width:1024px) {.fusion-body .fusion-builder-column-2{width:100% !important;order : 0;}.fusion-builder-column-2 > .fusion-column-wrapper {margin-right : 1.92%;margin-left : 1.92%;}}@media only screen and (max-width:640px) {.fusion-body .fusion-builder-column-2{width:100% !important;order : 0;}.fusion-builder-column-2 > .fusion-column-wrapper {margin-right : 1.92%;margin-left : 1.92%;}}<\/style><\/div><div class=\"fusion-layout-column fusion_builder_column fusion-builder-column-3 fusion_builder_column_3_5 3_5 fusion-flex-column\"><div class=\"fusion-column-wrapper fusion-flex-justify-content-flex-start fusion-content-layout-column\" style=\"background-position:left top;background-repeat:no-repeat;-webkit-background-size:cover;-moz-background-size:cover;-o-background-size:cover;background-size:cover;padding: 0px 0px 0px 0px;\"><style type=\"text\/css\">@media only screen and (max-width:1024px) {.fusion-title.fusion-title-2{margin-top:0px!important; margin-right:0px!important;margin-bottom:31px!important;margin-left:0px!important;}}@media only screen and (max-width:640px) {.fusion-title.fusion-title-2{margin-top:0px!important; margin-right:0px!important;margin-bottom:20px!important; margin-left:0px!important;}}<\/style><div class=\"fusion-title title fusion-title-2 fusion-sep-none fusion-title-text fusion-title-size-three\" style=\"margin-top:0px;margin-right:0px;margin-bottom:31px;margin-left:0px;\"><h3 class=\"title-heading-left\" style=\"margin:0;\">Unsere liebsten Kanutouren<\/h3><\/div><div class=\"fusion-text fusion-text-2\"><p>Um die erhabene Stille der Umgebung und den symboltr\u00e4chtigen <strong>Cirque de Gens<\/strong> in vollen Z\u00fcgen genie\u00dfen zu k\u00f6nnen, empfehlen wir Ihnen zwei Abfahrten im <strong>\u201eoberen\u201c Abschnitt der Schlucht<\/strong>, die Sie als <strong>Halbtagestour<\/strong> unternehmen sollten. Eine ideale Strecke vor einer erhabenen Naturkulisse, auf der Sie <strong>fernab der sommerlichen Touristenstr\u00f6me<\/strong> die herrliche Umgebung bestaunen k\u00f6nnen.<\/p>\n<p>Von Vog\u00fce (11 km) oder Balazuc (7 km) aus gelangen Sie zum Strand unseres Partners <strong>Isla Cool Douce<\/strong> in Chauzon. Ausgangs- und Endpunkt der Tour sind gleich: Ein Gel\u00e4ndewagen bringt Sie zum Startpunkt der Kanutour, zur\u00fcck zum Strand kehren Sie in Ihrem eigenen Tempo.<\/p>\n<p><span class=\"lepetitplus\">Das Partner-Plus:<\/span><\/p>\n<ul>\n<li>Vor oder nach der Kanutour k\u00f6nnen Sie den Strand der Location nutzen: Mehr freie Zeit haben Sie bei einem ganzt\u00e4gigen Freizeitvergn\u00fcgen zwischen Kanu und Baden (+ 1 Gratis-Getr\u00e4nk).<\/li>\n<\/ul>\n<p><span class=\"lepetitplus\">Unser Tipp:<\/span><\/p>\n<ul>\n<li>Verabreden Sie sich am Strand, der f\u00fcr alle zug\u00e4nglich ist (auch f\u00fcr Kinder und Nichtschwimmer), um sich nach der Tour zu einem Picknick oder zum Relaxen mit der ganzen Familie zu treffen.<\/li>\n<\/ul>\n<\/div><\/div><style type=\"text\/css\">.fusion-body .fusion-builder-column-3{width:60% !important;margin-top : 0px;margin-bottom : 20px;}.fusion-builder-column-3 > .fusion-column-wrapper {padding-top : 0px !important;padding-right : 0px !important;margin-right : 3.2%;padding-bottom : 0px !important;padding-left : 0px !important;margin-left : 3.2%;}@media only screen and (max-width:1024px) {.fusion-body .fusion-builder-column-3{width:100% !important;order : 0;}.fusion-builder-column-3 > .fusion-column-wrapper {margin-right : 1.92%;margin-left : 1.92%;}}@media only screen and (max-width:640px) {.fusion-body .fusion-builder-column-3{width:100% !important;order : 0;}.fusion-builder-column-3 > .fusion-column-wrapper {margin-right : 1.92%;margin-left : 1.92%;}}<\/style><\/div><div class=\"fusion-layout-column fusion_builder_column fusion-builder-column-4 fusion_builder_column_2_5 2_5 fusion-flex-column galerien galerien-2\"><div class=\"fusion-column-wrapper fusion-flex-justify-content-flex-start fusion-content-layout-column\" style=\"background-position:left top;background-repeat:no-repeat;-webkit-background-size:cover;-moz-background-size:cover;-o-background-size:cover;background-size:cover;padding: 0px 0px 0px 0px;\"><div ><span class=\" fusion-imageframe imageframe-none imageframe-1 hover-type-none\"><a href=\"https:\/\/www.village-nature-zen.com\/wp-content\/uploads\/canoe-Isla-1.jpg\" class=\"fusion-lightbox\" data-rel=\"iLightbox[canoe-isla]\" data-title=\"Kanu \u00a9 Isla Cool Douce\" title=\"Kanu \u00a9 Isla Cool Douce\"><img decoding=\"async\" width=\"450\" height=\"330\" alt=\"Kanu \u00a9 Isla Cool Douce\" src=\"https:\/\/www.village-nature-zen.com\/wp-content\/uploads\/canoe-Isla-1-450x330.jpg\" class=\"img-responsive wp-image-5031\"\/><\/a><\/span><\/div><div ><span class=\" fusion-imageframe imageframe-none imageframe-2 hover-type-none\"><a href=\"https:\/\/www.village-nature-zen.com\/wp-content\/uploads\/canoe-Isla-3.jpg\" class=\"fusion-lightbox\" data-rel=\"iLightbox[canoe-isla]\" data-title=\"Kanu \u00a9 Isla Cool Douce\" title=\"Kanu \u00a9 Isla Cool Douce\"><img decoding=\"async\" width=\"450\" height=\"330\" alt=\"Kanu \u00a9 Isla Cool Douce\" src=\"https:\/\/www.village-nature-zen.com\/wp-content\/uploads\/canoe-Isla-3-450x330.jpg\" class=\"img-responsive wp-image-5035\"\/><\/a><\/span><\/div><div ><span class=\" fusion-imageframe imageframe-none imageframe-3 hover-type-none\"><a href=\"https:\/\/www.village-nature-zen.com\/wp-content\/uploads\/canoe-Isla-2.jpg\" class=\"fusion-lightbox\" data-rel=\"iLightbox[canoe-isla]\" data-title=\"Kanu \u00a9 Isla Cool Douce\" title=\"Kanu \u00a9 Isla Cool Douce\"><img decoding=\"async\" width=\"450\" height=\"330\" alt=\"Kanu \u00a9 Isla Cool Douce\" src=\"https:\/\/www.village-nature-zen.com\/wp-content\/uploads\/canoe-Isla-2-450x330.jpg\" class=\"img-responsive wp-image-5039\"\/><\/a><\/span><\/div><div ><span class=\" fusion-imageframe imageframe-none imageframe-4 hover-type-none\"><a href=\"https:\/\/www.village-nature-zen.com\/wp-content\/uploads\/canoe-Isla-4.jpg\" class=\"fusion-lightbox\" data-rel=\"iLightbox[canoe-isla]\" data-title=\"Kanu \u00a9 Isla Cool Douce\" title=\"Kanu \u00a9 Isla Cool Douce\"><img decoding=\"async\" width=\"450\" height=\"330\" alt=\"Kanu \u00a9 Isla Cool Douce\" src=\"https:\/\/www.village-nature-zen.com\/wp-content\/uploads\/canoe-Isla-4-450x330.jpg\" class=\"img-responsive wp-image-5043\"\/><\/a><\/span><\/div><\/div><style type=\"text\/css\">.fusion-body .fusion-builder-column-4{width:40% !important;margin-top : 0px;margin-bottom : 20px;}.fusion-builder-column-4 > .fusion-column-wrapper {padding-top : 0px !important;padding-right : 0px !important;margin-right : 4.8%;padding-bottom : 0px !important;padding-left : 0px !important;margin-left : 4.8%;}@media only screen and (max-width:1024px) {.fusion-body .fusion-builder-column-4{width:100% !important;order : 0;}.fusion-builder-column-4 > .fusion-column-wrapper {margin-right : 1.92%;margin-left : 1.92%;}}@media only screen and (max-width:640px) {.fusion-body .fusion-builder-column-4{width:100% !important;order : 0;}.fusion-builder-column-4 > .fusion-column-wrapper {margin-right : 1.92%;margin-left : 1.92%;}}<\/style><\/div><div class=\"fusion-layout-column fusion_builder_column fusion-builder-column-5 fusion_builder_column_1_2 1_2 fusion-flex-column\"><div class=\"fusion-column-wrapper fusion-flex-justify-content-flex-start fusion-content-layout-column\" style=\"background-position:left top;background-repeat:no-repeat;-webkit-background-size:cover;-moz-background-size:cover;-o-background-size:cover;background-size:cover;padding: 0px 0px 0px 0px;\"><style type=\"text\/css\">@media only screen and (max-width:1024px) {.fusion-title.fusion-title-3{margin-top:0px!important; margin-right:0px!important;margin-bottom:31px!important;margin-left:0px!important;}}@media only screen and (max-width:640px) {.fusion-title.fusion-title-3{margin-top:0px!important; margin-right:0px!important;margin-bottom:20px!important; margin-left:0px!important;}}<\/style><div class=\"fusion-title title fusion-title-3 fusion-sep-none fusion-title-text fusion-title-size-three\" style=\"margin-top:0px;margin-right:0px;margin-bottom:31px;margin-left:0px;\"><h3 class=\"title-heading-left\" style=\"margin:0;\">Kanutouren durch die Gorges de l\u2018Ard\u00e8che<\/h3><\/div><div class=\"fusion-text fusion-text-3 txtmatch\"><p>Eine Fahrt unter dem <strong>ber\u00fchmten Pont d&#8217;Arc<\/strong> hindurch oder ein Ausflug in das <strong>Naturschutzgebiet der Gorges de l&#8217;Ard\u00e8che<\/strong> \u2013 das alles ist auch von Uzer aus m\u00f6glich!<\/p>\n<p>Und nun alle ab ins Wasser! Entdecken Sie die majest\u00e4tischen Schluchten!<\/p>\n<p><strong>Zwischen 7 und 37 km<\/strong>, in einem oder zwei Tagen, k\u00fcmmert sich Ihr Dienstleister um den Transport(verschiedene Start- und Zielpunkte, basierend auf Ihrer Strecke).<\/p>\n<p><span class=\"lepetitplus\">Das clevere-Plus:<\/span><\/p>\n<ul>\n<li><strong>Ab 5 Jahren:<\/strong> M\u00f6glichkeit einer Abfahrt in Begleitung eines <strong>Betreuers<\/strong>!<\/li>\n<\/ul>\n<p><span class=\"lepetitplus\">Unser Tipp:<\/span><\/p>\n<ul>\n<li>Machen Sie diese Tour in der Vorsaison. Die ber\u00fchmten Schluchten sind im Hochsommer sehr gut besucht!<\/li>\n<\/ul>\n<\/div><div class=\"fusion-builder-row fusion-builder-row-inner fusion-row fusion-flex-align-items-flex-start fusion-flex-justify-content-center\" style=\"width:104% !important;max-width:104% !important;margin-left: calc(-4% \/ 2 );margin-right: calc(-4% \/ 2 );\"><div class=\"fusion-layout-column fusion_builder_column_inner fusion-builder-nested-column-0 fusion_builder_column_inner_1_1 1_1 fusion-flex-column galerien galerien-2\"><div class=\"fusion-column-wrapper fusion-flex-justify-content-flex-start fusion-content-layout-column\" style=\"background-position:left top;background-repeat:no-repeat;-webkit-background-size:cover;-moz-background-size:cover;-o-background-size:cover;background-size:cover;padding: 0px 0px 0px 0px;\"><div ><span class=\" fusion-imageframe imageframe-none imageframe-5 hover-type-none\"><a href=\"https:\/\/www.village-nature-zen.com\/wp-content\/uploads\/canoe-vallon-pont-d-arc-1.jpg\" class=\"fusion-lightbox\" data-rel=\"iLightbox[canoe-vallon]\" data-title=\"Kanu &#8211; Vallon pont d&#8217;Arc\" title=\"Kanu &#8211; Vallon pont d&#8217;Arc\"><img decoding=\"async\" width=\"450\" height=\"330\" alt=\"Kanu - Vallon pont d&#039;Arc\" src=\"https:\/\/www.village-nature-zen.com\/wp-content\/uploads\/canoe-vallon-pont-d-arc-1-450x330.jpg\" class=\"img-responsive wp-image-5053\"\/><\/a><\/span><\/div><div ><span class=\" fusion-imageframe imageframe-none imageframe-6 hover-type-none\"><a href=\"https:\/\/www.village-nature-zen.com\/wp-content\/uploads\/canoe-vallon-pont-d-arc-2.jpg\" class=\"fusion-lightbox\" data-rel=\"iLightbox[canoe-vallon]\" data-title=\"Kanu &#8211; Vallon pont d&#8217;Arc\" title=\"Kanu &#8211; Vallon pont d&#8217;Arc\"><img decoding=\"async\" width=\"450\" height=\"330\" alt=\"Kanu - Vallon pont d&#039;Arc\" src=\"https:\/\/www.village-nature-zen.com\/wp-content\/uploads\/canoe-vallon-pont-d-arc-2-450x330.jpg\" class=\"img-responsive wp-image-5057\"\/><\/a><\/span><\/div><\/div><style type=\"text\/css\">.fusion-body .fusion-builder-nested-column-0{width:100% !important;margin-top : 0px;margin-bottom : 20px;}.fusion-builder-nested-column-0 > .fusion-column-wrapper {padding-top : 0px !important;padding-right : 0px !important;margin-right : 1.92%;padding-bottom : 0px !important;padding-left : 0px !important;margin-left : 1.92%;}@media only screen and (max-width:1024px) {.fusion-body .fusion-builder-nested-column-0{width:100% !important;order : 0;}.fusion-builder-nested-column-0 > .fusion-column-wrapper {margin-right : 1.92%;margin-left : 1.92%;}}@media only screen and (max-width:640px) {.fusion-body .fusion-builder-nested-column-0{width:100% !important;order : 0;}.fusion-builder-nested-column-0 > .fusion-column-wrapper {margin-right : 1.92%;margin-left : 1.92%;}}<\/style><\/div><\/div><\/div><style type=\"text\/css\">.fusion-body .fusion-builder-column-5{width:50% !important;margin-top : 0px;margin-bottom : 20px;}.fusion-builder-column-5 > .fusion-column-wrapper {padding-top : 0px !important;padding-right : 0px !important;margin-right : 3.84%;padding-bottom : 0px !important;padding-left : 0px !important;margin-left : 3.84%;}@media only screen and (max-width:1024px) {.fusion-body .fusion-builder-column-5{width:100% !important;order : 0;}.fusion-builder-column-5 > .fusion-column-wrapper {margin-right : 1.92%;margin-left : 1.92%;}}@media only screen and (max-width:640px) {.fusion-body .fusion-builder-column-5{width:100% !important;order : 0;}.fusion-builder-column-5 > .fusion-column-wrapper {margin-right : 1.92%;margin-left : 1.92%;}}<\/style><\/div><div class=\"fusion-layout-column fusion_builder_column fusion-builder-column-6 fusion_builder_column_1_2 1_2 fusion-flex-column bloc-bg-gris\"><div class=\"fusion-column-wrapper fusion-flex-justify-content-flex-start fusion-content-layout-column\" style=\"background-position:left top;background-repeat:no-repeat;-webkit-background-size:cover;-moz-background-size:cover;-o-background-size:cover;background-size:cover;padding: 0px 0px 0px 0px;\"><style type=\"text\/css\">@media only screen and (max-width:1024px) {.fusion-title.fusion-title-4{margin-top:0px!important; margin-right:0px!important;margin-bottom:31px!important;margin-left:0px!important;}}@media only screen and (max-width:640px) {.fusion-title.fusion-title-4{margin-top:0px!important; margin-right:0px!important;margin-bottom:20px!important; margin-left:0px!important;}}<\/style><div class=\"fusion-title title fusion-title-4 fusion-sep-none fusion-title-text fusion-title-size-three\" style=\"margin-top:0px;margin-right:0px;margin-bottom:31px;margin-left:0px;\"><h3 class=\"title-heading-left\" style=\"margin:0;\">Auch auf dem Chassezac!<\/h3><\/div><div class=\"fusion-text fusion-text-4 txtmatch\"><p><strong>Der Chassezac<\/strong>, der andere schiffbare Fluss in der s\u00fcdlichen Ard\u00e8che, bietet ebenfalls wundersch\u00f6ne Schluchten, die mit dem Kanu erkundet werden k\u00f6nnen. Die <strong>Compagnie de Cano\u00eb du Chassezac<\/strong> bietet zwei Kanutouren sowie andere Wassersportaktivit\u00e4ten an: Entdeckungstouren auf dem Wasser, Rafting oder Stand-up-Paddling.<\/p>\n<p><span class=\"lepetitplus\">Das Partner-Plus:<\/span><\/p>\n<ul>\n<li>Einf\u00fchrung ins Kanufahren ab 3 Jahren auf einer ruhigen Wasserfl\u00e4che!<\/li>\n<\/ul>\n<p><span class=\"lepetitplus\">Unser Tipp:<\/span><\/p>\n<ul>\n<li>Kombinieren Sie Ihren Kanuausflug mit einem Besuch des Cevennen-Dorfes Les Vans (Nachtmarkt am Dienstagabend im Sommer).<\/li>\n<\/ul>\n<\/div><div class=\"fusion-builder-row fusion-builder-row-inner fusion-row fusion-flex-align-items-flex-start fusion-flex-justify-content-center\" style=\"width:104% !important;max-width:104% !important;margin-left: calc(-4% \/ 2 );margin-right: calc(-4% \/ 2 );\"><div class=\"fusion-layout-column fusion_builder_column_inner fusion-builder-nested-column-1 fusion_builder_column_inner_1_1 1_1 fusion-flex-column galerien galerien-2\"><div class=\"fusion-column-wrapper fusion-flex-justify-content-flex-start fusion-content-layout-column\" style=\"background-position:left top;background-repeat:no-repeat;-webkit-background-size:cover;-moz-background-size:cover;-o-background-size:cover;background-size:cover;padding: 0px 0px 0px 0px;\"><div ><span class=\" fusion-imageframe imageframe-none imageframe-7 hover-type-none\"><a href=\"https:\/\/www.village-nature-zen.com\/wp-content\/uploads\/canoe-chassezac-1.jpg\" class=\"fusion-lightbox\" data-rel=\"iLightbox[canoe-chassezac]\" data-title=\"Kanu &#8211; Chassezac &#8211; Cirque Endieu \u00a9 Chassezac Cano\u00eb CCC\" title=\"Kanu &#8211; Chassezac &#8211; Cirque Endieu \u00a9 Chassezac Cano\u00eb CCC\"><img decoding=\"async\" width=\"450\" height=\"330\" alt=\"Kanu - Chassezac - Cirque Endieu \u00a9 Chassezac Cano\u00eb CCC\" src=\"https:\/\/www.village-nature-zen.com\/wp-content\/uploads\/canoe-chassezac-1-450x330.jpg\" class=\"img-responsive wp-image-5215\"\/><\/a><\/span><\/div><div ><span class=\" fusion-imageframe imageframe-none imageframe-8 hover-type-none\"><a href=\"https:\/\/www.village-nature-zen.com\/wp-content\/uploads\/canoe-chassezac-cirque-endieu.jpg\" class=\"fusion-lightbox\" data-rel=\"iLightbox[canoe-chassezac]\" data-title=\"Kanu &#8211; Chassezac &#8211; Cirque Endieu \u00a9 Chassezac Cano\u00eb CCC\" title=\"Kanu &#8211; Chassezac &#8211; Cirque Endieu \u00a9 Chassezac Cano\u00eb CCC\"><img decoding=\"async\" width=\"450\" height=\"330\" alt=\"Kanu - Chassezac - Cirque Endieu \u00a9 Chassezac Cano\u00eb CCC\" src=\"https:\/\/www.village-nature-zen.com\/wp-content\/uploads\/canoe-chassezac-cirque-endieu-450x330.jpg\" class=\"img-responsive wp-image-5219\"\/><\/a><\/span><\/div><\/div><style type=\"text\/css\">.fusion-body .fusion-builder-nested-column-1{width:100% !important;margin-top : 0px;margin-bottom : 20px;}.fusion-builder-nested-column-1 > .fusion-column-wrapper {padding-top : 0px !important;padding-right : 0px !important;margin-right : 1.92%;padding-bottom : 0px !important;padding-left : 0px !important;margin-left : 1.92%;}@media only screen and (max-width:1024px) {.fusion-body .fusion-builder-nested-column-1{width:100% !important;order : 0;}.fusion-builder-nested-column-1 > .fusion-column-wrapper {margin-right : 1.92%;margin-left : 1.92%;}}@media only screen and (max-width:640px) {.fusion-body .fusion-builder-nested-column-1{width:100% !important;order : 0;}.fusion-builder-nested-column-1 > .fusion-column-wrapper {margin-right : 1.92%;margin-left : 1.92%;}}<\/style><\/div><\/div><\/div><style type=\"text\/css\">.fusion-body .fusion-builder-column-6{width:50% !important;margin-top : 0px;margin-bottom : 20px;}.fusion-builder-column-6 > .fusion-column-wrapper {padding-top : 0px !important;padding-right : 0px !important;margin-right : 3.84%;padding-bottom : 0px !important;padding-left : 0px !important;margin-left : 3.84%;}@media only screen and (max-width:1024px) {.fusion-body .fusion-builder-column-6{width:100% !important;order : 0;}.fusion-builder-column-6 > .fusion-column-wrapper {margin-right : 1.92%;margin-left : 1.92%;}}@media only screen and (max-width:640px) {.fusion-body .fusion-builder-column-6{width:100% !important;order : 0;}.fusion-builder-column-6 > .fusion-column-wrapper {margin-right : 1.92%;margin-left : 1.92%;}}<\/style><\/div><\/div><style type=\"text\/css\">.fusion-body .fusion-flex-container.fusion-builder-row-1{ padding-top : 0px;margin-top : 0px;padding-right : 0px;padding-bottom : 0px;margin-bottom : 0px;padding-left : 0px;}<\/style><\/div>\n","protected":false},"excerpt":{"rendered":"","protected":false},"author":1,"featured_media":5225,"parent":5751,"menu_order":40,"comment_status":"closed","ping_status":"closed","template":"","meta":{"footnotes":""},"class_list":["post-5748","page","type-page","status-publish","has-post-thumbnail","hentry"],"acf":[],"_links":{"self":[{"href":"https:\/\/www.village-nature-zen.com\/de\/wp-json\/wp\/v2\/pages\/5748","targetHints":{"allow":["GET"]}}],"collection":[{"href":"https:\/\/www.village-nature-zen.com\/de\/wp-json\/wp\/v2\/pages"}],"about":[{"href":"https:\/\/www.village-nature-zen.com\/de\/wp-json\/wp\/v2\/types\/page"}],"author":[{"embeddable":true,"href":"https:\/\/www.village-nature-zen.com\/de\/wp-json\/wp\/v2\/users\/1"}],"replies":[{"embeddable":true,"href":"https:\/\/www.village-nature-zen.com\/de\/wp-json\/wp\/v2\/comments?post=5748"}],"version-history":[{"count":5,"href":"https:\/\/www.village-nature-zen.com\/de\/wp-json\/wp\/v2\/pages\/5748\/revisions"}],"predecessor-version":[{"id":7045,"href":"https:\/\/www.village-nature-zen.com\/de\/wp-json\/wp\/v2\/pages\/5748\/revisions\/7045"}],"up":[{"embeddable":true,"href":"https:\/\/www.village-nature-zen.com\/de\/wp-json\/wp\/v2\/pages\/5751"}],"wp:featuredmedia":[{"embeddable":true,"href":"https:\/\/www.village-nature-zen.com\/de\/wp-json\/wp\/v2\/media\/5225"}],"wp:attachment":[{"href":"https:\/\/www.village-nature-zen.com\/de\/wp-json\/wp\/v2\/media?parent=5748"}],"curies":[{"name":"wp","href":"https:\/\/api.w.org\/{rel}","templated":true}]}}