{"id":5744,"date":"2022-02-02T10:41:28","date_gmt":"2022-02-02T09:41:28","guid":{"rendered":"https:\/\/www.village-nature-zen.com\/riviere-piscine\/"},"modified":"2025-09-19T13:43:40","modified_gmt":"2025-09-19T11:43:40","slug":"fluss-schwimmbad","status":"publish","type":"page","link":"https:\/\/www.village-nature-zen.com\/de\/das-dorf\/fluss-schwimmbad\/","title":{"rendered":"Fluss \/ Schwimmbad"},"content":{"rendered":"<div class=\"fusion-fullwidth fullwidth-box fusion-builder-row-1 nonhundred-percent-fullwidth non-hundred-percent-height-scrolling\" style=\"background-color: rgba(255,255,255,0);background-position: center center;background-repeat: no-repeat;padding-top:0px;padding-right:0px;padding-bottom:0px;padding-left:0px;margin-bottom: 0px;margin-top: 0px;border-width: 0px 0px 0px 0px;border-color:#eae9e9;border-style:solid;\" ><div class=\"fusion-builder-row fusion-row\"><div class=\"fusion-layout-column fusion_builder_column fusion-builder-column-0 fusion_builder_column_1_1 1_1 fusion-one-full fusion-column-first fusion-column-last\" style=\"margin-top:0px;margin-bottom:20px;\"><div class=\"fusion-column-wrapper fusion-flex-column-wrapper-legacy\" style=\"background-position:left top;background-repeat:no-repeat;-webkit-background-size:cover;-moz-background-size:cover;-o-background-size:cover;background-size:cover;padding: 0px 0px 0px 0px;\"><style type=\"text\/css\"><\/style><div class=\"fusion-title title fusion-title-1 fusion-sep-none fusion-title-center fusion-title-text fusion-title-size-two bignumber\" style=\"margin-top:0px;margin-right:0px;margin-bottom:31px;margin-left:0px;\"><h2 class=\"title-heading-center\" style=\"margin:0;\">Die <span class=\"n\">2<\/span> Fl\u00fcsse<\/h2><\/div><div class=\"fusion-clearfix\"><\/div><\/div><\/div><div class=\"fusion-layout-column fusion_builder_column fusion-builder-column-1 fusion_builder_column_1_4 1_4 fusion-one-fourth fusion-column-first col-txt-padding \" style=\"width:25%;width:calc(25% - ( ( 0px + 30px + 0px ) * 0.25 ) );margin-right: 0px;margin-top:0px;margin-bottom:20px;\"><div class=\"fusion-column-wrapper fusion-flex-column-wrapper-legacy\" style=\"background-position:left top;background-repeat:no-repeat;-webkit-background-size:cover;-moz-background-size:cover;-o-background-size:cover;background-size:cover;padding: 0px 0px 0px 0px;\"><div class=\"fusion-text fusion-text-1\"><p>Der Village Nature Zen wird von <strong>zwei Fl\u00fcssen<\/strong> begrenzt: <strong>die Ligne<\/strong> <strong>und die Lande<\/strong> mit direktem Zugang vom Campingplatz aus.<\/p>\n<p>Die Lande m\u00fcndet in die Ligne, die ihrem Verlauf bis nach Chauzon folgt, wo sie auf die Ard\u00e8che trifft.<\/p>\n<p>Beide haben <strong>niedrige Wasserst\u00e4nde<\/strong>, und die Lande wird von einer <strong>Quelle<\/strong> auf halbem Weg zwischen dem Dorf Uzer und dem Campingplatz gespeist.<\/p>\n<p>Die Ligne \u00fcberquert Largenti\u00e8re und kommt hier durch eine Reihe von <strong>flachen Steinen<\/strong> an.<\/p>\n<\/div><div class=\"fusion-clearfix\"><\/div><\/div><\/div><div class=\"fusion-layout-column fusion_builder_column fusion-builder-column-2 fusion_builder_column_1_4 1_4 fusion-one-fourth galerie\" style=\"width:25%;width:calc(25% - ( ( 0px + 30px + 0px ) * 0.25 ) );margin-right: 30px;margin-top:0px;margin-bottom:20px;\"><div class=\"fusion-column-wrapper fusion-flex-column-wrapper-legacy\" style=\"background-position:left top;background-repeat:no-repeat;-webkit-background-size:cover;-moz-background-size:cover;-o-background-size:cover;background-size:cover;padding: 0px 0px 0px 0px;\"><div class=\"imageframe-align-center\"><span class=\" fusion-imageframe imageframe-none imageframe-1 hover-type-none\"><a href=\"https:\/\/www.village-nature-zen.com\/wp-content\/uploads\/ammonite.jpg\" class=\"fusion-lightbox\" data-rel=\"iLightbox[riviere]\" data-title=\"Ammonit\" title=\"Ammonit\"><img decoding=\"async\" width=\"450\" height=\"450\" alt=\"Ammonit\" src=\"https:\/\/www.village-nature-zen.com\/wp-content\/uploads\/ammonite-450x450.jpg\" class=\"img-responsive wp-image-1608\" srcset=\"https:\/\/www.village-nature-zen.com\/wp-content\/uploads\/ammonite-66x66.jpg 66w, https:\/\/www.village-nature-zen.com\/wp-content\/uploads\/ammonite-150x150.jpg 150w, https:\/\/www.village-nature-zen.com\/wp-content\/uploads\/ammonite-300x300.jpg 300w, https:\/\/www.village-nature-zen.com\/wp-content\/uploads\/ammonite-450x450.jpg 450w\" sizes=\"(max-width: 450px) 100vw, 450px\" \/><\/a><\/span><\/div><div class=\"fusion-clearfix\"><\/div><\/div><\/div><div class=\"fusion-layout-column fusion_builder_column fusion-builder-column-3 fusion_builder_column_1_4 1_4 fusion-one-fourth galerie\" style=\"width:25%;width:calc(25% - ( ( 0px + 30px + 0px ) * 0.25 ) );margin-right: 0px;margin-top:0px;margin-bottom:20px;\"><div class=\"fusion-column-wrapper fusion-flex-column-wrapper-legacy\" style=\"background-position:left top;background-repeat:no-repeat;-webkit-background-size:cover;-moz-background-size:cover;-o-background-size:cover;background-size:cover;padding: 0px 0px 0px 0px;\"><div class=\"imageframe-align-center\"><span class=\" fusion-imageframe imageframe-none imageframe-2 hover-type-none\"><a href=\"https:\/\/www.village-nature-zen.com\/wp-content\/uploads\/castor.jpg\" class=\"fusion-lightbox\" data-rel=\"iLightbox[riviere]\" data-title=\"Die Biber\" title=\"Die Biber\"><img decoding=\"async\" width=\"450\" height=\"450\" alt=\"Die Biber\" src=\"https:\/\/www.village-nature-zen.com\/wp-content\/uploads\/castor-450x450.jpg\" class=\"img-responsive wp-image-1611\" srcset=\"https:\/\/www.village-nature-zen.com\/wp-content\/uploads\/castor-66x66.jpg 66w, https:\/\/www.village-nature-zen.com\/wp-content\/uploads\/castor-150x150.jpg 150w, https:\/\/www.village-nature-zen.com\/wp-content\/uploads\/castor-300x300.jpg 300w, https:\/\/www.village-nature-zen.com\/wp-content\/uploads\/castor-450x450.jpg 450w\" sizes=\"(max-width: 450px) 100vw, 450px\" \/><\/a><\/span><\/div><div class=\"fusion-clearfix\"><\/div><\/div><\/div><div class=\"fusion-layout-column fusion_builder_column fusion-builder-column-4 fusion_builder_column_1_4 1_4 fusion-one-fourth fusion-column-last col-txt-padding \" style=\"width:25%;width:calc(25% - ( ( 0px + 30px + 0px ) * 0.25 ) );margin-top:0px;margin-bottom:20px;\"><div class=\"fusion-column-wrapper fusion-flex-column-wrapper-legacy\" style=\"background-position:left top;background-repeat:no-repeat;-webkit-background-size:cover;-moz-background-size:cover;-o-background-size:cover;background-size:cover;padding: 0px 0px 0px 0px;\"><div class=\"fusion-text fusion-text-2\"><p>Die zwei (<strong>untiefe<\/strong>) Fl\u00fcsse sind von den Stellpl\u00e4tzen getrennt durch einen <strong>unbesetzten Bereich<\/strong>, die \u201eUferpromenade\u201c genannt.<\/p>\n<p>Daher stellen sie keine direkte <strong>Gefahr <\/strong>f\u00fcr <strong>Kinder<\/strong> dar.<\/p>\n<p>Sie bieten <strong>zahlreiche M\u00f6glichkeiten: <\/strong>\u00a0paddeln, Rafting, einen Damm bauen oder <strong>sich erfrischen<\/strong>.<\/p>\n<p>Bei Einbruch der Dunkelheit k\u00f6nnen Sie <strong>die Biber<\/strong> beobachten, die kurz nach der Einm\u00fcndung nisten.<\/p>\n<\/div><div class=\"fusion-clearfix\"><\/div><\/div><\/div><div class=\"fusion-layout-column fusion_builder_column fusion-builder-column-5 fusion_builder_column_1_2 1_2 fusion-one-half fusion-column-first nested-col-plandeau matchheight\" style=\"width:50%;width:calc(50% - ( ( 30px ) * 0.5 ) );margin-right: 30px;margin-top:0px;margin-bottom:20px;\"><div class=\"fusion-column-wrapper fusion-flex-column-wrapper-legacy\" style=\"background-position:left top;background-repeat:no-repeat;-webkit-background-size:cover;-moz-background-size:cover;-o-background-size:cover;background-size:cover;padding: 0px 0px 0px 0px;\"><div class=\"imageframe-align-center\"><span class=\" fusion-imageframe imageframe-none imageframe-3 hover-type-none img-plan-deau\"><a href=\"https:\/\/www.village-nature-zen.com\/wp-content\/uploads\/la-ligne-la-cascade.jpg\" class=\"fusion-lightbox\" data-rel=\"iLightbox[riviere]\" data-title=\"Wasserfall auf La Ligne\" title=\"Wasserfall auf La Ligne\"><img decoding=\"async\" width=\"800\" height=\"452\" alt=\"Wasserfall auf La Ligne\" src=\"https:\/\/www.village-nature-zen.com\/wp-content\/uploads\/la-ligne-la-cascade-800x452.jpg\" class=\"img-responsive wp-image-1614\" srcset=\"https:\/\/www.village-nature-zen.com\/wp-content\/uploads\/la-ligne-la-cascade-200x113.jpg 200w, https:\/\/www.village-nature-zen.com\/wp-content\/uploads\/la-ligne-la-cascade-400x226.jpg 400w, https:\/\/www.village-nature-zen.com\/wp-content\/uploads\/la-ligne-la-cascade-600x339.jpg 600w, https:\/\/www.village-nature-zen.com\/wp-content\/uploads\/la-ligne-la-cascade-800x452.jpg 800w, https:\/\/www.village-nature-zen.com\/wp-content\/uploads\/la-ligne-la-cascade.jpg 992w\" sizes=\"(max-width: 900px) 100vw, 800px\" \/><\/a><\/span><\/div><div class=\"fusion-sep-clear\"><\/div><div class=\"fusion-separator fusion-full-width-sep\" style=\"margin-left: auto;margin-right: auto;margin-top:15px;width:100%;\"><\/div><div class=\"fusion-sep-clear\"><\/div><style type=\"text\/css\"><\/style><div class=\"fusion-title title fusion-title-2 fusion-sep-none fusion-title-center fusion-title-text fusion-title-size-three\" style=\"margin-top:0px;margin-right:0px;margin-bottom:34px;margin-left:0px;\"><h3 class=\"title-heading-center\" style=\"margin:0;\">Der Wasserfall<\/h3><\/div><div class=\"fusion-sep-clear\"><\/div><div class=\"fusion-separator fusion-full-width-sep no-mobile\" style=\"margin-left: auto;margin-right: auto;margin-top:38px;width:100%;\"><\/div><div class=\"fusion-sep-clear\"><\/div><div class=\"fusion-text fusion-text-3\"><p>Wenn Sie den Fluss<strong> La Ligne<\/strong> oder den Zugangsweg des Campingplatzes folgen, kommen Sie zu einem <strong>wundersch\u00f6nen <\/strong>Wasserfall, der von La Ligne gespeist wird und ein v\u00f6llig <strong>nat\u00fcrliches Gew\u00e4sser <\/strong>bietet!<\/p>\n<\/div><div class=\"fusion-sep-clear\"><\/div><div class=\"fusion-separator fusion-full-width-sep no-mobile\" style=\"margin-left: auto;margin-right: auto;margin-top:36px;width:100%;\"><\/div><div class=\"fusion-sep-clear\"><\/div><div class=\"fusion-clearfix\"><\/div><\/div><\/div><div class=\"fusion-layout-column fusion_builder_column fusion-builder-column-6 fusion_builder_column_1_2 1_2 fusion-one-half fusion-column-last nested-col-plandeau matchheight\" style=\"width:50%;width:calc(50% - ( ( 30px ) * 0.5 ) );margin-top:0px;margin-bottom:20px;\"><div class=\"fusion-column-wrapper fusion-flex-column-wrapper-legacy\" style=\"background-position:left top;background-repeat:no-repeat;-webkit-background-size:cover;-moz-background-size:cover;-o-background-size:cover;background-size:cover;padding: 0px 0px 0px 0px;\"><div class=\"imageframe-align-center\"><span class=\" fusion-imageframe imageframe-none imageframe-4 hover-type-none\"><a href=\"https:\/\/www.village-nature-zen.com\/wp-content\/uploads\/cirque-de-gens.jpg\" class=\"fusion-lightbox\" data-rel=\"iLightbox[riviere]\" data-title=\"Cirque de Gens\" title=\"Cirque de Gens\"><img decoding=\"async\" width=\"800\" height=\"452\" alt=\"Cirque de Gens\" src=\"https:\/\/www.village-nature-zen.com\/wp-content\/uploads\/baignade-1-800x452.jpg\" class=\"img-responsive wp-image-9253\" srcset=\"https:\/\/www.village-nature-zen.com\/wp-content\/uploads\/baignade-1-200x113.jpg 200w, https:\/\/www.village-nature-zen.com\/wp-content\/uploads\/baignade-1-400x226.jpg 400w, https:\/\/www.village-nature-zen.com\/wp-content\/uploads\/baignade-1-600x339.jpg 600w, https:\/\/www.village-nature-zen.com\/wp-content\/uploads\/baignade-1-800x452.jpg 800w, https:\/\/www.village-nature-zen.com\/wp-content\/uploads\/baignade-1.jpg 992w\" sizes=\"(max-width: 900px) 100vw, 800px\" \/><\/a><\/span><\/div><div class=\"fusion-sep-clear\"><\/div><div class=\"fusion-separator fusion-full-width-sep\" style=\"margin-left: auto;margin-right: auto;margin-top:15px;width:100%;\"><\/div><div class=\"fusion-sep-clear\"><\/div><style type=\"text\/css\"><\/style><div class=\"fusion-title title fusion-title-3 fusion-sep-none fusion-title-center fusion-title-text fusion-title-size-three\" style=\"margin-top:0px;margin-right:0px;margin-bottom:20px;margin-left:0px;\"><h3 class=\"title-heading-center\" style=\"margin:0;\">Schwimmen im Fluss<\/h3><\/div><div class=\"fusion-text fusion-text-4\" style=\"margin-top:30px;\"><p>Die Entscheidung, in der Ard\u00e8che Urlaub zu machen, ist sicherlich auch wegen der Ruhe und des <strong>Badevergn\u00fcgens<\/strong> im Fluss zu treffen.<\/p>\n<p>Die Ard\u00e8che bietet viele M\u00f6glichkeiten in den umliegenden Fl\u00fcssen (die Ard\u00e8che, La Beaume, der Chassezac) mit atemberaubenden Panoramen an <strong>wunderbaren Orten<\/strong>:<strong> Balazuc<\/strong>, die Schluchten von La Beaume, von Ibie, die Paraden von Ruoms, Die Pont du Diable, der <strong>cirque de Gens<\/strong>&#8230;<\/p>\n<\/div><div class=\"fusion-clearfix\"><\/div><\/div><\/div><div class=\"fusion-layout-column fusion_builder_column fusion-builder-column-7 fusion_builder_column_1_1 1_1 fusion-one-full fusion-column-first fusion-column-last\" style=\"margin-top:0px;margin-bottom:20px;\"><div class=\"fusion-column-wrapper fusion-flex-column-wrapper-legacy\" style=\"background-position:left top;background-repeat:no-repeat;-webkit-background-size:cover;-moz-background-size:cover;-o-background-size:cover;background-size:cover;padding: 0px 0px 0px 0px;\"><style type=\"text\/css\"><\/style><div class=\"fusion-title title fusion-title-4 fusion-sep-none fusion-title-center fusion-title-text fusion-title-size-two\" style=\"margin-top:0px;margin-right:0px;margin-bottom:31px;margin-left:0px;\"><h2 class=\"title-heading-center\" style=\"margin:0;\">Das Schwimmbad<\/h2><\/div><div class=\"fusion-clearfix\"><\/div><\/div><\/div><div class=\"fusion-layout-column fusion_builder_column fusion-builder-column-8 fusion_builder_column_1_1 1_1 fusion-one-full fusion-column-first fusion-column-last col-piscine\" style=\"margin-top:0px;margin-bottom:20px;\"><div class=\"fusion-column-wrapper fusion-flex-column-wrapper-legacy\" style=\"background-position:left top;background-repeat:no-repeat;-webkit-background-size:cover;-moz-background-size:cover;-o-background-size:cover;background-size:cover;padding: 0px 0px 0px 0px;\"><div class=\"imageframe-align-center\"><span class=\" fusion-imageframe imageframe-none imageframe-5 hover-type-none\"><a href=\"https:\/\/www.village-nature-zen.com\/wp-content\/uploads\/piscine-et-patogeoire-02.jpg\" class=\"fusion-lightbox\" data-rel=\"iLightbox[5401c63181289ec9dbf]\" data-title=\"Schwimmbad\" title=\"Schwimmbad\"><img decoding=\"async\" width=\"600\" height=\"300\" alt=\"Schwimmbad\" src=\"https:\/\/www.village-nature-zen.com\/wp-content\/uploads\/piscine-et-patogeoire-02-600x300.jpg\" class=\"img-responsive wp-image-8487\"\/><\/a><\/span><\/div><div class=\"fusion-text fusion-text-5\"><p>Der Village Nature Zen verf\u00fcgt \u00fcber ein Schwimmbad und ein Planschbecken<strong>, <\/strong>ideal zum Abk\u00fchlen und Spielen mit Freunden.<\/p>\n<p>Das Schwimmbad wird durch die <strong>Sonnenstrahlen<\/strong> nat\u00fcrlich <strong>beheizt <\/strong>und ist von Kastanienb\u00e4umen ges\u00e4umt.<\/p>\n<ul>\n<li>Das Schwimmbad ist von 10.00 Uhr bis 19.00 Uhr ge\u00f6ffnet.<\/li>\n<li>Zugang ausschlie\u00dflich f\u00fcr <strong>Camper<\/strong> (keine Besucher erlaubt).<\/li>\n<li><strong>13 x 7 m Becken<\/strong>, progressive Tiefe bis 1,50 m + <strong>Planschbecken<\/strong><\/li>\n<li>Mit <strong>Liegest\u00fchlen<\/strong> ausgestatteter Strand im Schatten der Kastanienb\u00e4ume<\/li>\n<li>Aus hygienischen Gr\u00fcnden sind nur <strong>Badehosen<\/strong> erlaubt (keine Shorts)<\/li>\n<li>Zur <strong>Sicherheit<\/strong> aller m\u00fcssen <strong>Kinder<\/strong> von einem Erwachsenen <strong>beaufsichtigt werden<\/strong>.<\/li>\n<\/ul>\n<\/div><div class=\"fusion-clearfix\"><\/div><\/div><\/div><\/div><\/div>\n","protected":false},"excerpt":{"rendered":"","protected":false},"author":1,"featured_media":9132,"parent":5745,"menu_order":1,"comment_status":"closed","ping_status":"closed","template":"","meta":{"footnotes":""},"class_list":["post-5744","page","type-page","status-publish","has-post-thumbnail","hentry"],"acf":[],"_links":{"self":[{"href":"https:\/\/www.village-nature-zen.com\/de\/wp-json\/wp\/v2\/pages\/5744","targetHints":{"allow":["GET"]}}],"collection":[{"href":"https:\/\/www.village-nature-zen.com\/de\/wp-json\/wp\/v2\/pages"}],"about":[{"href":"https:\/\/www.village-nature-zen.com\/de\/wp-json\/wp\/v2\/types\/page"}],"author":[{"embeddable":true,"href":"https:\/\/www.village-nature-zen.com\/de\/wp-json\/wp\/v2\/users\/1"}],"replies":[{"embeddable":true,"href":"https:\/\/www.village-nature-zen.com\/de\/wp-json\/wp\/v2\/comments?post=5744"}],"version-history":[{"count":10,"href":"https:\/\/www.village-nature-zen.com\/de\/wp-json\/wp\/v2\/pages\/5744\/revisions"}],"predecessor-version":[{"id":9357,"href":"https:\/\/www.village-nature-zen.com\/de\/wp-json\/wp\/v2\/pages\/5744\/revisions\/9357"}],"up":[{"embeddable":true,"href":"https:\/\/www.village-nature-zen.com\/de\/wp-json\/wp\/v2\/pages\/5745"}],"wp:featuredmedia":[{"embeddable":true,"href":"https:\/\/www.village-nature-zen.com\/de\/wp-json\/wp\/v2\/media\/9132"}],"wp:attachment":[{"href":"https:\/\/www.village-nature-zen.com\/de\/wp-json\/wp\/v2\/media?parent=5744"}],"curies":[{"name":"wp","href":"https:\/\/api.w.org\/{rel}","templated":true}]}}