{"id":3028,"date":"2020-12-03T09:56:30","date_gmt":"2020-12-03T08:56:30","guid":{"rendered":"https:\/\/www.village-nature-zen.com\/emplacements-camping-ardeche\/"},"modified":"2026-02-15T16:46:20","modified_gmt":"2026-02-15T15:46:20","slug":"stellplatz-camping-ardeche","status":"publish","type":"page","link":"https:\/\/www.village-nature-zen.com\/de\/unterkunfte\/stellplatz-camping-ardeche\/","title":{"rendered":"Stellpl\u00e4tze"},"content":{"rendered":"<div class=\"fusion-fullwidth fullwidth-box fusion-builder-row-1 nonhundred-percent-fullwidth non-hundred-percent-height-scrolling\" style=\"background-color: rgba(255,255,255,0);background-position: center center;background-repeat: no-repeat;padding-top:0px;padding-right:0px;padding-bottom:0px;padding-left:0px;margin-bottom: 0px;margin-top: 0px;border-width: 0px 0px 0px 0px;border-color:#eae9e9;border-style:solid;\" ><div class=\"fusion-builder-row fusion-row\"><div class=\"fusion-layout-column fusion_builder_column fusion-builder-column-0 fusion_builder_column_1_1 1_1 fusion-one-full fusion-column-first fusion-column-last\" style=\"margin-top:0px;margin-bottom:20px;\"><div class=\"fusion-column-wrapper fusion-flex-column-wrapper-legacy\" style=\"background-position:left top;background-repeat:no-repeat;-webkit-background-size:cover;-moz-background-size:cover;-o-background-size:cover;background-size:cover;padding: 0px 0px 0px 0px;\"><style type=\"text\/css\"><\/style><div class=\"fusion-title title fusion-title-1 fusion-sep-none fusion-title-center fusion-title-text fusion-title-size-two\" style=\"margin-top:0px;margin-right:0px;margin-bottom:31px;margin-left:0px;\"><h2 class=\"title-heading-center\" style=\"margin:0;\">Bevorzugen Sie die Freiheit des Raums oder die Natur in aller Freiheit?<span class=\"stitle\">(41 Stellpl\u00e4tze von 110 bis 250 qm f\u00fcr 1 bis 6 Personen, geeignet f\u00fcr Zelte, Wohnwagen oder Wohnmobilen)<\/span><\/h2><\/div><div class=\"fusion-text fusion-text-1\"><p style=\"text-align: center;\">Wenn Sie sich f\u00fcr einen <strong>Campingurlaub <\/strong>entscheiden, entscheiden Sie sich daf\u00fcr <strong>mitten in der<\/strong> <strong>Natur <\/strong>zu leben und einfache Dinge zu bestaunen: den Gesang der V\u00f6gel am Morgen, das Pl\u00e4tschern des <strong>Flusses <\/strong>beim Einschlafen oder eine sch\u00f6ne sternenklare Nacht! F\u00fcr Naturliebhaber ist dies der ideale Ort, um <strong>Kraft zu tanken <\/strong>und in Harmonie zu leben!<\/p>\n<p style=\"text-align: center;\">Die Stellpl\u00e4tze des Village Nature Zen &#8211; 3-Sterne-Campingplatz sind sehr ger\u00e4umig (von 110 bis 250 qm) damit Ihre <strong>Privatsph\u00e4re <\/strong>garantiert werden kann und Sie diese kleine Ecke des Paradieses in voller <strong>Ruhe <\/strong>genie\u00dfen k\u00f6nnen. Die Stellpl\u00e4tze erstrecken sich \u00fcber <strong>3,5 Hektar<\/strong> Land, das mit verschiedenen Baumarten bewaldet ist (Akazie, Z\u00fcrgelbaum, Esche, Pappel, Eiche&#8230;), und befindet sich am Fu\u00dfe des Gras-Plateaus das nach <strong>Balazuc<\/strong> f\u00fchrt und vom <strong>Fluss La Lande<\/strong> begrenzt wird.<\/p>\n<\/div><div class=\"fusion-clearfix\"><\/div><\/div><\/div><div class=\"fusion-layout-column fusion_builder_column fusion-builder-column-1 fusion_builder_column_1_2 1_2 fusion-one-half fusion-column-first\" style=\"width:50%;width:calc(50% - ( ( 30px + 30px ) * 0.5 ) );margin-right: 30px;margin-top:0px;margin-bottom:20px;\"><div class=\"fusion-column-wrapper fusion-flex-column-wrapper-legacy\" style=\"background-position:left top;background-repeat:no-repeat;-webkit-background-size:cover;-moz-background-size:cover;-o-background-size:cover;background-size:cover;padding: 0px 0px 0px 0px;\"><style type=\"text\/css\"><\/style><div class=\"fusion-title title fusion-title-2 fusion-sep-none fusion-title-text fusion-title-size-two\" style=\"margin-top:0px;margin-right:0px;margin-bottom:31px;margin-left:0px;\"><h2 class=\"title-heading-left\" style=\"margin:0;\">Schatten, der Fluss, eine wunderbare Aussicht&#8230;<\/h2><\/div><div class=\"fusion-text fusion-text-2\"><p>Wir bieten <strong>flache, grasbewachsene, (halb)schattige<\/strong> oder sonnigere Stellpl\u00e4tz je nach Ihren Vorlieben und unserer Verf\u00fcgbarkeit. Dank der Klippen und Fl\u00fcsse werden die<strong> N\u00e4chte<\/strong> auch im Hochsommer <strong>k\u00fchler<\/strong> sein, was ausschlafen beg\u00fcnstigt!<\/p>\n<p>Entscheiden Sie sich f\u00fcr die schattigeren Stellpl\u00e4tze<strong> am Flussufer<\/strong>, die leicht <strong>zug\u00e4nglich <\/strong>sind um Ihr <strong>Zelt, Ihren Wohnwagen oder Ihr Wohnmobil <\/strong>aufzustellen, oder die <strong>Naturstellpl\u00e4tze <\/strong>(pr\u00e4chtiger Blick auf die Sonnenunterg\u00e4nge und auf das Tanargue-Massiv) um den Rhythmus der Natur besser zu folgen, je nach Ihrer Erwartungen und W\u00fcnsche.<\/p>\n<\/div><style type=\"text\/css\"><\/style><div class=\"fusion-title title fusion-title-3 fusion-sep-none fusion-title-text fusion-title-size-two\" style=\"margin-top:0px;margin-right:0px;margin-bottom:31px;margin-left:0px;\"><h2 class=\"title-heading-left\" style=\"margin:0;\">Der Ruf der Natur<\/h2><\/div><div class=\"fusion-text fusion-text-3\"><p>Wir legen besonderen Wert darauf, diesen <strong>au\u00dfergew\u00f6hnlichen Rahmen<\/strong> zu erhalten, damit jeder das findet, was er sucht. Unser Ziel: Ihnen <strong>im Freien<\/strong> ein <strong>authentisches Campingplatz mit Zen-Effekt und echtem Wohlf\u00fchlcharakter<\/strong>\u00a0in <strong>der Ard\u00e8che<\/strong> zu bieten, und dies in einer Umgebung in der Ruhe, eine gute Lebensqualit\u00e4t und gute Laune herrschen.<\/p>\n<\/div><div class=\"fusion-clearfix\"><\/div><\/div><\/div><div class=\"fusion-layout-column fusion_builder_column fusion-builder-column-2 fusion_builder_column_1_4 1_4 fusion-one-fourth bloc-menu-page-parent galerie\" style=\"width:25%;width:calc(25% - ( ( 30px + 30px ) * 0.25 ) );margin-right: 30px;margin-top:0px;margin-bottom:20px;\"><div class=\"fusion-column-wrapper fusion-flex-column-wrapper-legacy\" style=\"background-position:left top;background-repeat:no-repeat;-webkit-background-size:cover;-moz-background-size:cover;-o-background-size:cover;background-size:cover;padding: 0px 0px 0px 0px;\"><style type=\"text\/css\"><\/style><div class=\"fusion-title title fusion-title-4 fusion-sep-none fusion-title-center fusion-title-text fusion-title-size-three\" style=\"margin-top:0px;margin-right:0px;margin-bottom:31px;margin-left:0px;\"><h3 class=\"title-heading-center\" style=\"margin:0;\">Stellpl\u00e4tze am Flussufer<\/h3><\/div><div class=\"fusion-text fusion-text-4\"><p style=\"text-align: center;\"><strong>13 Stellpl\u00e4tze von 110 bis 250 qm<\/strong><br \/>\n(halbschattig oder schattig, nat\u00fcrliche Abtrennung, direkter Zugang zum Fluss \u00fcber die Promenade)<\/p>\n<\/div><div class=\"fusion-sep-clear\"><\/div><div class=\"fusion-separator fusion-full-width-sep\" style=\"margin-left: auto;margin-right: auto;margin-top:10px;width:100%;\"><\/div><div class=\"fusion-sep-clear\"><\/div><div class=\"imageframe-align-center\"><span class=\" fusion-imageframe imageframe-none imageframe-1 hover-type-none\"><a class=\"fusion-no-lightbox\" href=\"\/de\/stellplatz-camping-ardeche\/am-flussufer\/\" target=\"_self\" aria-label=\"Stellpl\u00e4tze am Flussufer\"><img decoding=\"async\" width=\"450\" height=\"330\" alt=\"Stellpl\u00e4tze am Flussufer\" src=\"https:\/\/www.village-nature-zen.com\/wp-content\/uploads\/emplacement-cote-riviere-liste-450x330.jpg\" class=\"img-responsive wp-image-3420\"\/><\/a><\/span><\/div><div class=\"fusion-aligncenter\"><style>.fusion-button.button-1{border-radius:0px 0px 0px 0px;}<\/style><a class=\"fusion-button button-flat fusion-button-default-size button-default button-1 fusion-button-default-span fusion-button-default-type plusdinfos\" target=\"_self\" href=\"\/de\/stellplatz-camping-ardeche\/am-flussufer\/\"><span class=\"fusion-button-text\">Ich w\u00e4hle meine Stellpl\u00e4tze<\/span><\/a><\/div><div class=\"fusion-clearfix\"><\/div><\/div><\/div><div class=\"fusion-layout-column fusion_builder_column fusion-builder-column-3 fusion_builder_column_1_4 1_4 fusion-one-fourth fusion-column-last bloc-menu-page-parent galerie\" style=\"width:25%;width:calc(25% - ( ( 30px + 30px ) * 0.25 ) );margin-top:0px;margin-bottom:20px;\"><div class=\"fusion-column-wrapper fusion-flex-column-wrapper-legacy\" style=\"background-position:left top;background-repeat:no-repeat;-webkit-background-size:cover;-moz-background-size:cover;-o-background-size:cover;background-size:cover;padding: 0px 0px 0px 0px;\"><style type=\"text\/css\"><\/style><div class=\"fusion-title title fusion-title-5 fusion-sep-none fusion-title-center fusion-title-text fusion-title-size-three\" style=\"margin-top:0px;margin-right:0px;margin-bottom:31px;margin-left:0px;\"><h3 class=\"title-heading-center\" style=\"margin:0;\">Naturstellpl\u00e4tze<\/h3><\/div><div class=\"fusion-text fusion-text-5\"><p style=\"text-align: center;\"><strong>28 Stellpl\u00e4tze von 110 bis 230 qm<\/strong><br \/>\n(halbschattig oder sonniger, durch Strauche oder nat\u00fcrliche Grenzen begrenzt)<\/p>\n<\/div><div class=\"fusion-sep-clear\"><\/div><div class=\"fusion-separator fusion-full-width-sep\" style=\"margin-left: auto;margin-right: auto;margin-top:10px;width:100%;\"><\/div><div class=\"fusion-sep-clear\"><\/div><div class=\"imageframe-align-center\"><span class=\" fusion-imageframe imageframe-none imageframe-2 hover-type-none\"><a class=\"fusion-no-lightbox\" href=\"\/de\/stellplatz-camping-ardeche\/naturstellplatze\/\" target=\"_self\" aria-label=\"Die Stellpl\u00e4tze des Campingplatzes\"><img decoding=\"async\" width=\"450\" height=\"330\" alt=\"Die Stellpl\u00e4tze des Campingplatzes\" src=\"https:\/\/www.village-nature-zen.com\/wp-content\/uploads\/emplacement-3-450x330.jpg\" class=\"img-responsive wp-image-1860\"\/><\/a><\/span><\/div><div class=\"fusion-aligncenter\"><style>.fusion-button.button-2{border-radius:0px 0px 0px 0px;}<\/style><a class=\"fusion-button button-flat fusion-button-default-size button-default button-2 fusion-button-default-span fusion-button-default-type plusdinfos\" target=\"_self\" href=\"\/de\/stellplatz-camping-ardeche\/naturstellplatze\/\"><span class=\"fusion-button-text\">Ich w\u00e4hle meine Stellpl\u00e4tze<\/span><\/a><\/div><div class=\"fusion-clearfix\"><\/div><\/div><\/div><div class=\"fusion-layout-column fusion_builder_column fusion-builder-column-4 fusion_builder_column_1_1 1_1 fusion-one-full fusion-column-first fusion-column-last\" style=\"margin-top:0px;margin-bottom:0px;\"><div class=\"fusion-column-wrapper fusion-flex-column-wrapper-legacy\" style=\"background-position:left top;background-repeat:no-repeat;-webkit-background-size:cover;-moz-background-size:cover;-o-background-size:cover;background-size:cover;padding: 0px 0px 0px 0px;\"><div class=\"fusion-sep-clear\"><\/div><div class=\"fusion-separator fusion-full-width-sep\" style=\"margin-left: auto;margin-right: auto;margin-top:30px;width:100%;\"><\/div><div class=\"fusion-sep-clear\"><\/div><style type=\"text\/css\"><\/style><div class=\"fusion-title title fusion-title-6 fusion-sep-none fusion-title-center fusion-title-text fusion-title-size-three\" style=\"margin-top:0px;margin-right:0px;margin-bottom:20px;margin-left:0px;\"><h3 class=\"title-heading-center\" style=\"margin:0;\">Entdecken Sie in einem Handumdrehen unsere anderen Unterk\u00fcnfte in der Ard\u00e8che<\/h3><\/div>\t\t\t<style>\n            ul#menu-locations-de { list-style: none; padding-left: 0; text-align: center; }\n\t\t\tul#menu-locations-de li { display: inline-block; margin: 20px 5px 0px 5px; min-width: 95%; background: #2092a0; padding: 0px; }\n\t\t\t@media screen and (min-width: 610px) { ul#menu-locations-de li { min-width: calc(50% - 15px); } }\n\t\t\t@media screen and (min-width: 800px) { ul#menu-locations-de li { min-width: calc(40% - 15px); } }\n\t\t\t@media screen and (min-width: 990px) { ul#menu-locations-de li { min-width: calc(30% - 15px); } }\n\t\t\t@media screen and (min-width: 1380px) { ul#menu-locations-de li { min-width: calc(20% - 15px); } }\n\t\t\tul#menu-locations-de li.current-menu-item { display:none; background:#3fb6c5; box-shadow: inset 0 3px 5px rgba(0,0,0,.125); }\n\t\t\tul#menu-locations-de li a { text-align: left; width: 100%; display: inline-block; color: #fff; padding: 10px 15px 10px 95px; position: relative; line-height: 1; }\n\t\t\tul#menu-locations-de li a:hover { background:#3fb6c5; }\n\t\t\tul#menu-locations-de li a:after { display: inline-block; content: \" \"; position: absolute; top: -5px; bottom: -5px; left: 78px; width: 1px; background:#fff }\n\t\t\tul#menu-locations-de li a:before { display: inline-block; content: \" \"; position: absolute; top: -5px; bottom: -5px; left: 0; width: 76px; border: 1px solid #3fb6c5; padding: 0px; }\n\t\t\tul#menu-locations-de li.emplacement a:before { background:url(\/wp-content\/uploads\/mini-emplacement.jpg?v2) }\n\t\t\tul#menu-locations-de li.emplacementriviere a:before { background:url(\/wp-content\/uploads\/mini-emplacement-cote-riviere.jpg?v2) }\n\t\t\tul#menu-locations-de li.emplacementnature a:before { background:url(\/wp-content\/uploads\/mini-emplacement-grandeur-nature.jpg?v2) }\n\t\t\tul#menu-locations-de li.loggia a:before { background:url(\/wp-content\/uploads\/mini-loggia.jpg?v2) }\n\t\t\tul#menu-locations-de li.standard a:before { background:url(\/wp-content\/uploads\/mini-standard.jpg?v2) }\n\t\t\tul#menu-locations-de li.confort a:before { background:url(\/wp-content\/uploads\/mini-confort.jpg?v2) }\n\t\t\tul#menu-locations-de li.trekduo a:before { background:url(\/wp-content\/uploads\/mini-tente-trek-duo.jpg?v2) }\n\t\t\tul#menu-locations-de li.ecolodge a:before { background:url(\/wp-content\/uploads\/mini-ecolodge.jpg?v2) }\n\t\t\tul#menu-locations-de li.canada a:before { background:url(\/wp-content\/uploads\/mini-canada-02.jpg?v2) }\n\t\t\tul#menu-locations-de li.yourtecocoon a:before { background:url(\/wp-content\/uploads\/mini-yourtecocoon-02.jpg) }\n\t\t\tul#menu-locations-de li.yourtefamilyzen a:before { background:url(\/wp-content\/uploads\/mini-family-zen.jpg) }\n            <\/style>\n\t\t\t<div class=\"menu-locations-de-container\"><ul id=\"menu-locations-de\" class=\"menu\"><li id=\"menu-item-5906\" class=\"emplacementriviere menu-item menu-item-type-post_type menu-item-object-page menu-item-5906\"><a href=\"https:\/\/www.village-nature-zen.com\/de\/unterkunfte\/stellplatz-camping-ardeche\/am-flussufer\/\">Am Flussufer<br><small>bis zu 6 Personen<\/small><\/a><\/li>\n<li id=\"menu-item-5905\" class=\"emplacementnature menu-item menu-item-type-post_type menu-item-object-page menu-item-5905\"><a href=\"https:\/\/www.village-nature-zen.com\/de\/unterkunfte\/stellplatz-camping-ardeche\/naturstellplatze\/\">Naturstellpl\u00e4tze<br><small>bis zu 6 Personen<\/small><\/a><\/li>\n<li id=\"menu-item-5907\" class=\"loggia menu-item menu-item-type-post_type menu-item-object-page menu-item-5907\"><a href=\"https:\/\/www.village-nature-zen.com\/de\/unterkunfte\/mobilheime\/loggia-mobilheime\/\">Loggia-Mobilheime<br><small>bis zu 4 Personen<\/small><\/a><\/li>\n<li id=\"menu-item-5908\" class=\"standard menu-item menu-item-type-post_type menu-item-object-page menu-item-5908\"><a href=\"https:\/\/www.village-nature-zen.com\/de\/unterkunfte\/mobilheime\/standard-mobilheime\/\">Standard-Mobilheime<br><small>bis zu 5 Personen<\/small><\/a><\/li>\n<li id=\"menu-item-5909\" class=\"confort menu-item menu-item-type-post_type menu-item-object-page menu-item-5909\"><a href=\"https:\/\/www.village-nature-zen.com\/de\/unterkunfte\/mobilheime\/confort-mobilheime\/\">Confort-Mobilheime<br><small>bis zu 6 Personen<\/small><\/a><\/li>\n<li id=\"menu-item-5910\" class=\"trekduo menu-item menu-item-type-post_type menu-item-object-page menu-item-5910\"><a href=\"https:\/\/www.village-nature-zen.com\/de\/unterkunfte\/ungewoehnliche-lodges\/trek-duo-zelte\/\">Trek Duo Zelte<br><small>bis zu 2 Personen<\/small><\/a><\/li>\n<li id=\"menu-item-5911\" class=\"ecolodge menu-item menu-item-type-post_type menu-item-object-page menu-item-5911\"><a href=\"https:\/\/www.village-nature-zen.com\/de\/unterkunfte\/ungewoehnliche-lodges\/ecolodge-zelte\/\">Ecolodge-Zelte<br><small>bis zu 4 Personen<\/small><\/a><\/li>\n<li id=\"menu-item-5912\" class=\"canada menu-item menu-item-type-post_type menu-item-object-page menu-item-5912\"><a href=\"https:\/\/www.village-nature-zen.com\/de\/unterkunfte\/ungewoehnliche-lodges\/canada-zelte\/\">Canada-Zelte<br><small>bis zu 5 Personen<\/small><\/a><\/li>\n<li id=\"menu-item-7040\" class=\"yourtecocoon menu-item menu-item-type-post_type menu-item-object-page menu-item-7040\"><a href=\"https:\/\/www.village-nature-zen.com\/de\/unterkunfte\/ungewoehnliche-cocoon\/cocoon-duo-jurten\/\">Cocoon Duo-Jurten<br><small>bis zu 2 Personen<\/small><\/a><\/li>\n<li id=\"menu-item-9828\" class=\"yourtefamilyzen menu-item menu-item-type-post_type menu-item-object-page menu-item-9828\"><a href=\"https:\/\/www.village-nature-zen.com\/de\/unterkunfte\/ungewoehnliche-cocoon\/harmonie-jurte\/\">Harmonie-Jurte<br><small>bis zu 4 Personen<\/small><\/a><\/li>\n<\/ul><\/div><div class=\"fusion-clearfix\"><\/div><\/div><\/div><\/div><\/div>\n","protected":false},"excerpt":{"rendered":"","protected":false},"author":1,"featured_media":0,"parent":6953,"menu_order":0,"comment_status":"closed","ping_status":"closed","template":"","meta":{"footnotes":""},"class_list":["post-3028","page","type-page","status-publish","hentry"],"acf":[],"_links":{"self":[{"href":"https:\/\/www.village-nature-zen.com\/de\/wp-json\/wp\/v2\/pages\/3028","targetHints":{"allow":["GET"]}}],"collection":[{"href":"https:\/\/www.village-nature-zen.com\/de\/wp-json\/wp\/v2\/pages"}],"about":[{"href":"https:\/\/www.village-nature-zen.com\/de\/wp-json\/wp\/v2\/types\/page"}],"author":[{"embeddable":true,"href":"https:\/\/www.village-nature-zen.com\/de\/wp-json\/wp\/v2\/users\/1"}],"replies":[{"embeddable":true,"href":"https:\/\/www.village-nature-zen.com\/de\/wp-json\/wp\/v2\/comments?post=3028"}],"version-history":[{"count":11,"href":"https:\/\/www.village-nature-zen.com\/de\/wp-json\/wp\/v2\/pages\/3028\/revisions"}],"predecessor-version":[{"id":12340,"href":"https:\/\/www.village-nature-zen.com\/de\/wp-json\/wp\/v2\/pages\/3028\/revisions\/12340"}],"up":[{"embeddable":true,"href":"https:\/\/www.village-nature-zen.com\/de\/wp-json\/wp\/v2\/pages\/6953"}],"wp:attachment":[{"href":"https:\/\/www.village-nature-zen.com\/de\/wp-json\/wp\/v2\/media?parent=3028"}],"curies":[{"name":"wp","href":"https:\/\/api.w.org\/{rel}","templated":true}]}}