{"id":1953,"date":"2020-01-02T10:02:48","date_gmt":"2020-01-02T09:02:48","guid":{"rendered":"https:\/\/www.village-nature-zen.com\/mobil-homes\/"},"modified":"2025-09-19T15:05:42","modified_gmt":"2025-09-19T13:05:42","slug":"mobilheime","status":"publish","type":"page","link":"https:\/\/www.village-nature-zen.com\/de\/unterkunfte\/mobilheime\/","title":{"rendered":"Mobilheime"},"content":{"rendered":"<p><div class=\"fusion-fullwidth fullwidth-box fusion-builder-row-1 nonhundred-percent-fullwidth non-hundred-percent-height-scrolling\" style=\"background-color: rgba(255,255,255,0);background-position: center center;background-repeat: no-repeat;padding-top:0px;padding-right:0px;padding-bottom:0px;padding-left:0px;margin-bottom: 0px;margin-top: 0px;border-width: 0px 0px 0px 0px;border-color:#eae9e9;border-style:solid;\" ><div class=\"fusion-builder-row fusion-row\"><div class=\"fusion-layout-column fusion_builder_column fusion-builder-column-0 fusion_builder_column_1_1 1_1 fusion-one-full fusion-column-first fusion-column-last\" style=\"margin-top:0px;margin-bottom:20px;\"><div class=\"fusion-column-wrapper fusion-flex-column-wrapper-legacy\" style=\"background-position:left top;background-repeat:no-repeat;-webkit-background-size:cover;-moz-background-size:cover;-o-background-size:cover;background-size:cover;padding: 0px 0px 0px 0px;\"><style type=\"text\/css\"><\/style><div class=\"fusion-title title fusion-title-1 fusion-sep-none fusion-title-center fusion-title-text fusion-title-size-two\" style=\"margin-top:0px;margin-right:0px;margin-bottom:31px;margin-left:0px;\"><h2 class=\"title-heading-center\" style=\"margin:0;\">Vermietung von Mobilheimen in der Ard\u00e8che<span class=\"stitle\">12 Mobilheime, 3 Typen (2 oder 3 Zimmer f\u00fcr 4 bis 6 Personen)<\/span><\/h2><\/div><div class=\"fusion-text fusion-text-1\"><p style=\"text-align: center;\">Sie m\u00f6chten Ihren n\u00e4chsten Urlaub in der Ard\u00e8che verbringen, aber Sie bevorzugen mehr <strong>Komfort<\/strong>, <strong>Ungest\u00f6rtheit<\/strong>, <strong>Ausstattung<\/strong> oder <strong>Ruhe<\/strong> angesichts der Unw\u00e4gbarkeiten des Wetters?<\/p>\n<p style=\"text-align: center;\">Der <span style=\"font-weight: 400;\">Village<\/span> <span style=\"font-weight: 400;\">Nature Zen &#8211; 3-Sterne-Campingplatz<\/span>\u00a0bietet Ihnen <strong>verschiedene Arten<\/strong> von rezenten Wohnmobilen mit variabler Fl\u00e4che (<strong>2 oder 3 Schlafzimmer<\/strong>) zur Miete an. Die Wohnmobile sind auf ger\u00e4umigen Parzellen aufgestellt in der s\u00fcdlichen Ard\u00e8che. Sie k\u00f6nnen je nach Modell <strong>4 bis 6 Personen<\/strong> aufnehmen und sind an Ihre Familien- oder Freundenzusammensetzung angepasst.<br \/>\nOb Sie ein Mobilheim wochenweise (ausschlie\u00dflich im Sommer) oder f\u00fcr ein <strong>Wochenende oder einen Kurzaufenthalt<\/strong> (min. 2 N\u00e4chte) mieten m\u00f6chten, wir werden Ihre W\u00fcnsche in Anspruch nehmen, um Ihre Erwartungen bestm\u00f6glich zu erf\u00fcllen.<\/p>\n<\/div><div class=\"fusion-clearfix\"><\/div><\/div><\/div><div class=\"fusion-layout-column fusion_builder_column fusion-builder-column-1 fusion_builder_column_1_4 1_4 fusion-one-fourth fusion-column-first\" style=\"width:25%;width:calc(25% - ( ( 30px + 30px + 30px ) * 0.25 ) );margin-right: 30px;margin-top:0px;margin-bottom:20px;\"><div class=\"fusion-column-wrapper fusion-flex-column-wrapper-legacy\" style=\"background-position:left top;background-repeat:no-repeat;-webkit-background-size:cover;-moz-background-size:cover;-o-background-size:cover;background-size:cover;padding: 60px 0px 0px 0px;\"><div class=\"fusion-text fusion-text-2\"><p>Die Mobilheime sind <strong>alle<\/strong> mit Stauraum, Elektroheizung, Geschirr und K\u00fcchenutensilien, Mikrowelle, Kaffeemaschine und K\u00fchlschrank mit Gefrierfach <strong>ausgestattet<\/strong>.<\/p>\n<p>Die Schlafzimmer sind alle mit Kissen und Bettdecken ausgestattet. <strong>Bettw\u00e4sche<\/strong> und Handt\u00fccher werden in den Mietobjekten <strong>nicht zur Verf\u00fcgung<\/strong> gestellt. Sie k\u00f6nnen Einweglaken mieten, falls Sie sie vergessen haben.<\/p>\n<p>Die <strong>Terrassen<\/strong> aller Mobilheime sind, je nach Modell, halb oder ganz <strong>\u00fcberdacht<\/strong>.<\/p>\n<p>Die kompletten <strong>Gartenm\u00f6bel <\/strong>erm\u00f6glichen es Ihnen, sich zum Essen im Freien niederzulassen und sich im Liegestuhl oder in der H\u00e4ngematte (auf einigen Stellpl\u00e4tzen m\u00f6glich) auszuruhen.<\/p>\n<\/div><div class=\"fusion-clearfix\"><\/div><\/div><\/div><div class=\"fusion-layout-column fusion_builder_column fusion-builder-column-2 fusion_builder_column_1_4 1_4 fusion-one-fourth bloc-menu-page-parent galerie\" style=\"width:25%;width:calc(25% - ( ( 30px + 30px + 30px ) * 0.25 ) );margin-right: 30px;margin-top:0px;margin-bottom:20px;\"><div class=\"fusion-column-wrapper fusion-flex-column-wrapper-legacy\" style=\"background-position:left top;background-repeat:no-repeat;-webkit-background-size:cover;-moz-background-size:cover;-o-background-size:cover;background-size:cover;padding: 0px 0px 0px 0px;\"><style type=\"text\/css\"><\/style><div class=\"fusion-title title fusion-title-2 fusion-sep-none fusion-title-center fusion-title-text fusion-title-size-three\" style=\"margin-top:0px;margin-right:0px;margin-bottom:31px;margin-left:0px;\"><h3 class=\"title-heading-center\" style=\"margin:0;\">Die Loggia Mobilheime<\/h3><\/div><div class=\"fusion-text fusion-text-3 eh\"><p style=\"text-align: center;\"><strong>2 Zimmer \u2013 4 Personen \u2013 22 qm<\/strong><\/p>\n<\/div><div class=\"fusion-sep-clear\"><\/div><div class=\"fusion-separator fusion-full-width-sep\" style=\"margin-left: auto;margin-right: auto;margin-top:30px;width:100%;\"><\/div><div class=\"fusion-sep-clear\"><\/div><div class=\"imageframe-align-center\"><span class=\" fusion-imageframe imageframe-none imageframe-1 hover-type-none\"><a class=\"fusion-no-lightbox\" href=\"\/de\/mobilheime\/loggia-mobilheime\/\" target=\"_self\" aria-label=\"Loggia-Mobilheim\"><img decoding=\"async\" width=\"450\" height=\"330\" alt=\"Loggia-Mobilheim\" src=\"https:\/\/www.village-nature-zen.com\/wp-content\/uploads\/mh-loggia-liste-450x330.jpg\" class=\"img-responsive wp-image-3388\"\/><\/a><\/span><\/div><div class=\"fusion-aligncenter\"><style>.fusion-button.button-1{border-radius:0px 0px 0px 0px;}<\/style><a class=\"fusion-button button-flat fusion-button-default-size button-default button-1 fusion-button-default-span fusion-button-default-type plusdinfos\" target=\"_self\" href=\"\/de\/mobilheime\/loggia-mobilheime\/\"><span class=\"fusion-button-text\">Ich w\u00e4hle meine Mobilheime<\/span><\/a><\/div><div class=\"fusion-clearfix\"><\/div><\/div><\/div><div class=\"fusion-layout-column fusion_builder_column fusion-builder-column-3 fusion_builder_column_1_4 1_4 fusion-one-fourth bloc-menu-page-parent galerie\" style=\"width:25%;width:calc(25% - ( ( 30px + 30px + 30px ) * 0.25 ) );margin-right: 30px;margin-top:0px;margin-bottom:20px;\"><div class=\"fusion-column-wrapper fusion-flex-column-wrapper-legacy\" style=\"background-position:left top;background-repeat:no-repeat;-webkit-background-size:cover;-moz-background-size:cover;-o-background-size:cover;background-size:cover;padding: 0px 0px 0px 0px;\"><style type=\"text\/css\"><\/style><div class=\"fusion-title title fusion-title-3 fusion-sep-none fusion-title-center fusion-title-text fusion-title-size-three\" style=\"margin-top:0px;margin-right:0px;margin-bottom:31px;margin-left:0px;\"><h3 class=\"title-heading-center\" style=\"margin:0;\">Die Standard Mobilheime<\/h3><\/div><div class=\"fusion-text fusion-text-4 eh\"><p style=\"text-align: center;\"><strong>2 Zimmer \u2013 4\/5 Personen \u2013 27 qm<\/strong><\/p>\n<\/div><div class=\"fusion-sep-clear\"><\/div><div class=\"fusion-separator fusion-full-width-sep\" style=\"margin-left: auto;margin-right: auto;margin-top:30px;width:100%;\"><\/div><div class=\"fusion-sep-clear\"><\/div><div class=\"imageframe-align-center\"><span class=\" fusion-imageframe imageframe-none imageframe-2 hover-type-none\"><a class=\"fusion-no-lightbox\" href=\"\/de\/mobilheime\/standard-mobilheime\/\" target=\"_self\" aria-label=\"Standard-Mobilheim\"><img decoding=\"async\" width=\"450\" height=\"330\" alt=\"Standard-Mobilheim\" src=\"https:\/\/www.village-nature-zen.com\/wp-content\/uploads\/mh-standard-liste-450x330.jpg\" class=\"img-responsive wp-image-3372\"\/><\/a><\/span><\/div><div class=\"fusion-aligncenter\"><style>.fusion-button.button-2{border-radius:0px 0px 0px 0px;}<\/style><a class=\"fusion-button button-flat fusion-button-default-size button-default button-2 fusion-button-default-span fusion-button-default-type plusdinfos\" target=\"_self\" href=\"\/de\/mobilheime\/standard-mobilheime\/\"><span class=\"fusion-button-text\">Ich w\u00e4hle meine Mobilheime<\/span><\/a><\/div><div class=\"fusion-clearfix\"><\/div><\/div><\/div><div class=\"fusion-layout-column fusion_builder_column fusion-builder-column-4 fusion_builder_column_1_4 1_4 fusion-one-fourth fusion-column-last bloc-menu-page-parent galerie\" style=\"width:25%;width:calc(25% - ( ( 30px + 30px + 30px ) * 0.25 ) );margin-top:0px;margin-bottom:20px;\"><div class=\"fusion-column-wrapper fusion-flex-column-wrapper-legacy\" style=\"background-position:left top;background-repeat:no-repeat;-webkit-background-size:cover;-moz-background-size:cover;-o-background-size:cover;background-size:cover;padding: 0px 0px 0px 0px;\"><style type=\"text\/css\"><\/style><div class=\"fusion-title title fusion-title-4 fusion-sep-none fusion-title-center fusion-title-text fusion-title-size-three\" style=\"margin-top:0px;margin-right:0px;margin-bottom:31px;margin-left:0px;\"><h3 class=\"title-heading-center\" style=\"margin:0;\">Die Confort Mobilheime<\/h3><\/div><div class=\"fusion-text fusion-text-5 eh\"><p style=\"text-align: center;\"><strong>3 Zimmer \u2013 6 Personen \u2013 30 qm<\/strong><\/p>\n<\/div><div class=\"fusion-sep-clear\"><\/div><div class=\"fusion-separator fusion-full-width-sep\" style=\"margin-left: auto;margin-right: auto;margin-top:30px;width:100%;\"><\/div><div class=\"fusion-sep-clear\"><\/div><div class=\"imageframe-align-center\"><span class=\" fusion-imageframe imageframe-none imageframe-3 hover-type-none\"><a class=\"fusion-no-lightbox\" href=\"\/de\/mobilheime\/confort-mobilheime\/\" target=\"_self\" aria-label=\"Confort-Mobilheim\"><img decoding=\"async\" width=\"450\" height=\"330\" alt=\"Confort-Mobilheim\" src=\"https:\/\/www.village-nature-zen.com\/wp-content\/uploads\/mh-confort-liste-450x330.jpg\" class=\"img-responsive wp-image-3384\"\/><\/a><\/span><\/div><div class=\"fusion-aligncenter\"><style>.fusion-button.button-3{border-radius:0px 0px 0px 0px;}<\/style><a class=\"fusion-button button-flat fusion-button-default-size button-default button-3 fusion-button-default-span fusion-button-default-type plusdinfos\" target=\"_self\" href=\"\/de\/mobilheime\/confort-mobilheime\/ \"><span class=\"fusion-button-text\">Ich w\u00e4hle meine Mobilheime<\/span><\/a><\/div><div class=\"fusion-clearfix\"><\/div><\/div><\/div><\/div><\/div><div class=\"fusion-fullwidth fullwidth-box fusion-builder-row-2 fusion-flex-container nonhundred-percent-fullwidth non-hundred-percent-height-scrolling\" style=\"background-color: rgba(255,255,255,0);background-position: center center;background-repeat: no-repeat;border-width: 0px 0px 0px 0px;border-color:#eae9e9;border-style:solid;\" ><div class=\"fusion-builder-row fusion-row fusion-flex-align-items-flex-start\" style=\"max-width:1456px;margin-left: calc(-4% \/ 2 );margin-right: calc(-4% \/ 2 );\"><div class=\"fusion-layout-column fusion_builder_column fusion-builder-column-5 fusion_builder_column_1_1 1_1 fusion-flex-column\"><div class=\"fusion-column-wrapper fusion-flex-justify-content-flex-start fusion-content-layout-column\" style=\"background-position:left top;background-repeat:no-repeat;-webkit-background-size:cover;-moz-background-size:cover;-o-background-size:cover;background-size:cover;padding: 0px 0px 0px 0px;\"><div class=\"fusion-separator fusion-full-width-sep\" style=\"align-self: center;margin-left: auto;margin-right: auto;margin-top:30px;width:100%;\"><\/div><style type=\"text\/css\">@media only screen and (max-width:1024px) {.fusion-title.fusion-title-5{margin-top:0px!important; margin-right:0px!important;margin-bottom:31px!important;margin-left:0px!important;}}@media only screen and (max-width:640px) {.fusion-title.fusion-title-5{margin-top:0px!important; margin-right:0px!important;margin-bottom:20px!important; margin-left:0px!important;}}<\/style><div class=\"fusion-title title fusion-title-5 fusion-sep-none fusion-title-center fusion-title-text fusion-title-size-three\" style=\"margin-top:0px;margin-right:0px;margin-bottom:31px;margin-left:0px;\"><h3 class=\"title-heading-center\" style=\"margin:0;\">Entdecken Sie in einem Handumdrehen unsere anderen Unterk\u00fcnfte in der Ard\u00e8che<\/h3><\/div>\t\t\t<style>\n            ul#menu-locations-de { list-style: none; padding-left: 0; text-align: center; }\n\t\t\tul#menu-locations-de li { display: inline-block; margin: 20px 5px 0px 5px; min-width: 95%; background: #2092a0; padding: 0px; }\n\t\t\t@media screen and (min-width: 610px) { ul#menu-locations-de li { min-width: calc(50% - 15px); } }\n\t\t\t@media screen and (min-width: 800px) { ul#menu-locations-de li { min-width: calc(40% - 15px); } }\n\t\t\t@media screen and (min-width: 990px) { ul#menu-locations-de li { min-width: calc(30% - 15px); } }\n\t\t\t@media screen and (min-width: 1380px) { ul#menu-locations-de li { min-width: calc(20% - 15px); } }\n\t\t\tul#menu-locations-de li.current-menu-item { display:none; background:#3fb6c5; box-shadow: inset 0 3px 5px rgba(0,0,0,.125); }\n\t\t\tul#menu-locations-de li a { text-align: left; width: 100%; display: inline-block; color: #fff; padding: 10px 15px 10px 95px; position: relative; line-height: 1; }\n\t\t\tul#menu-locations-de li a:hover { background:#3fb6c5; }\n\t\t\tul#menu-locations-de li a:after { display: inline-block; content: \" \"; position: absolute; top: -5px; bottom: -5px; left: 78px; width: 1px; background:#fff }\n\t\t\tul#menu-locations-de li a:before { display: inline-block; content: \" \"; position: absolute; top: -5px; bottom: -5px; left: 0; width: 76px; border: 1px solid #3fb6c5; padding: 0px; }\n\t\t\tul#menu-locations-de li.emplacement a:before { background:url(\/wp-content\/uploads\/mini-emplacement.jpg?v2) }\n\t\t\tul#menu-locations-de li.emplacementriviere a:before { background:url(\/wp-content\/uploads\/mini-emplacement-cote-riviere.jpg?v2) }\n\t\t\tul#menu-locations-de li.emplacementnature a:before { background:url(\/wp-content\/uploads\/mini-emplacement-grandeur-nature.jpg?v2) }\n\t\t\tul#menu-locations-de li.loggia a:before { background:url(\/wp-content\/uploads\/mini-loggia.jpg?v2) }\n\t\t\tul#menu-locations-de li.standard a:before { background:url(\/wp-content\/uploads\/mini-standard.jpg?v2) }\n\t\t\tul#menu-locations-de li.confort a:before { background:url(\/wp-content\/uploads\/mini-confort.jpg?v2) }\n\t\t\tul#menu-locations-de li.trekduo a:before { background:url(\/wp-content\/uploads\/mini-tente-trek-duo.jpg?v2) }\n\t\t\tul#menu-locations-de li.ecolodge a:before { background:url(\/wp-content\/uploads\/mini-ecolodge.jpg?v2) }\n\t\t\tul#menu-locations-de li.canada a:before { background:url(\/wp-content\/uploads\/mini-canada-02.jpg?v2) }\n\t\t\tul#menu-locations-de li.yourtecocoon a:before { background:url(\/wp-content\/uploads\/mini-yourtecocoon-02.jpg) }\n\t\t\tul#menu-locations-de li.yourtefamilyzen a:before { background:url(\/wp-content\/uploads\/mini-family-zen.jpg) }\n            <\/style>\n\t\t\t<div class=\"menu-locations-de-container\"><ul id=\"menu-locations-de\" class=\"menu\"><li id=\"menu-item-5906\" class=\"emplacementriviere menu-item menu-item-type-post_type menu-item-object-page menu-item-5906\"><a href=\"https:\/\/www.village-nature-zen.com\/de\/unterkunfte\/stellplatz-camping-ardeche\/am-flussufer\/\">Am Flussufer<br><small>bis zu 6 Personen<\/small><\/a><\/li>\n<li id=\"menu-item-5905\" class=\"emplacementnature menu-item menu-item-type-post_type menu-item-object-page menu-item-5905\"><a href=\"https:\/\/www.village-nature-zen.com\/de\/unterkunfte\/stellplatz-camping-ardeche\/naturstellplatze\/\">Naturstellpl\u00e4tze<br><small>bis zu 6 Personen<\/small><\/a><\/li>\n<li id=\"menu-item-5907\" class=\"loggia menu-item menu-item-type-post_type menu-item-object-page menu-item-5907\"><a href=\"https:\/\/www.village-nature-zen.com\/de\/unterkunfte\/mobilheime\/loggia-mobilheime\/\">Loggia-Mobilheime<br><small>bis zu 4 Personen<\/small><\/a><\/li>\n<li id=\"menu-item-5908\" class=\"standard menu-item menu-item-type-post_type menu-item-object-page menu-item-5908\"><a href=\"https:\/\/www.village-nature-zen.com\/de\/unterkunfte\/mobilheime\/standard-mobilheime\/\">Standard-Mobilheime<br><small>bis zu 5 Personen<\/small><\/a><\/li>\n<li id=\"menu-item-5909\" class=\"confort menu-item menu-item-type-post_type menu-item-object-page menu-item-5909\"><a href=\"https:\/\/www.village-nature-zen.com\/de\/unterkunfte\/mobilheime\/confort-mobilheime\/\">Confort-Mobilheime<br><small>bis zu 6 Personen<\/small><\/a><\/li>\n<li id=\"menu-item-5910\" class=\"trekduo menu-item menu-item-type-post_type menu-item-object-page menu-item-5910\"><a href=\"https:\/\/www.village-nature-zen.com\/de\/unterkunfte\/ungewoehnliche-lodges\/trek-duo-zelte\/\">Trek Duo Zelte<br><small>bis zu 2 Personen<\/small><\/a><\/li>\n<li id=\"menu-item-5911\" class=\"ecolodge menu-item menu-item-type-post_type menu-item-object-page menu-item-5911\"><a href=\"https:\/\/www.village-nature-zen.com\/de\/unterkunfte\/ungewoehnliche-lodges\/ecolodge-zelte\/\">Ecolodge-Zelte<br><small>bis zu 4 Personen<\/small><\/a><\/li>\n<li id=\"menu-item-5912\" class=\"canada menu-item menu-item-type-post_type menu-item-object-page menu-item-5912\"><a href=\"https:\/\/www.village-nature-zen.com\/de\/unterkunfte\/ungewoehnliche-lodges\/canada-zelte\/\">Canada-Zelte<br><small>bis zu 5 Personen<\/small><\/a><\/li>\n<li id=\"menu-item-7040\" class=\"yourtecocoon menu-item menu-item-type-post_type menu-item-object-page menu-item-7040\"><a href=\"https:\/\/www.village-nature-zen.com\/de\/unterkunfte\/ungewoehnliche-cocoon\/cocoon-duo-jurten\/\">Cocoon Duo-Jurten<br><small>bis zu 2 Personen<\/small><\/a><\/li>\n<li id=\"menu-item-9828\" class=\"yourtefamilyzen menu-item menu-item-type-post_type menu-item-object-page menu-item-9828\"><a href=\"https:\/\/www.village-nature-zen.com\/de\/unterkunfte\/ungewoehnliche-cocoon\/harmonie-jurte\/\">Harmonie-Jurte<br><small>bis zu 4 Personen<\/small><\/a><\/li>\n<\/ul><\/div><\/div><style type=\"text\/css\">.fusion-body .fusion-builder-column-5{width:100% !important;margin-top : 0px;margin-bottom : 20px;}.fusion-builder-column-5 > .fusion-column-wrapper {padding-top : 0px !important;padding-right : 0px !important;margin-right : 1.92%;padding-bottom : 0px !important;padding-left : 0px !important;margin-left : 1.92%;}@media only screen and (max-width:1024px) {.fusion-body .fusion-builder-column-5{width:100% !important;order : 0;}.fusion-builder-column-5 > .fusion-column-wrapper {margin-right : 1.92%;margin-left : 1.92%;}}@media only screen and (max-width:640px) {.fusion-body .fusion-builder-column-5{width:100% !important;order : 0;}.fusion-builder-column-5 > .fusion-column-wrapper {margin-right : 1.92%;margin-left : 1.92%;}}<\/style><\/div><\/div><style type=\"text\/css\">.fusion-body .fusion-flex-container.fusion-builder-row-2{ padding-top : 0px;margin-top : 0px;padding-right : 0px;padding-bottom : 0px;margin-bottom : 0px;padding-left : 0px;}<\/style><\/div><\/p>\n","protected":false},"excerpt":{"rendered":"","protected":false},"author":1,"featured_media":0,"parent":6953,"menu_order":0,"comment_status":"closed","ping_status":"closed","template":"","meta":{"footnotes":""},"class_list":["post-1953","page","type-page","status-publish","hentry"],"acf":[],"_links":{"self":[{"href":"https:\/\/www.village-nature-zen.com\/de\/wp-json\/wp\/v2\/pages\/1953","targetHints":{"allow":["GET"]}}],"collection":[{"href":"https:\/\/www.village-nature-zen.com\/de\/wp-json\/wp\/v2\/pages"}],"about":[{"href":"https:\/\/www.village-nature-zen.com\/de\/wp-json\/wp\/v2\/types\/page"}],"author":[{"embeddable":true,"href":"https:\/\/www.village-nature-zen.com\/de\/wp-json\/wp\/v2\/users\/1"}],"replies":[{"embeddable":true,"href":"https:\/\/www.village-nature-zen.com\/de\/wp-json\/wp\/v2\/comments?post=1953"}],"version-history":[{"count":11,"href":"https:\/\/www.village-nature-zen.com\/de\/wp-json\/wp\/v2\/pages\/1953\/revisions"}],"predecessor-version":[{"id":11073,"href":"https:\/\/www.village-nature-zen.com\/de\/wp-json\/wp\/v2\/pages\/1953\/revisions\/11073"}],"up":[{"embeddable":true,"href":"https:\/\/www.village-nature-zen.com\/de\/wp-json\/wp\/v2\/pages\/6953"}],"wp:attachment":[{"href":"https:\/\/www.village-nature-zen.com\/de\/wp-json\/wp\/v2\/media?parent=1953"}],"curies":[{"name":"wp","href":"https:\/\/api.w.org\/{rel}","templated":true}]}}